{"id":5033,"date":"2023-03-31T17:29:45","date_gmt":"2023-03-31T15:29:47","guid":{"rendered":"https:\/\/www.topkodas.lt\/?post_type=product&#038;p=5033"},"modified":"2023-04-02T19:55:23","modified_gmt":"2023-04-02T17:55:23","slug":"ibutton-key-with-black-fob","status":"publish","type":"product","link":"https:\/\/topkodas.com\/lt\/product\/ibutton-key-with-black-fob\/","title":{"rendered":"iButton raktas su juodu laikikliu"},"content":{"rendered":"<p>iButton DS1990A yra magnetinis raktas su unikaliu identifikavimo kodu, skirtas ilgalaik\u0117ms apsaugos ir identifikavimo sistemoms valdyti, ypa\u010d sud\u0117tingomis s\u0105lygomis. D\u0117l specialios konstrukcijos \u0161is raktas gali atlaikyti temperat\u016br\u0105 nuo -40 iki +70 \u00b0C, yra atsparus purvui, kar\u0161\u010diui ir stipriems sm\u016bgiams, nes yra pagamintas i\u0161 plieno ir nikelio lydinio ir gamykli\u0161kai u\u017eplombuotas. Kiekvienas &#8222;iButton&#8221; raktas turi unikal\u0173 gamykloje \u012fdiegt\u0105 64 bit\u0173 kod\u0105.<br \/>\nPats raktas veikia prid\u0117jus j\u012f prie skaitytuvo, tada rakte esanti mikroschema perduoda duomenis 1-Wire protokolu ir taip yra atpa\u017e\u012fstama, o kadangi signalas naudoja tik 1 keli\u0105, \u0161is metodas yra labai patikimas.<\/p>\n<h3>Technin\u0117s specifikacijos ir funkcijos<\/h3>\n<ul>\n<li>iButton su lustu DS1990A-F5<\/li>\n<li>Unikalus, nekei\u010diamas 64 bit\u0173 ID kodas<\/li>\n<li>Duomen\u0173 perdavimo sparta: iki 16,3 kbps.<\/li>\n<li>Standartinis 16 mm skersmuo ir 1-Wire protokolas u\u017etikrina suderinamum\u0105 su kitais prietaisais.<\/li>\n<li>Pagamintas i\u0161 ner\u016bdijan\u010diojo plieno ir nikelio lydinio<\/li>\n<li>Patvarus korpusas su i\u0161graviruotu registracijos numeriu atlaiko sud\u0117tingas aplinkos s\u0105lygas, yra atsparus purvui, dr\u0117gmei ir net sm\u016bgiams.<\/li>\n<li>Atlaiko nuo -40 iki + 70 \u00b0C temperat\u016br\u0105<\/li>\n<\/ul>\n<h3>Taikymas<\/h3>\n<ul>\n<li>Apsaugos sistemos<\/li>\n<li>Elektronin\u0117s dur\u0173 spynos<\/li>\n<li>Vartai<\/li>\n<\/ul>\n","protected":false},"excerpt":{"rendered":"<p>\u0160\u012f iButton rakt\u0105 sudaro DS1990A+F5 iButton ir juodas plastikinis laikiklis. Raktas i\u0161 anksto sumontuotas su juodu plastikiniu laikikliu.<\/p>\n<h3>Savyb\u0117s<\/h3>\n<ul>\n<li>Unikalus gamyklinis 64 bit\u0173 registracijos numeris<\/li>\n<li>Perskaitomas grei\u010diau nei per 5 ms<\/li>\n<li>Patvarus ner\u016bdijan\u010diojo plieno korpusas, tinkamas naudoti at\u0161iaurioje aplinkoje<\/li>\n<li>Standartin\u0117 versija pateikiama su juodu laikikliu<\/li>\n<\/ul>\n<h3>Taikymas<\/h3>\n<ul>\n<li>\u012eeigos kontrol\u0117s sistema<\/li>\n<li>Tinka su TOPKODAS produktais: PROGATE, GTM1, GTCOM2, GTalarm3<\/li>\n<\/ul>\n","protected":false},"featured_media":5025,"comment_status":"open","ping_status":"closed","template":"","meta":{"_acf_changed":false,"inline_featured_image":false},"product_brand":[],"product_cat":[1048],"product_tag":[1050,1053,1052,1049,1054,1051],"class_list":{"0":"post-5033","1":"product","2":"type-product","3":"status-publish","4":"has-post-thumbnail","6":"product_cat-ibutton","7":"product_tag-ds1990a-f5-lt","8":"product_tag-ds9092-lt","9":"product_tag-ds9092l-lt","10":"product_tag-ibutton-lt","11":"product_tag-ibutton-tag-lt","12":"product_tag-touch-memory-ibutton-lt","14":"first","15":"instock","16":"shipping-taxable","17":"purchasable","18":"product-type-simple"},"acf":[],"yoast_head":"<!-- This site is optimized with the Yoast SEO Premium plugin v25.0 (Yoast SEO v27.1.1) - https:\/\/yoast.com\/product\/yoast-seo-premium-wordpress\/ -->\n<title>iButton raktas su juodu laikikliu - TOPKODAS iButton probe<\/title>\n<meta name=\"description\" content=\"iButton rakt\u0105 sudaro iButton DS1990A+F5 ir juodas plastikinis laikiklis. Raktas i\u0161 anksto sumontuotas su juodu plastikiniu laikikliu\" \/>\n<meta name=\"robots\" content=\"index, follow, max-snippet:-1, max-image-preview:large, max-video-preview:-1\" \/>\n<link rel=\"canonical\" href=\"https:\/\/topkodas.com\/lt\/product\/ibutton-key-with-black-fob\/\" \/>\n<meta property=\"og:locale\" content=\"lt_LT\" \/>\n<meta property=\"og:type\" content=\"article\" \/>\n<meta property=\"og:title\" content=\"iButton raktas su juodu laikikliu\" \/>\n<meta property=\"og:description\" content=\"iButton rakt\u0105 sudaro iButton DS1990A+F5 ir juodas plastikinis laikiklis. Raktas i\u0161 anksto sumontuotas su juodu plastikiniu laikikliu\" \/>\n<meta property=\"og:url\" content=\"https:\/\/topkodas.com\/lt\/product\/ibutton-key-with-black-fob\/\" \/>\n<meta property=\"og:site_name\" content=\"TOPKODAS\" \/>\n<meta property=\"article:publisher\" content=\"https:\/\/www.facebook.com\/topkodas\/\" \/>\n<meta property=\"article:modified_time\" content=\"2023-04-02T17:55:23+00:00\" \/>\n<meta property=\"og:image\" content=\"https:\/\/topkodas.com\/wp-content\/uploads\/2020\/04\/GTalarm2.png\" \/>\n\t<meta property=\"og:image:width\" content=\"1120\" \/>\n\t<meta property=\"og:image:height\" content=\"1107\" \/>\n\t<meta property=\"og:image:type\" content=\"image\/png\" \/>\n<meta name=\"twitter:card\" content=\"summary_large_image\" \/>\n<meta name=\"twitter:site\" content=\"@topkodas\" \/>\n<meta name=\"twitter:label1\" content=\"Price\" \/>\n\t<meta name=\"twitter:data1\" content=\"&euro;1.90\" \/>\n\t<meta name=\"twitter:label2\" content=\"Availability\" \/>\n\t<meta name=\"twitter:data2\" content=\"In stock\" \/>\n<script type=\"application\/ld+json\" class=\"yoast-schema-graph\">{\"@context\":\"https:\/\/schema.org\",\"@graph\":[{\"@type\":\"WebPage\",\"@id\":\"https:\/\/topkodas.com\/lt\/product\/ibutton-key-with-black-fob\/\",\"url\":\"https:\/\/topkodas.com\/lt\/product\/ibutton-key-with-black-fob\/\",\"name\":\"iButton raktas su juodu laikikliu - TOPKODAS iButton probe\",\"isPartOf\":{\"@id\":\"https:\/\/topkodas.com\/lt\/#website\"},\"primaryImageOfPage\":{\"@id\":\"https:\/\/topkodas.com\/lt\/product\/ibutton-key-with-black-fob\/#primaryimage\"},\"image\":{\"@id\":\"https:\/\/topkodas.com\/lt\/product\/ibutton-key-with-black-fob\/#primaryimage\"},\"thumbnailUrl\":\"https:\/\/topkodas.com\/wp-content\/uploads\/2023\/03\/iButton-2.png\",\"datePublished\":\"2023-03-31T15:29:47+00:00\",\"dateModified\":\"2023-04-02T17:55:23+00:00\",\"description\":\"iButton rakt\u0105 sudaro iButton DS1990A+F5 ir juodas plastikinis laikiklis. Raktas i\u0161 anksto sumontuotas su juodu plastikiniu laikikliu\",\"breadcrumb\":{\"@id\":\"https:\/\/topkodas.com\/lt\/product\/ibutton-key-with-black-fob\/#breadcrumb\"},\"inLanguage\":\"lt-LT\",\"potentialAction\":[{\"@type\":\"ReadAction\",\"target\":[\"https:\/\/topkodas.com\/lt\/product\/ibutton-key-with-black-fob\/\"]}]},{\"@type\":\"ImageObject\",\"inLanguage\":\"lt-LT\",\"@id\":\"https:\/\/topkodas.com\/lt\/product\/ibutton-key-with-black-fob\/#primaryimage\",\"url\":\"https:\/\/topkodas.com\/wp-content\/uploads\/2023\/03\/iButton-2.png\",\"contentUrl\":\"https:\/\/topkodas.com\/wp-content\/uploads\/2023\/03\/iButton-2.png\",\"width\":2290,\"height\":733},{\"@type\":\"BreadcrumbList\",\"@id\":\"https:\/\/topkodas.com\/lt\/product\/ibutton-key-with-black-fob\/#breadcrumb\",\"itemListElement\":[{\"@type\":\"ListItem\",\"position\":1,\"name\":\"Home\",\"item\":\"https:\/\/topkodas.com\/lt\/\"},{\"@type\":\"ListItem\",\"position\":2,\"name\":\"Produktai\",\"item\":\"https:\/\/topkodas.com\/lt\/products\/\"},{\"@type\":\"ListItem\",\"position\":3,\"name\":\"Priedai\",\"item\":\"https:\/\/topkodas.com\/lt\/product-category\/accessories-2\/\"},{\"@type\":\"ListItem\",\"position\":4,\"name\":\"iButton\",\"item\":\"https:\/\/topkodas.com\/lt\/product-category\/accessories-2\/ibutton\/\"},{\"@type\":\"ListItem\",\"position\":5,\"name\":\"iButton raktas su juodu laikikliu\"}]},{\"@type\":\"WebSite\",\"@id\":\"https:\/\/topkodas.com\/lt\/#website\",\"url\":\"https:\/\/topkodas.com\/lt\/\",\"name\":\"TOPKODAS\",\"description\":\"Pra\u0117jimo kontrol\u0117, GSM komunikatorius, apsaugos central\u0117, GSM termostatas, automatikos, apsaugos, HVAC sprendimai.\",\"publisher\":{\"@id\":\"https:\/\/topkodas.com\/lt\/#organization\"},\"potentialAction\":[{\"@type\":\"SearchAction\",\"target\":{\"@type\":\"EntryPoint\",\"urlTemplate\":\"https:\/\/topkodas.com\/lt\/?s={search_term_string}\"},\"query-input\":{\"@type\":\"PropertyValueSpecification\",\"valueRequired\":true,\"valueName\":\"search_term_string\"}}],\"inLanguage\":\"lt-LT\"},{\"@type\":\"Organization\",\"@id\":\"https:\/\/topkodas.com\/lt\/#organization\",\"name\":\"TOPKODAS\",\"url\":\"https:\/\/topkodas.com\/lt\/\",\"logo\":{\"@type\":\"ImageObject\",\"inLanguage\":\"lt-LT\",\"@id\":\"https:\/\/topkodas.com\/lt\/#\/schema\/logo\/image\/\",\"url\":\"https:\/\/topkodas.com\/wp-content\/uploads\/2020\/03\/topkodas-logo.png\",\"contentUrl\":\"https:\/\/topkodas.com\/wp-content\/uploads\/2020\/03\/topkodas-logo.png\",\"width\":1920,\"height\":680,\"caption\":\"TOPKODAS\"},\"image\":{\"@id\":\"https:\/\/topkodas.com\/lt\/#\/schema\/logo\/image\/\"},\"sameAs\":[\"https:\/\/www.facebook.com\/topkodas\/\",\"https:\/\/x.com\/topkodas\",\"https:\/\/www.instagram.com\/topkodasuab\/\",\"https:\/\/www.linkedin.com\/company\/topkodas-uab\",\"https:\/\/www.pinterest.com\/Topkodas\/\",\"https:\/\/www.youtube.com\/channel\/UCPlDZ8Q4G2WM6wQQTgN4K3Q\"]}]}<\/script>\n<meta property=\"product:price:amount\" content=\"1.90\" \/>\n<meta property=\"product:price:currency\" content=\"EUR\" \/>\n<meta property=\"og:availability\" content=\"instock\" \/>\n<meta property=\"product:availability\" content=\"instock\" \/>\n<meta property=\"product:retailer_item_id\" content=\"PR-DS1990A\" \/>\n<meta property=\"product:condition\" content=\"new\" \/>\n<!-- \/ Yoast SEO Premium plugin. -->","yoast_head_json":{"title":"iButton raktas su juodu laikikliu - TOPKODAS iButton probe","description":"iButton rakt\u0105 sudaro iButton DS1990A+F5 ir juodas plastikinis laikiklis. Raktas i\u0161 anksto sumontuotas su juodu plastikiniu laikikliu","robots":{"index":"index","follow":"follow","max-snippet":"max-snippet:-1","max-image-preview":"max-image-preview:large","max-video-preview":"max-video-preview:-1"},"canonical":"https:\/\/topkodas.com\/lt\/product\/ibutton-key-with-black-fob\/","og_locale":"lt_LT","og_type":"article","og_title":"iButton raktas su juodu laikikliu","og_description":"iButton rakt\u0105 sudaro iButton DS1990A+F5 ir juodas plastikinis laikiklis. Raktas i\u0161 anksto sumontuotas su juodu plastikiniu laikikliu","og_url":"https:\/\/topkodas.com\/lt\/product\/ibutton-key-with-black-fob\/","og_site_name":"TOPKODAS","article_publisher":"https:\/\/www.facebook.com\/topkodas\/","article_modified_time":"2023-04-02T17:55:23+00:00","og_image":[{"width":1120,"height":1107,"url":"https:\/\/topkodas.com\/wp-content\/uploads\/2020\/04\/GTalarm2.png","type":"image\/png"}],"twitter_card":"summary_large_image","twitter_site":"@topkodas","twitter_misc":{"Price":"&euro;1.90","Availability":"In stock"},"schema":{"@context":"https:\/\/schema.org","@graph":[{"@type":"WebPage","@id":"https:\/\/topkodas.com\/lt\/product\/ibutton-key-with-black-fob\/","url":"https:\/\/topkodas.com\/lt\/product\/ibutton-key-with-black-fob\/","name":"iButton raktas su juodu laikikliu - TOPKODAS iButton probe","isPartOf":{"@id":"https:\/\/topkodas.com\/lt\/#website"},"primaryImageOfPage":{"@id":"https:\/\/topkodas.com\/lt\/product\/ibutton-key-with-black-fob\/#primaryimage"},"image":{"@id":"https:\/\/topkodas.com\/lt\/product\/ibutton-key-with-black-fob\/#primaryimage"},"thumbnailUrl":"https:\/\/topkodas.com\/wp-content\/uploads\/2023\/03\/iButton-2.png","datePublished":"2023-03-31T15:29:47+00:00","dateModified":"2023-04-02T17:55:23+00:00","description":"iButton rakt\u0105 sudaro iButton DS1990A+F5 ir juodas plastikinis laikiklis. Raktas i\u0161 anksto sumontuotas su juodu plastikiniu laikikliu","breadcrumb":{"@id":"https:\/\/topkodas.com\/lt\/product\/ibutton-key-with-black-fob\/#breadcrumb"},"inLanguage":"lt-LT","potentialAction":[{"@type":"ReadAction","target":["https:\/\/topkodas.com\/lt\/product\/ibutton-key-with-black-fob\/"]}]},{"@type":"ImageObject","inLanguage":"lt-LT","@id":"https:\/\/topkodas.com\/lt\/product\/ibutton-key-with-black-fob\/#primaryimage","url":"https:\/\/topkodas.com\/wp-content\/uploads\/2023\/03\/iButton-2.png","contentUrl":"https:\/\/topkodas.com\/wp-content\/uploads\/2023\/03\/iButton-2.png","width":2290,"height":733},{"@type":"BreadcrumbList","@id":"https:\/\/topkodas.com\/lt\/product\/ibutton-key-with-black-fob\/#breadcrumb","itemListElement":[{"@type":"ListItem","position":1,"name":"Home","item":"https:\/\/topkodas.com\/lt\/"},{"@type":"ListItem","position":2,"name":"Produktai","item":"https:\/\/topkodas.com\/lt\/products\/"},{"@type":"ListItem","position":3,"name":"Priedai","item":"https:\/\/topkodas.com\/lt\/product-category\/accessories-2\/"},{"@type":"ListItem","position":4,"name":"iButton","item":"https:\/\/topkodas.com\/lt\/product-category\/accessories-2\/ibutton\/"},{"@type":"ListItem","position":5,"name":"iButton raktas su juodu laikikliu"}]},{"@type":"WebSite","@id":"https:\/\/topkodas.com\/lt\/#website","url":"https:\/\/topkodas.com\/lt\/","name":"TOPKODAS","description":"Pra\u0117jimo kontrol\u0117, GSM komunikatorius, apsaugos central\u0117, GSM termostatas, automatikos, apsaugos, HVAC sprendimai.","publisher":{"@id":"https:\/\/topkodas.com\/lt\/#organization"},"potentialAction":[{"@type":"SearchAction","target":{"@type":"EntryPoint","urlTemplate":"https:\/\/topkodas.com\/lt\/?s={search_term_string}"},"query-input":{"@type":"PropertyValueSpecification","valueRequired":true,"valueName":"search_term_string"}}],"inLanguage":"lt-LT"},{"@type":"Organization","@id":"https:\/\/topkodas.com\/lt\/#organization","name":"TOPKODAS","url":"https:\/\/topkodas.com\/lt\/","logo":{"@type":"ImageObject","inLanguage":"lt-LT","@id":"https:\/\/topkodas.com\/lt\/#\/schema\/logo\/image\/","url":"https:\/\/topkodas.com\/wp-content\/uploads\/2020\/03\/topkodas-logo.png","contentUrl":"https:\/\/topkodas.com\/wp-content\/uploads\/2020\/03\/topkodas-logo.png","width":1920,"height":680,"caption":"TOPKODAS"},"image":{"@id":"https:\/\/topkodas.com\/lt\/#\/schema\/logo\/image\/"},"sameAs":["https:\/\/www.facebook.com\/topkodas\/","https:\/\/x.com\/topkodas","https:\/\/www.instagram.com\/topkodasuab\/","https:\/\/www.linkedin.com\/company\/topkodas-uab","https:\/\/www.pinterest.com\/Topkodas\/","https:\/\/www.youtube.com\/channel\/UCPlDZ8Q4G2WM6wQQTgN4K3Q"]}]},"product_price_amount":"1.90","product_price_currency":"EUR","og_availability":"instock","product_availability":"instock","product_retailer_item_id":"PR-DS1990A","product_condition":"new"},"_links":{"self":[{"href":"https:\/\/topkodas.com\/lt\/wp-json\/wp\/v2\/product\/5033","targetHints":{"allow":["GET"]}}],"collection":[{"href":"https:\/\/topkodas.com\/lt\/wp-json\/wp\/v2\/product"}],"about":[{"href":"https:\/\/topkodas.com\/lt\/wp-json\/wp\/v2\/types\/product"}],"replies":[{"embeddable":true,"href":"https:\/\/topkodas.com\/lt\/wp-json\/wp\/v2\/comments?post=5033"}],"wp:featuredmedia":[{"embeddable":true,"href":"https:\/\/topkodas.com\/lt\/wp-json\/wp\/v2\/media\/5025"}],"wp:attachment":[{"href":"https:\/\/topkodas.com\/lt\/wp-json\/wp\/v2\/media?parent=5033"}],"wp:term":[{"taxonomy":"product_brand","embeddable":true,"href":"https:\/\/topkodas.com\/lt\/wp-json\/wp\/v2\/product_brand?post=5033"},{"taxonomy":"product_cat","embeddable":true,"href":"https:\/\/topkodas.com\/lt\/wp-json\/wp\/v2\/product_cat?post=5033"},{"taxonomy":"product_tag","embeddable":true,"href":"https:\/\/topkodas.com\/lt\/wp-json\/wp\/v2\/product_tag?post=5033"}],"curies":[{"name":"wp","href":"https:\/\/api.w.org\/{rel}","templated":true}]}}