{"id":5023,"date":"2023-03-29T10:05:02","date_gmt":"2023-03-29T08:05:05","guid":{"rendered":"https:\/\/www.topkodas.lt\/?post_type=product&#038;p=5023"},"modified":"2023-04-02T19:52:07","modified_gmt":"2023-04-02T17:52:07","slug":"ibutton-skaitytuvas","status":"publish","type":"product","link":"https:\/\/topkodas.com\/lt\/product\/ibutton-skaitytuvas\/","title":{"rendered":"iButton skaitytuvas su LED"},"content":{"rendered":"<p>Apvali zondo forma u\u017etikrina savaime prisitaikan\u010di\u0105 jungt\u012f, kuri lengvai priglunda prie apskrito iButton &#8222;MicroCan\u2122&#8221; pakuot\u0117s apvado. Tvirto metalo kontaktai atspar\u016bs nusid\u0117v\u0117jimui ir lengvai valomi.<\/p>\n<p>Pats raktas veikia prid\u0117jus j\u012f prie skaitytuvo, tada rakte esanti mikroschema perduoda duomenis 1-Wire protokolu ir taip yra atpa\u017e\u012fstama, o kadangi signalui naudojamas tik 1 kelias, \u0161is b\u016bdas yra ypa\u010d patikimas.<\/p>\n<p>Apvaliame centriniame iButton zondo kontakte yra \u0161viesos diodas, kurio maksimalus nuolatin\u0117s srov\u0117s stipris 20 mA, esant tipinei 2,7 V \u012ftampai.<\/p>\n<p>Kiekvienas iButton raktas turi unikal\u0173 64 bit\u0173 gamykloje \u012fvest\u0105 kod\u0105.<\/p>\n<p>Zondas neturi judan\u010di\u0173 dali\u0173, tod\u0117l jis yra patikima s\u0105saja, tinkama naudoti sud\u0117tingomis s\u0105lygomis.<\/p>\n<h3>Funkcijos<\/h3>\n<ul>\n<li>Skaito bet kur\u012f iButton klavi\u0161\u0105 per 1-Wire s\u0105saj\u0105<\/li>\n<li>Visos metalin\u0117s dalys yra chromuotos, tod\u0117l modulis ypa\u010d atsparus aplinkos poveikiui<\/li>\n<li>m\u0117lynas \u0161viesos diodas (reikia i\u0161orinio rezistoriaus 4,7K-10K)<\/li>\n<li>Prie zondo pridedama \u017ealvarin\u0117 M18 x 1 ver\u017el\u0117, skirta montuoti ant skydo.<\/li>\n<li>20 cm ilgio laidai pateikiami tam, kad b\u016bt\u0173 galima lengvai prijungti prie sistemos valdiklio.<\/li>\n<\/ul>\n<h3>Taikymas<\/h3>\n<ul>\n<li>Apsaugos sistemos<\/li>\n<li>Elektronin\u0117s dur\u0173 spynos<\/li>\n<li>Vart\u0173 atidarymo \u012frenginys<\/li>\n<\/ul>\n<p>Zondo prijungimo prie PROGATE modulio pavyzdys:<\/p>\n<p><a href=\"https:\/\/topkodas.com\/wp-content\/uploads\/2023\/03\/iButton-PROGATE.png\"><img loading=\"lazy\" decoding=\"async\" class=\"alignnone wp-image-5028 size-full\" src=\"https:\/\/topkodas.com\/wp-content\/uploads\/2023\/03\/iButton-PROGATE.png\" alt=\"iButton connection to PROGATE gate opener\" width=\"400\" height=\"357\" \/><\/a><\/p>\n","protected":false},"excerpt":{"rendered":"<div class=\"two-col-list\">\n<p>&#8222;iButton\u00ae&#8221; zondas su \u0161viesos diodu u\u017etikrina elektrin\u012f kontakt\u0105, reikaling\u0105 duomenims perduoti \u012f DS19xx \u0161eimos &#8222;iButton&#8221; mygtukus ir i\u0161 j\u0173.<\/p>\n<p>&#8222;iButton&#8221; zondas &#8211; skaitytuvas, tinkamas &#8222;iButton&#8221; raktui, naudojamas dur\u0173 apsaugos ir identifikavimo sistemoms valdyti.<\/p>\n<ul>\n<li>Kieto metalo skaitymo ir ra\u0161ymo zondas, montuojamas ant skydelio, skirtas &#8222;iButton&#8221; \u0161eimai.<\/li>\n<li>Integruotas \u017ealias \u0161viesos diodas naudotojo gr\u012f\u017etamojo ry\u0161io signalizacijai<\/li>\n<li>Zondas pritaikytas iki 5 mm storio plok\u0161t\u0117ms<\/li>\n<\/ul>\n<\/div>\n<p style=\"text-align: justify;\"><span class=\"ILfuVd\"><span class=\"e24Kjd\">\u00a0<\/span><\/span><\/p>\n","protected":false},"featured_media":5021,"comment_status":"open","ping_status":"closed","template":"","meta":{"_acf_changed":false,"inline_featured_image":false},"product_brand":[],"product_cat":[994,1048],"product_tag":[1050,1053,1052,1049,1055,1056,1051],"class_list":{"0":"post-5023","1":"product","2":"type-product","3":"status-publish","4":"has-post-thumbnail","6":"product_cat-cables-lt","7":"product_cat-ibutton","8":"product_tag-ds1990a-f5-lt","9":"product_tag-ds9092-lt","10":"product_tag-ds9092l-lt","11":"product_tag-ibutton-lt","12":"product_tag-ibutton-probe-lt","13":"product_tag-ibutton-reader-lt","14":"product_tag-touch-memory-ibutton-lt","16":"first","17":"instock","18":"shipping-taxable","19":"purchasable","20":"product-type-simple"},"acf":[],"yoast_head":"<!-- This site is optimized with the Yoast SEO Premium plugin v25.0 (Yoast SEO v27.1.1) - https:\/\/yoast.com\/product\/yoast-seo-premium-wordpress\/ -->\n<title>iButton skaitytuvas su LED - TOPKODAS iButton probe<\/title>\n<meta name=\"description\" content=\"iButton zondas - skaitytuvas, tinkamas iButton raktui, naudojamas dur\u0173 apsaugos ir identifikavimo sistemoms valdyti.\" \/>\n<meta name=\"robots\" content=\"index, follow, max-snippet:-1, max-image-preview:large, max-video-preview:-1\" \/>\n<link rel=\"canonical\" href=\"https:\/\/topkodas.com\/lt\/product\/ibutton-skaitytuvas\/\" \/>\n<meta property=\"og:locale\" content=\"lt_LT\" \/>\n<meta property=\"og:type\" content=\"article\" \/>\n<meta property=\"og:title\" content=\"iButton skaitytuvas su LED\" \/>\n<meta property=\"og:description\" content=\"iButton zondas - skaitytuvas, tinkamas iButton raktui, naudojamas dur\u0173 apsaugos ir identifikavimo sistemoms valdyti.\" \/>\n<meta property=\"og:url\" content=\"https:\/\/topkodas.com\/lt\/product\/ibutton-skaitytuvas\/\" \/>\n<meta property=\"og:site_name\" content=\"TOPKODAS\" \/>\n<meta property=\"article:publisher\" content=\"https:\/\/www.facebook.com\/topkodas\/\" \/>\n<meta property=\"article:modified_time\" content=\"2023-04-02T17:52:07+00:00\" \/>\n<meta property=\"og:image\" content=\"https:\/\/topkodas.com\/wp-content\/uploads\/2020\/04\/GTalarm2.png\" \/>\n\t<meta property=\"og:image:width\" content=\"1120\" \/>\n\t<meta property=\"og:image:height\" content=\"1107\" \/>\n\t<meta property=\"og:image:type\" content=\"image\/png\" \/>\n<meta name=\"twitter:card\" content=\"summary_large_image\" \/>\n<meta name=\"twitter:site\" content=\"@topkodas\" \/>\n<meta name=\"twitter:label1\" content=\"Price\" \/>\n\t<meta name=\"twitter:data1\" content=\"&euro;4.90\" \/>\n\t<meta name=\"twitter:label2\" content=\"Availability\" \/>\n\t<meta name=\"twitter:data2\" content=\"In stock\" \/>\n<script type=\"application\/ld+json\" class=\"yoast-schema-graph\">{\"@context\":\"https:\/\/schema.org\",\"@graph\":[{\"@type\":\"WebPage\",\"@id\":\"https:\/\/topkodas.com\/lt\/product\/ibutton-skaitytuvas\/\",\"url\":\"https:\/\/topkodas.com\/lt\/product\/ibutton-skaitytuvas\/\",\"name\":\"iButton skaitytuvas su LED - TOPKODAS iButton probe\",\"isPartOf\":{\"@id\":\"https:\/\/topkodas.com\/lt\/#website\"},\"primaryImageOfPage\":{\"@id\":\"https:\/\/topkodas.com\/lt\/product\/ibutton-skaitytuvas\/#primaryimage\"},\"image\":{\"@id\":\"https:\/\/topkodas.com\/lt\/product\/ibutton-skaitytuvas\/#primaryimage\"},\"thumbnailUrl\":\"https:\/\/topkodas.com\/wp-content\/uploads\/2023\/03\/iButton-probe.png\",\"datePublished\":\"2023-03-29T08:05:05+00:00\",\"dateModified\":\"2023-04-02T17:52:07+00:00\",\"description\":\"iButton zondas - skaitytuvas, tinkamas iButton raktui, naudojamas dur\u0173 apsaugos ir identifikavimo sistemoms valdyti.\",\"breadcrumb\":{\"@id\":\"https:\/\/topkodas.com\/lt\/product\/ibutton-skaitytuvas\/#breadcrumb\"},\"inLanguage\":\"lt-LT\",\"potentialAction\":[{\"@type\":\"ReadAction\",\"target\":[\"https:\/\/topkodas.com\/lt\/product\/ibutton-skaitytuvas\/\"]}]},{\"@type\":\"ImageObject\",\"inLanguage\":\"lt-LT\",\"@id\":\"https:\/\/topkodas.com\/lt\/product\/ibutton-skaitytuvas\/#primaryimage\",\"url\":\"https:\/\/topkodas.com\/wp-content\/uploads\/2023\/03\/iButton-probe.png\",\"contentUrl\":\"https:\/\/topkodas.com\/wp-content\/uploads\/2023\/03\/iButton-probe.png\",\"width\":544,\"height\":321,\"caption\":\"iButton skaitytuvas su \u0161viesos diodu\"},{\"@type\":\"BreadcrumbList\",\"@id\":\"https:\/\/topkodas.com\/lt\/product\/ibutton-skaitytuvas\/#breadcrumb\",\"itemListElement\":[{\"@type\":\"ListItem\",\"position\":1,\"name\":\"Home\",\"item\":\"https:\/\/topkodas.com\/lt\/\"},{\"@type\":\"ListItem\",\"position\":2,\"name\":\"Produktai\",\"item\":\"https:\/\/topkodas.com\/lt\/products\/\"},{\"@type\":\"ListItem\",\"position\":3,\"name\":\"Priedai\",\"item\":\"https:\/\/topkodas.com\/lt\/product-category\/accessories-2\/\"},{\"@type\":\"ListItem\",\"position\":4,\"name\":\"iButton\",\"item\":\"https:\/\/topkodas.com\/lt\/product-category\/accessories-2\/ibutton\/\"},{\"@type\":\"ListItem\",\"position\":5,\"name\":\"iButton skaitytuvas su LED\"}]},{\"@type\":\"WebSite\",\"@id\":\"https:\/\/topkodas.com\/lt\/#website\",\"url\":\"https:\/\/topkodas.com\/lt\/\",\"name\":\"TOPKODAS\",\"description\":\"Pra\u0117jimo kontrol\u0117, GSM komunikatorius, apsaugos central\u0117, GSM termostatas, automatikos, apsaugos, HVAC sprendimai.\",\"publisher\":{\"@id\":\"https:\/\/topkodas.com\/lt\/#organization\"},\"potentialAction\":[{\"@type\":\"SearchAction\",\"target\":{\"@type\":\"EntryPoint\",\"urlTemplate\":\"https:\/\/topkodas.com\/lt\/?s={search_term_string}\"},\"query-input\":{\"@type\":\"PropertyValueSpecification\",\"valueRequired\":true,\"valueName\":\"search_term_string\"}}],\"inLanguage\":\"lt-LT\"},{\"@type\":\"Organization\",\"@id\":\"https:\/\/topkodas.com\/lt\/#organization\",\"name\":\"TOPKODAS\",\"url\":\"https:\/\/topkodas.com\/lt\/\",\"logo\":{\"@type\":\"ImageObject\",\"inLanguage\":\"lt-LT\",\"@id\":\"https:\/\/topkodas.com\/lt\/#\/schema\/logo\/image\/\",\"url\":\"https:\/\/topkodas.com\/wp-content\/uploads\/2020\/03\/topkodas-logo.png\",\"contentUrl\":\"https:\/\/topkodas.com\/wp-content\/uploads\/2020\/03\/topkodas-logo.png\",\"width\":1920,\"height\":680,\"caption\":\"TOPKODAS\"},\"image\":{\"@id\":\"https:\/\/topkodas.com\/lt\/#\/schema\/logo\/image\/\"},\"sameAs\":[\"https:\/\/www.facebook.com\/topkodas\/\",\"https:\/\/x.com\/topkodas\",\"https:\/\/www.instagram.com\/topkodasuab\/\",\"https:\/\/www.linkedin.com\/company\/topkodas-uab\",\"https:\/\/www.pinterest.com\/Topkodas\/\",\"https:\/\/www.youtube.com\/channel\/UCPlDZ8Q4G2WM6wQQTgN4K3Q\"]}]}<\/script>\n<meta property=\"product:price:amount\" content=\"4.90\" \/>\n<meta property=\"product:price:currency\" content=\"EUR\" \/>\n<meta property=\"og:availability\" content=\"instock\" \/>\n<meta property=\"product:availability\" content=\"instock\" \/>\n<meta property=\"product:retailer_item_id\" content=\"PR-PB-L1\/LED\" \/>\n<meta property=\"product:condition\" content=\"new\" \/>\n<!-- \/ Yoast SEO Premium plugin. -->","yoast_head_json":{"title":"iButton skaitytuvas su LED - TOPKODAS iButton probe","description":"iButton zondas - skaitytuvas, tinkamas iButton raktui, naudojamas dur\u0173 apsaugos ir identifikavimo sistemoms valdyti.","robots":{"index":"index","follow":"follow","max-snippet":"max-snippet:-1","max-image-preview":"max-image-preview:large","max-video-preview":"max-video-preview:-1"},"canonical":"https:\/\/topkodas.com\/lt\/product\/ibutton-skaitytuvas\/","og_locale":"lt_LT","og_type":"article","og_title":"iButton skaitytuvas su LED","og_description":"iButton zondas - skaitytuvas, tinkamas iButton raktui, naudojamas dur\u0173 apsaugos ir identifikavimo sistemoms valdyti.","og_url":"https:\/\/topkodas.com\/lt\/product\/ibutton-skaitytuvas\/","og_site_name":"TOPKODAS","article_publisher":"https:\/\/www.facebook.com\/topkodas\/","article_modified_time":"2023-04-02T17:52:07+00:00","og_image":[{"width":1120,"height":1107,"url":"https:\/\/topkodas.com\/wp-content\/uploads\/2020\/04\/GTalarm2.png","type":"image\/png"}],"twitter_card":"summary_large_image","twitter_site":"@topkodas","twitter_misc":{"Price":"&euro;4.90","Availability":"In stock"},"schema":{"@context":"https:\/\/schema.org","@graph":[{"@type":"WebPage","@id":"https:\/\/topkodas.com\/lt\/product\/ibutton-skaitytuvas\/","url":"https:\/\/topkodas.com\/lt\/product\/ibutton-skaitytuvas\/","name":"iButton skaitytuvas su LED - TOPKODAS iButton probe","isPartOf":{"@id":"https:\/\/topkodas.com\/lt\/#website"},"primaryImageOfPage":{"@id":"https:\/\/topkodas.com\/lt\/product\/ibutton-skaitytuvas\/#primaryimage"},"image":{"@id":"https:\/\/topkodas.com\/lt\/product\/ibutton-skaitytuvas\/#primaryimage"},"thumbnailUrl":"https:\/\/topkodas.com\/wp-content\/uploads\/2023\/03\/iButton-probe.png","datePublished":"2023-03-29T08:05:05+00:00","dateModified":"2023-04-02T17:52:07+00:00","description":"iButton zondas - skaitytuvas, tinkamas iButton raktui, naudojamas dur\u0173 apsaugos ir identifikavimo sistemoms valdyti.","breadcrumb":{"@id":"https:\/\/topkodas.com\/lt\/product\/ibutton-skaitytuvas\/#breadcrumb"},"inLanguage":"lt-LT","potentialAction":[{"@type":"ReadAction","target":["https:\/\/topkodas.com\/lt\/product\/ibutton-skaitytuvas\/"]}]},{"@type":"ImageObject","inLanguage":"lt-LT","@id":"https:\/\/topkodas.com\/lt\/product\/ibutton-skaitytuvas\/#primaryimage","url":"https:\/\/topkodas.com\/wp-content\/uploads\/2023\/03\/iButton-probe.png","contentUrl":"https:\/\/topkodas.com\/wp-content\/uploads\/2023\/03\/iButton-probe.png","width":544,"height":321,"caption":"iButton skaitytuvas su \u0161viesos diodu"},{"@type":"BreadcrumbList","@id":"https:\/\/topkodas.com\/lt\/product\/ibutton-skaitytuvas\/#breadcrumb","itemListElement":[{"@type":"ListItem","position":1,"name":"Home","item":"https:\/\/topkodas.com\/lt\/"},{"@type":"ListItem","position":2,"name":"Produktai","item":"https:\/\/topkodas.com\/lt\/products\/"},{"@type":"ListItem","position":3,"name":"Priedai","item":"https:\/\/topkodas.com\/lt\/product-category\/accessories-2\/"},{"@type":"ListItem","position":4,"name":"iButton","item":"https:\/\/topkodas.com\/lt\/product-category\/accessories-2\/ibutton\/"},{"@type":"ListItem","position":5,"name":"iButton skaitytuvas su LED"}]},{"@type":"WebSite","@id":"https:\/\/topkodas.com\/lt\/#website","url":"https:\/\/topkodas.com\/lt\/","name":"TOPKODAS","description":"Pra\u0117jimo kontrol\u0117, GSM komunikatorius, apsaugos central\u0117, GSM termostatas, automatikos, apsaugos, HVAC sprendimai.","publisher":{"@id":"https:\/\/topkodas.com\/lt\/#organization"},"potentialAction":[{"@type":"SearchAction","target":{"@type":"EntryPoint","urlTemplate":"https:\/\/topkodas.com\/lt\/?s={search_term_string}"},"query-input":{"@type":"PropertyValueSpecification","valueRequired":true,"valueName":"search_term_string"}}],"inLanguage":"lt-LT"},{"@type":"Organization","@id":"https:\/\/topkodas.com\/lt\/#organization","name":"TOPKODAS","url":"https:\/\/topkodas.com\/lt\/","logo":{"@type":"ImageObject","inLanguage":"lt-LT","@id":"https:\/\/topkodas.com\/lt\/#\/schema\/logo\/image\/","url":"https:\/\/topkodas.com\/wp-content\/uploads\/2020\/03\/topkodas-logo.png","contentUrl":"https:\/\/topkodas.com\/wp-content\/uploads\/2020\/03\/topkodas-logo.png","width":1920,"height":680,"caption":"TOPKODAS"},"image":{"@id":"https:\/\/topkodas.com\/lt\/#\/schema\/logo\/image\/"},"sameAs":["https:\/\/www.facebook.com\/topkodas\/","https:\/\/x.com\/topkodas","https:\/\/www.instagram.com\/topkodasuab\/","https:\/\/www.linkedin.com\/company\/topkodas-uab","https:\/\/www.pinterest.com\/Topkodas\/","https:\/\/www.youtube.com\/channel\/UCPlDZ8Q4G2WM6wQQTgN4K3Q"]}]},"product_price_amount":"4.90","product_price_currency":"EUR","og_availability":"instock","product_availability":"instock","product_retailer_item_id":"PR-PB-L1\/LED","product_condition":"new"},"_links":{"self":[{"href":"https:\/\/topkodas.com\/lt\/wp-json\/wp\/v2\/product\/5023","targetHints":{"allow":["GET"]}}],"collection":[{"href":"https:\/\/topkodas.com\/lt\/wp-json\/wp\/v2\/product"}],"about":[{"href":"https:\/\/topkodas.com\/lt\/wp-json\/wp\/v2\/types\/product"}],"replies":[{"embeddable":true,"href":"https:\/\/topkodas.com\/lt\/wp-json\/wp\/v2\/comments?post=5023"}],"wp:featuredmedia":[{"embeddable":true,"href":"https:\/\/topkodas.com\/lt\/wp-json\/wp\/v2\/media\/5021"}],"wp:attachment":[{"href":"https:\/\/topkodas.com\/lt\/wp-json\/wp\/v2\/media?parent=5023"}],"wp:term":[{"taxonomy":"product_brand","embeddable":true,"href":"https:\/\/topkodas.com\/lt\/wp-json\/wp\/v2\/product_brand?post=5023"},{"taxonomy":"product_cat","embeddable":true,"href":"https:\/\/topkodas.com\/lt\/wp-json\/wp\/v2\/product_cat?post=5023"},{"taxonomy":"product_tag","embeddable":true,"href":"https:\/\/topkodas.com\/lt\/wp-json\/wp\/v2\/product_tag?post=5023"}],"curies":[{"name":"wp","href":"https:\/\/api.w.org\/{rel}","templated":true}]}}