{"id":4371,"date":"2022-06-06T14:18:56","date_gmt":"2022-06-06T12:18:56","guid":{"rendered":"https:\/\/www.topkodas.lt\/product\/1wio8\/"},"modified":"2023-04-02T20:18:38","modified_gmt":"2023-04-02T18:18:38","slug":"1wio8-8-kanalu-ispletimo-modulis","status":"publish","type":"product","link":"https:\/\/topkodas.com\/lt\/product\/1wio8-8-kanalu-ispletimo-modulis\/","title":{"rendered":"1WIO8 &#8211; 8 kanal\u0173 I\/O i\u0161pl\u0117timo modulis"},"content":{"rendered":"<p>1WIO8 modulis &#8211; tai sprendimas, leid\u017eiantis i\u0161pl\u0117sti TOPKODAS \u012frengini\u0173 \u012f\u0117jim\u0173 ir i\u0161\u0117jim\u0173 skai\u010di\u0173.<br \/>\nLengvai prijunkite j\u012f per standartin\u0119 &#8222;Maxim&#8221; 1-Wire magistral\u0119 ir naudokit\u0117s 8 kanal\u0173 \u012f\u0117jimais \/ i\u0161\u0117jimais.<br \/>\n\u0160is patogus modulis yra tvirtame plastikiniame korpuse su integruotu 1-Wire magistral\u0117s b\u016bsenos \u0161viesos diodu, tod\u0117l visada ai\u0161kiai matysite jo b\u016bsen\u0105.<br \/>\nPrapl\u0117skite savo TOPKODAS \u012frenginius naudodami 1WIO8 modul\u012f.<\/p>\n","protected":false},"excerpt":{"rendered":"<p>1WIO8 i\u0161pl\u0117timo modulis leid\u017eia i\u0161pl\u0117sti suderinamus TOPKODAS \u012frenginius naudojant &#8222;Maxim&#8221; 1-Wire Bus technologij\u0105 ir suteikia 8 kanal\u0173 \u012fvestis\/i\u0161vestis. Modulis pagamintas i\u0161 patvaraus plastiko, jame yra &#8222;1-Wire&#8221; magistral\u0117s b\u016bsenos \u0161viesos diodas, kur\u012f lengva steb\u0117ti.<\/p>\n<h3>Funkcijos:<\/h3>\n<ul>\n<li>Didel\u0117s galios i\u0161\u0117jimai: 24 V\/1 A atviras i\u0161\u0117jimas su apsauga<\/li>\n<li>\u012e\u0117jimai: NO arba NC iki 30 V<\/li>\n<li>Lengvas pasirinkimas: \u012evesties arba i\u0161vesties re\u017eim\u0105 galima lengvai pasirinkti naudojant DIP jungikl\u012f<\/li>\n<li>Patikima apsauga: Apsauga nuo vir\u0161\u012ftampi\u0173 ir vir\u0161srovi\u0173 u\u017etikrina j\u016bs\u0173 \u012frenginio saugum\u0105<\/li>\n<li>Pa\u017eangus ry\u0161ys: Naudojama &#8222;Standard Maxim&#8221; 1-Wire\u00ae technologija, u\u017etikrinanti efektyv\u0173 ir patikim\u0105 ry\u0161\u012f<\/li>\n<li>Ai\u0161ki indikacija: I\u0161\u0117jimo b\u016bsen\u0105 rodo \u0161viesos diodas<\/li>\n<li>Lankstus montavimas: Korpusas gali b\u016bti montuojamas ant sienos arba ant DIN b\u0117gio naudojant DIN adapter\u012f<\/li>\n<li>Suderinamas su &#8222;GTalarm3&#8221;: Visi\u0161kai suderinamas su &#8222;GTalarm3&#8221;, kad b\u016bt\u0173 i\u0161pl\u0117stos funkcijos ir steb\u0117jimo galimyb\u0117s.<\/li>\n<\/ul>\n","protected":false},"featured_media":4296,"comment_status":"closed","ping_status":"closed","template":"","meta":{"_acf_changed":false,"inline_featured_image":false},"product_brand":[],"product_cat":[1008],"product_tag":[930,1009,960,1012,1010,1011,929],"class_list":{"0":"post-4371","1":"product","2":"type-product","3":"status-publish","4":"has-post-thumbnail","6":"product_cat-moduliai","7":"product_tag-apsauga-lt","8":"product_tag-expansion-module-lt","9":"product_tag-hvac-lt","10":"product_tag-i-o-expander-lt","11":"product_tag-inputs-lt","12":"product_tag-outputs-lt","13":"product_tag-valdiklis-lt","15":"first","16":"instock","17":"shipping-taxable","18":"purchasable","19":"product-type-simple"},"acf":[],"yoast_head":"<!-- This site is optimized with the Yoast SEO Premium plugin v25.0 (Yoast SEO v27.1.1) - https:\/\/yoast.com\/product\/yoast-seo-premium-wordpress\/ -->\n<title>1WIO8 - 8 kanal\u0173 I\/O i\u0161pl\u0117timo modulis - TOPKODAS<\/title>\n<meta name=\"description\" content=\"1WIO8 - I\/O 8 kanal\u0173 i\u0161pl\u0117timo modulis i\u0161ple\u010dia TOPKODAS sistemos \u012frenginius per standartin\u0119 1-Wire magistral\u0119\" \/>\n<meta name=\"robots\" content=\"index, follow, max-snippet:-1, max-image-preview:large, max-video-preview:-1\" \/>\n<link rel=\"canonical\" href=\"https:\/\/topkodas.com\/lt\/product\/1wio8-8-kanalu-ispletimo-modulis\/\" \/>\n<meta property=\"og:locale\" content=\"lt_LT\" \/>\n<meta property=\"og:type\" content=\"article\" \/>\n<meta property=\"og:title\" content=\"1WIO8 - 8 kanal\u0173 I\/O i\u0161pl\u0117timo modulis\" \/>\n<meta property=\"og:description\" content=\"1WIO8 - I\/O 8 kanal\u0173 i\u0161pl\u0117timo modulis i\u0161ple\u010dia TOPKODAS sistemos \u012frenginius per standartin\u0119 1-Wire magistral\u0119\" \/>\n<meta property=\"og:url\" content=\"https:\/\/topkodas.com\/lt\/product\/1wio8-8-kanalu-ispletimo-modulis\/\" \/>\n<meta property=\"og:site_name\" content=\"TOPKODAS\" \/>\n<meta property=\"article:publisher\" content=\"https:\/\/www.facebook.com\/topkodas\/\" \/>\n<meta property=\"article:modified_time\" content=\"2023-04-02T18:18:38+00:00\" \/>\n<meta property=\"og:image\" content=\"https:\/\/topkodas.com\/wp-content\/uploads\/2020\/04\/GTalarm2.png\" \/>\n<meta name=\"twitter:card\" content=\"summary_large_image\" \/>\n<meta name=\"twitter:site\" content=\"@topkodas\" \/>\n<meta name=\"twitter:label1\" content=\"Price\" \/>\n\t<meta name=\"twitter:data1\" content=\"&euro;99.00\" \/>\n\t<meta name=\"twitter:label2\" content=\"Availability\" \/>\n\t<meta name=\"twitter:data2\" content=\"In stock\" \/>\n<script type=\"application\/ld+json\" class=\"yoast-schema-graph\">{\"@context\":\"https:\/\/schema.org\",\"@graph\":[{\"@type\":\"WebPage\",\"@id\":\"https:\/\/topkodas.com\/lt\/product\/1wio8-8-kanalu-ispletimo-modulis\/\",\"url\":\"https:\/\/topkodas.com\/lt\/product\/1wio8-8-kanalu-ispletimo-modulis\/\",\"name\":\"1WIO8 - 8 kanal\u0173 I\/O i\u0161pl\u0117timo modulis - TOPKODAS\",\"isPartOf\":{\"@id\":\"https:\/\/topkodas.com\/lt\/#website\"},\"primaryImageOfPage\":{\"@id\":\"https:\/\/topkodas.com\/lt\/product\/1wio8-8-kanalu-ispletimo-modulis\/#primaryimage\"},\"image\":{\"@id\":\"https:\/\/topkodas.com\/lt\/product\/1wio8-8-kanalu-ispletimo-modulis\/#primaryimage\"},\"thumbnailUrl\":\"https:\/\/topkodas.com\/wp-content\/uploads\/2022\/06\/1WIO8-2-1600px.png\",\"datePublished\":\"2022-06-06T12:18:56+00:00\",\"dateModified\":\"2023-04-02T18:18:38+00:00\",\"description\":\"1WIO8 - I\/O 8 kanal\u0173 i\u0161pl\u0117timo modulis i\u0161ple\u010dia TOPKODAS sistemos \u012frenginius per standartin\u0119 1-Wire magistral\u0119\",\"breadcrumb\":{\"@id\":\"https:\/\/topkodas.com\/lt\/product\/1wio8-8-kanalu-ispletimo-modulis\/#breadcrumb\"},\"inLanguage\":\"lt-LT\",\"potentialAction\":[{\"@type\":\"ReadAction\",\"target\":[\"https:\/\/topkodas.com\/lt\/product\/1wio8-8-kanalu-ispletimo-modulis\/\"]}]},{\"@type\":\"ImageObject\",\"inLanguage\":\"lt-LT\",\"@id\":\"https:\/\/topkodas.com\/lt\/product\/1wio8-8-kanalu-ispletimo-modulis\/#primaryimage\",\"url\":\"https:\/\/topkodas.com\/wp-content\/uploads\/2022\/06\/1WIO8-2-1600px.png\",\"contentUrl\":\"https:\/\/topkodas.com\/wp-content\/uploads\/2022\/06\/1WIO8-2-1600px.png\",\"width\":1600,\"height\":1461},{\"@type\":\"BreadcrumbList\",\"@id\":\"https:\/\/topkodas.com\/lt\/product\/1wio8-8-kanalu-ispletimo-modulis\/#breadcrumb\",\"itemListElement\":[{\"@type\":\"ListItem\",\"position\":1,\"name\":\"Home\",\"item\":\"https:\/\/topkodas.com\/lt\/\"},{\"@type\":\"ListItem\",\"position\":2,\"name\":\"Produktai\",\"item\":\"https:\/\/topkodas.com\/lt\/products\/\"},{\"@type\":\"ListItem\",\"position\":3,\"name\":\"Priedai\",\"item\":\"https:\/\/topkodas.com\/lt\/product-category\/accessories-2\/\"},{\"@type\":\"ListItem\",\"position\":4,\"name\":\"I\u0161pl\u0117timo moduliai\",\"item\":\"https:\/\/topkodas.com\/lt\/product-category\/accessories-2\/moduliai\/\"},{\"@type\":\"ListItem\",\"position\":5,\"name\":\"1WIO8 &#8211; 8 kanal\u0173 I\/O i\u0161pl\u0117timo modulis\"}]},{\"@type\":\"WebSite\",\"@id\":\"https:\/\/topkodas.com\/lt\/#website\",\"url\":\"https:\/\/topkodas.com\/lt\/\",\"name\":\"TOPKODAS\",\"description\":\"Pra\u0117jimo kontrol\u0117, GSM komunikatorius, apsaugos central\u0117, GSM termostatas, automatikos, apsaugos, HVAC sprendimai.\",\"publisher\":{\"@id\":\"https:\/\/topkodas.com\/lt\/#organization\"},\"potentialAction\":[{\"@type\":\"SearchAction\",\"target\":{\"@type\":\"EntryPoint\",\"urlTemplate\":\"https:\/\/topkodas.com\/lt\/?s={search_term_string}\"},\"query-input\":{\"@type\":\"PropertyValueSpecification\",\"valueRequired\":true,\"valueName\":\"search_term_string\"}}],\"inLanguage\":\"lt-LT\"},{\"@type\":\"Organization\",\"@id\":\"https:\/\/topkodas.com\/lt\/#organization\",\"name\":\"TOPKODAS\",\"url\":\"https:\/\/topkodas.com\/lt\/\",\"logo\":{\"@type\":\"ImageObject\",\"inLanguage\":\"lt-LT\",\"@id\":\"https:\/\/topkodas.com\/lt\/#\/schema\/logo\/image\/\",\"url\":\"https:\/\/topkodas.com\/wp-content\/uploads\/2020\/03\/topkodas-logo.png\",\"contentUrl\":\"https:\/\/topkodas.com\/wp-content\/uploads\/2020\/03\/topkodas-logo.png\",\"width\":1920,\"height\":680,\"caption\":\"TOPKODAS\"},\"image\":{\"@id\":\"https:\/\/topkodas.com\/lt\/#\/schema\/logo\/image\/\"},\"sameAs\":[\"https:\/\/www.facebook.com\/topkodas\/\",\"https:\/\/x.com\/topkodas\",\"https:\/\/www.instagram.com\/topkodasuab\/\",\"https:\/\/www.linkedin.com\/company\/topkodas-uab\",\"https:\/\/www.pinterest.com\/Topkodas\/\",\"https:\/\/www.youtube.com\/channel\/UCPlDZ8Q4G2WM6wQQTgN4K3Q\"]}]}<\/script>\n<meta property=\"product:price:amount\" content=\"99.00\" \/>\n<meta property=\"product:price:currency\" content=\"EUR\" \/>\n<meta property=\"og:availability\" content=\"instock\" \/>\n<meta property=\"product:availability\" content=\"instock\" \/>\n<meta property=\"product:retailer_item_id\" content=\"PR-1WIO8\" \/>\n<meta property=\"product:condition\" content=\"new\" \/>\n<!-- \/ Yoast SEO Premium plugin. -->","yoast_head_json":{"title":"1WIO8 - 8 kanal\u0173 I\/O i\u0161pl\u0117timo modulis - TOPKODAS","description":"1WIO8 - I\/O 8 kanal\u0173 i\u0161pl\u0117timo modulis i\u0161ple\u010dia TOPKODAS sistemos \u012frenginius per standartin\u0119 1-Wire magistral\u0119","robots":{"index":"index","follow":"follow","max-snippet":"max-snippet:-1","max-image-preview":"max-image-preview:large","max-video-preview":"max-video-preview:-1"},"canonical":"https:\/\/topkodas.com\/lt\/product\/1wio8-8-kanalu-ispletimo-modulis\/","og_locale":"lt_LT","og_type":"article","og_title":"1WIO8 - 8 kanal\u0173 I\/O i\u0161pl\u0117timo modulis","og_description":"1WIO8 - I\/O 8 kanal\u0173 i\u0161pl\u0117timo modulis i\u0161ple\u010dia TOPKODAS sistemos \u012frenginius per standartin\u0119 1-Wire magistral\u0119","og_url":"https:\/\/topkodas.com\/lt\/product\/1wio8-8-kanalu-ispletimo-modulis\/","og_site_name":"TOPKODAS","article_publisher":"https:\/\/www.facebook.com\/topkodas\/","article_modified_time":"2023-04-02T18:18:38+00:00","og_image":[{"url":"https:\/\/topkodas.com\/wp-content\/uploads\/2020\/04\/GTalarm2.png","type":"","width":"","height":""}],"twitter_card":"summary_large_image","twitter_site":"@topkodas","twitter_misc":{"Price":"&euro;99.00","Availability":"In stock"},"schema":{"@context":"https:\/\/schema.org","@graph":[{"@type":"WebPage","@id":"https:\/\/topkodas.com\/lt\/product\/1wio8-8-kanalu-ispletimo-modulis\/","url":"https:\/\/topkodas.com\/lt\/product\/1wio8-8-kanalu-ispletimo-modulis\/","name":"1WIO8 - 8 kanal\u0173 I\/O i\u0161pl\u0117timo modulis - TOPKODAS","isPartOf":{"@id":"https:\/\/topkodas.com\/lt\/#website"},"primaryImageOfPage":{"@id":"https:\/\/topkodas.com\/lt\/product\/1wio8-8-kanalu-ispletimo-modulis\/#primaryimage"},"image":{"@id":"https:\/\/topkodas.com\/lt\/product\/1wio8-8-kanalu-ispletimo-modulis\/#primaryimage"},"thumbnailUrl":"https:\/\/topkodas.com\/wp-content\/uploads\/2022\/06\/1WIO8-2-1600px.png","datePublished":"2022-06-06T12:18:56+00:00","dateModified":"2023-04-02T18:18:38+00:00","description":"1WIO8 - I\/O 8 kanal\u0173 i\u0161pl\u0117timo modulis i\u0161ple\u010dia TOPKODAS sistemos \u012frenginius per standartin\u0119 1-Wire magistral\u0119","breadcrumb":{"@id":"https:\/\/topkodas.com\/lt\/product\/1wio8-8-kanalu-ispletimo-modulis\/#breadcrumb"},"inLanguage":"lt-LT","potentialAction":[{"@type":"ReadAction","target":["https:\/\/topkodas.com\/lt\/product\/1wio8-8-kanalu-ispletimo-modulis\/"]}]},{"@type":"ImageObject","inLanguage":"lt-LT","@id":"https:\/\/topkodas.com\/lt\/product\/1wio8-8-kanalu-ispletimo-modulis\/#primaryimage","url":"https:\/\/topkodas.com\/wp-content\/uploads\/2022\/06\/1WIO8-2-1600px.png","contentUrl":"https:\/\/topkodas.com\/wp-content\/uploads\/2022\/06\/1WIO8-2-1600px.png","width":1600,"height":1461},{"@type":"BreadcrumbList","@id":"https:\/\/topkodas.com\/lt\/product\/1wio8-8-kanalu-ispletimo-modulis\/#breadcrumb","itemListElement":[{"@type":"ListItem","position":1,"name":"Home","item":"https:\/\/topkodas.com\/lt\/"},{"@type":"ListItem","position":2,"name":"Produktai","item":"https:\/\/topkodas.com\/lt\/products\/"},{"@type":"ListItem","position":3,"name":"Priedai","item":"https:\/\/topkodas.com\/lt\/product-category\/accessories-2\/"},{"@type":"ListItem","position":4,"name":"I\u0161pl\u0117timo moduliai","item":"https:\/\/topkodas.com\/lt\/product-category\/accessories-2\/moduliai\/"},{"@type":"ListItem","position":5,"name":"1WIO8 &#8211; 8 kanal\u0173 I\/O i\u0161pl\u0117timo modulis"}]},{"@type":"WebSite","@id":"https:\/\/topkodas.com\/lt\/#website","url":"https:\/\/topkodas.com\/lt\/","name":"TOPKODAS","description":"Pra\u0117jimo kontrol\u0117, GSM komunikatorius, apsaugos central\u0117, GSM termostatas, automatikos, apsaugos, HVAC sprendimai.","publisher":{"@id":"https:\/\/topkodas.com\/lt\/#organization"},"potentialAction":[{"@type":"SearchAction","target":{"@type":"EntryPoint","urlTemplate":"https:\/\/topkodas.com\/lt\/?s={search_term_string}"},"query-input":{"@type":"PropertyValueSpecification","valueRequired":true,"valueName":"search_term_string"}}],"inLanguage":"lt-LT"},{"@type":"Organization","@id":"https:\/\/topkodas.com\/lt\/#organization","name":"TOPKODAS","url":"https:\/\/topkodas.com\/lt\/","logo":{"@type":"ImageObject","inLanguage":"lt-LT","@id":"https:\/\/topkodas.com\/lt\/#\/schema\/logo\/image\/","url":"https:\/\/topkodas.com\/wp-content\/uploads\/2020\/03\/topkodas-logo.png","contentUrl":"https:\/\/topkodas.com\/wp-content\/uploads\/2020\/03\/topkodas-logo.png","width":1920,"height":680,"caption":"TOPKODAS"},"image":{"@id":"https:\/\/topkodas.com\/lt\/#\/schema\/logo\/image\/"},"sameAs":["https:\/\/www.facebook.com\/topkodas\/","https:\/\/x.com\/topkodas","https:\/\/www.instagram.com\/topkodasuab\/","https:\/\/www.linkedin.com\/company\/topkodas-uab","https:\/\/www.pinterest.com\/Topkodas\/","https:\/\/www.youtube.com\/channel\/UCPlDZ8Q4G2WM6wQQTgN4K3Q"]}]},"product_price_amount":"99.00","product_price_currency":"EUR","og_availability":"instock","product_availability":"instock","product_retailer_item_id":"PR-1WIO8","product_condition":"new"},"_links":{"self":[{"href":"https:\/\/topkodas.com\/lt\/wp-json\/wp\/v2\/product\/4371","targetHints":{"allow":["GET"]}}],"collection":[{"href":"https:\/\/topkodas.com\/lt\/wp-json\/wp\/v2\/product"}],"about":[{"href":"https:\/\/topkodas.com\/lt\/wp-json\/wp\/v2\/types\/product"}],"replies":[{"embeddable":true,"href":"https:\/\/topkodas.com\/lt\/wp-json\/wp\/v2\/comments?post=4371"}],"wp:featuredmedia":[{"embeddable":true,"href":"https:\/\/topkodas.com\/lt\/wp-json\/wp\/v2\/media\/4296"}],"wp:attachment":[{"href":"https:\/\/topkodas.com\/lt\/wp-json\/wp\/v2\/media?parent=4371"}],"wp:term":[{"taxonomy":"product_brand","embeddable":true,"href":"https:\/\/topkodas.com\/lt\/wp-json\/wp\/v2\/product_brand?post=4371"},{"taxonomy":"product_cat","embeddable":true,"href":"https:\/\/topkodas.com\/lt\/wp-json\/wp\/v2\/product_cat?post=4371"},{"taxonomy":"product_tag","embeddable":true,"href":"https:\/\/topkodas.com\/lt\/wp-json\/wp\/v2\/product_tag?post=4371"}],"curies":[{"name":"wp","href":"https:\/\/api.w.org\/{rel}","templated":true}]}}