{"id":4176,"date":"2021-12-11T15:21:35","date_gmt":"2021-12-15T20:21:57","guid":{"rendered":"https:\/\/www.topkodas.lt\/product\/usb-2-0-type-a-to-mini-b-cable\/"},"modified":"2023-04-02T14:43:39","modified_gmt":"2023-04-02T12:43:39","slug":"usb-2-0-type-a-to-mini-b-cable","status":"publish","type":"product","link":"https:\/\/topkodas.com\/lt\/product\/usb-2-0-type-a-to-mini-b-cable\/","title":{"rendered":"USB 2.0 Type A to Mini B kabelis"},"content":{"rendered":"<div><\/div>\n<div>\n<div>\n<div class=\"mb3\">\n<div class=\"dangerous-html mb3\"><b>USB 2.0 Type A to Mini B Kabelis:<\/b><\/div>\n<\/div>\n<div class=\"mb3\">\n<div class=\"dangerous-html mb3\">\n<ul>\n<li>USB kabelis Type A Ki\u0161tukas to Type Mini B 5-pin Ki\u0161tukas<\/li>\n<li>&#8222;plug and play&#8221; USB kabelis, naudojamas TOPKODAS \u012frenginiams konfig\u016bruoti ir programinei \u012frangai atnaujinti.<\/li>\n<li>Perdavimo greitis iki 480 Mbps, priklausomai nuo USB versijos<\/li>\n<li>Suderinamas su USB 1.0, 1.1 ir 2.0 specifikacijomis<\/li>\n<li>Ilgis: 30 cm<\/li>\n<\/ul>\n<\/div>\n<\/div>\n<\/div>\n<\/div>\n<div><\/div>\n<div><strong>Pakuot\u0119 sudaro:<\/strong><\/div>\n<div>\n<ul>\n<li>1vnt. USB Type A Ki\u0161tukas to Type Mini B 5-pin Ki\u0161tukas<\/li>\n<\/ul>\n<\/div>\n","protected":false},"excerpt":{"rendered":"<p style=\"text-align: justify;\"><span class=\"ILfuVd\"><span class=\"e24Kjd\"><span class=\"a-list-item\">30 cm ilgio USB 2.0 A-Male \u012f Mini-B kabelis<\/span><\/span><\/span><\/p>\n","protected":false},"featured_media":3991,"comment_status":"closed","ping_status":"closed","template":"","meta":{"_acf_changed":false,"inline_featured_image":false},"product_brand":[],"product_cat":[991,994],"product_tag":[993,1024],"class_list":{"0":"post-4176","1":"product","2":"type-product","3":"status-publish","4":"has-post-thumbnail","6":"product_cat-cables","7":"product_cat-cables-lt","8":"product_tag-configuration-cable","9":"product_tag-usb-cable-2","11":"first","12":"instock","13":"shipping-taxable","14":"purchasable","15":"product-type-simple"},"acf":[],"yoast_head":"<!-- This site is optimized with the Yoast SEO Premium plugin v25.0 (Yoast SEO v27.1.1) - https:\/\/yoast.com\/product\/yoast-seo-premium-wordpress\/ -->\n<title>USB 2.0 Type A to Mini B kabelis - TOPKODAS<\/title>\n<meta name=\"description\" content=\"30cm high-speed USB 2.0 A-Male to Mini-B cable , Connects Mini-B-equipped TOPKODAS equipment: PROGATE, GTCOM2 ,GTalarm3 and other....\" \/>\n<meta name=\"robots\" content=\"index, follow, max-snippet:-1, max-image-preview:large, max-video-preview:-1\" \/>\n<link rel=\"canonical\" href=\"https:\/\/topkodas.com\/lt\/product\/usb-2-0-type-a-to-mini-b-cable\/\" \/>\n<meta property=\"og:locale\" content=\"lt_LT\" \/>\n<meta property=\"og:type\" content=\"article\" \/>\n<meta property=\"og:title\" content=\"USB 2.0 Type A to Mini B kabelis\" \/>\n<meta property=\"og:description\" content=\"30cm high-speed USB 2.0 A-Male to Mini-B cable , Connects Mini-B-equipped TOPKODAS equipment: PROGATE, GTCOM2 ,GTalarm3 and other....\" \/>\n<meta property=\"og:url\" content=\"https:\/\/topkodas.com\/lt\/product\/usb-2-0-type-a-to-mini-b-cable\/\" \/>\n<meta property=\"og:site_name\" content=\"TOPKODAS\" \/>\n<meta property=\"article:publisher\" content=\"https:\/\/www.facebook.com\/topkodas\/\" \/>\n<meta property=\"article:modified_time\" content=\"2023-04-02T12:43:39+00:00\" \/>\n<meta property=\"og:image\" content=\"https:\/\/topkodas.com\/wp-content\/uploads\/2020\/04\/GTalarm2.png\" \/>\n<meta name=\"twitter:card\" content=\"summary_large_image\" \/>\n<meta name=\"twitter:site\" content=\"@topkodas\" \/>\n<meta name=\"twitter:label1\" content=\"Price\" \/>\n\t<meta name=\"twitter:data1\" content=\"&euro;7.00\" \/>\n\t<meta name=\"twitter:label2\" content=\"Availability\" \/>\n\t<meta name=\"twitter:data2\" content=\"In stock\" \/>\n<script type=\"application\/ld+json\" class=\"yoast-schema-graph\">{\"@context\":\"https:\/\/schema.org\",\"@graph\":[{\"@type\":\"WebPage\",\"@id\":\"https:\/\/topkodas.com\/lt\/product\/usb-2-0-type-a-to-mini-b-cable\/\",\"url\":\"https:\/\/topkodas.com\/lt\/product\/usb-2-0-type-a-to-mini-b-cable\/\",\"name\":\"USB 2.0 Type A to Mini B kabelis - TOPKODAS\",\"isPartOf\":{\"@id\":\"https:\/\/topkodas.com\/lt\/#website\"},\"primaryImageOfPage\":{\"@id\":\"https:\/\/topkodas.com\/lt\/product\/usb-2-0-type-a-to-mini-b-cable\/#primaryimage\"},\"image\":{\"@id\":\"https:\/\/topkodas.com\/lt\/product\/usb-2-0-type-a-to-mini-b-cable\/#primaryimage\"},\"thumbnailUrl\":\"https:\/\/topkodas.com\/wp-content\/uploads\/2021\/12\/USB2-cable-A-to-B-mini.png\",\"datePublished\":\"2021-12-15T20:21:57+00:00\",\"dateModified\":\"2023-04-02T12:43:39+00:00\",\"description\":\"30cm high-speed USB 2.0 A-Male to Mini-B cable , Connects Mini-B-equipped TOPKODAS equipment: PROGATE, GTCOM2 ,GTalarm3 and other....\",\"breadcrumb\":{\"@id\":\"https:\/\/topkodas.com\/lt\/product\/usb-2-0-type-a-to-mini-b-cable\/#breadcrumb\"},\"inLanguage\":\"lt-LT\",\"potentialAction\":[{\"@type\":\"ReadAction\",\"target\":[\"https:\/\/topkodas.com\/lt\/product\/usb-2-0-type-a-to-mini-b-cable\/\"]}]},{\"@type\":\"ImageObject\",\"inLanguage\":\"lt-LT\",\"@id\":\"https:\/\/topkodas.com\/lt\/product\/usb-2-0-type-a-to-mini-b-cable\/#primaryimage\",\"url\":\"https:\/\/topkodas.com\/wp-content\/uploads\/2021\/12\/USB2-cable-A-to-B-mini.png\",\"contentUrl\":\"https:\/\/topkodas.com\/wp-content\/uploads\/2021\/12\/USB2-cable-A-to-B-mini.png\",\"width\":1000,\"height\":1000},{\"@type\":\"BreadcrumbList\",\"@id\":\"https:\/\/topkodas.com\/lt\/product\/usb-2-0-type-a-to-mini-b-cable\/#breadcrumb\",\"itemListElement\":[{\"@type\":\"ListItem\",\"position\":1,\"name\":\"Home\",\"item\":\"https:\/\/topkodas.com\/lt\/\"},{\"@type\":\"ListItem\",\"position\":2,\"name\":\"Produktai\",\"item\":\"https:\/\/topkodas.com\/lt\/products\/\"},{\"@type\":\"ListItem\",\"position\":3,\"name\":\"Priedai\",\"item\":\"https:\/\/topkodas.com\/lt\/product-category\/accessories-2\/\"},{\"@type\":\"ListItem\",\"position\":4,\"name\":\"Kabeliai\",\"item\":\"https:\/\/topkodas.com\/lt\/product-category\/accessories-2\/cables-lt\/\"},{\"@type\":\"ListItem\",\"position\":5,\"name\":\"USB 2.0 Type A to Mini B kabelis\"}]},{\"@type\":\"WebSite\",\"@id\":\"https:\/\/topkodas.com\/lt\/#website\",\"url\":\"https:\/\/topkodas.com\/lt\/\",\"name\":\"TOPKODAS\",\"description\":\"Pra\u0117jimo kontrol\u0117, GSM komunikatorius, apsaugos central\u0117, GSM termostatas, automatikos, apsaugos, HVAC sprendimai.\",\"publisher\":{\"@id\":\"https:\/\/topkodas.com\/lt\/#organization\"},\"potentialAction\":[{\"@type\":\"SearchAction\",\"target\":{\"@type\":\"EntryPoint\",\"urlTemplate\":\"https:\/\/topkodas.com\/lt\/?s={search_term_string}\"},\"query-input\":{\"@type\":\"PropertyValueSpecification\",\"valueRequired\":true,\"valueName\":\"search_term_string\"}}],\"inLanguage\":\"lt-LT\"},{\"@type\":\"Organization\",\"@id\":\"https:\/\/topkodas.com\/lt\/#organization\",\"name\":\"TOPKODAS\",\"url\":\"https:\/\/topkodas.com\/lt\/\",\"logo\":{\"@type\":\"ImageObject\",\"inLanguage\":\"lt-LT\",\"@id\":\"https:\/\/topkodas.com\/lt\/#\/schema\/logo\/image\/\",\"url\":\"https:\/\/topkodas.com\/wp-content\/uploads\/2020\/03\/topkodas-logo.png\",\"contentUrl\":\"https:\/\/topkodas.com\/wp-content\/uploads\/2020\/03\/topkodas-logo.png\",\"width\":1920,\"height\":680,\"caption\":\"TOPKODAS\"},\"image\":{\"@id\":\"https:\/\/topkodas.com\/lt\/#\/schema\/logo\/image\/\"},\"sameAs\":[\"https:\/\/www.facebook.com\/topkodas\/\",\"https:\/\/x.com\/topkodas\",\"https:\/\/www.instagram.com\/topkodasuab\/\",\"https:\/\/www.linkedin.com\/company\/topkodas-uab\",\"https:\/\/www.pinterest.com\/Topkodas\/\",\"https:\/\/www.youtube.com\/channel\/UCPlDZ8Q4G2WM6wQQTgN4K3Q\"]}]}<\/script>\n<meta property=\"product:price:amount\" content=\"7.00\" \/>\n<meta property=\"product:price:currency\" content=\"EUR\" \/>\n<meta property=\"og:availability\" content=\"instock\" \/>\n<meta property=\"product:availability\" content=\"instock\" \/>\n<meta property=\"product:retailer_item_id\" content=\"PR-USB\/A-MiniUSB\/B\" \/>\n<meta property=\"product:condition\" content=\"new\" \/>\n<!-- \/ Yoast SEO Premium plugin. -->","yoast_head_json":{"title":"USB 2.0 Type A to Mini B kabelis - TOPKODAS","description":"30cm high-speed USB 2.0 A-Male to Mini-B cable , Connects Mini-B-equipped TOPKODAS equipment: PROGATE, GTCOM2 ,GTalarm3 and other....","robots":{"index":"index","follow":"follow","max-snippet":"max-snippet:-1","max-image-preview":"max-image-preview:large","max-video-preview":"max-video-preview:-1"},"canonical":"https:\/\/topkodas.com\/lt\/product\/usb-2-0-type-a-to-mini-b-cable\/","og_locale":"lt_LT","og_type":"article","og_title":"USB 2.0 Type A to Mini B kabelis","og_description":"30cm high-speed USB 2.0 A-Male to Mini-B cable , Connects Mini-B-equipped TOPKODAS equipment: PROGATE, GTCOM2 ,GTalarm3 and other....","og_url":"https:\/\/topkodas.com\/lt\/product\/usb-2-0-type-a-to-mini-b-cable\/","og_site_name":"TOPKODAS","article_publisher":"https:\/\/www.facebook.com\/topkodas\/","article_modified_time":"2023-04-02T12:43:39+00:00","og_image":[{"url":"https:\/\/topkodas.com\/wp-content\/uploads\/2020\/04\/GTalarm2.png","type":"","width":"","height":""}],"twitter_card":"summary_large_image","twitter_site":"@topkodas","twitter_misc":{"Price":"&euro;7.00","Availability":"In stock"},"schema":{"@context":"https:\/\/schema.org","@graph":[{"@type":"WebPage","@id":"https:\/\/topkodas.com\/lt\/product\/usb-2-0-type-a-to-mini-b-cable\/","url":"https:\/\/topkodas.com\/lt\/product\/usb-2-0-type-a-to-mini-b-cable\/","name":"USB 2.0 Type A to Mini B kabelis - TOPKODAS","isPartOf":{"@id":"https:\/\/topkodas.com\/lt\/#website"},"primaryImageOfPage":{"@id":"https:\/\/topkodas.com\/lt\/product\/usb-2-0-type-a-to-mini-b-cable\/#primaryimage"},"image":{"@id":"https:\/\/topkodas.com\/lt\/product\/usb-2-0-type-a-to-mini-b-cable\/#primaryimage"},"thumbnailUrl":"https:\/\/topkodas.com\/wp-content\/uploads\/2021\/12\/USB2-cable-A-to-B-mini.png","datePublished":"2021-12-15T20:21:57+00:00","dateModified":"2023-04-02T12:43:39+00:00","description":"30cm high-speed USB 2.0 A-Male to Mini-B cable , Connects Mini-B-equipped TOPKODAS equipment: PROGATE, GTCOM2 ,GTalarm3 and other....","breadcrumb":{"@id":"https:\/\/topkodas.com\/lt\/product\/usb-2-0-type-a-to-mini-b-cable\/#breadcrumb"},"inLanguage":"lt-LT","potentialAction":[{"@type":"ReadAction","target":["https:\/\/topkodas.com\/lt\/product\/usb-2-0-type-a-to-mini-b-cable\/"]}]},{"@type":"ImageObject","inLanguage":"lt-LT","@id":"https:\/\/topkodas.com\/lt\/product\/usb-2-0-type-a-to-mini-b-cable\/#primaryimage","url":"https:\/\/topkodas.com\/wp-content\/uploads\/2021\/12\/USB2-cable-A-to-B-mini.png","contentUrl":"https:\/\/topkodas.com\/wp-content\/uploads\/2021\/12\/USB2-cable-A-to-B-mini.png","width":1000,"height":1000},{"@type":"BreadcrumbList","@id":"https:\/\/topkodas.com\/lt\/product\/usb-2-0-type-a-to-mini-b-cable\/#breadcrumb","itemListElement":[{"@type":"ListItem","position":1,"name":"Home","item":"https:\/\/topkodas.com\/lt\/"},{"@type":"ListItem","position":2,"name":"Produktai","item":"https:\/\/topkodas.com\/lt\/products\/"},{"@type":"ListItem","position":3,"name":"Priedai","item":"https:\/\/topkodas.com\/lt\/product-category\/accessories-2\/"},{"@type":"ListItem","position":4,"name":"Kabeliai","item":"https:\/\/topkodas.com\/lt\/product-category\/accessories-2\/cables-lt\/"},{"@type":"ListItem","position":5,"name":"USB 2.0 Type A to Mini B kabelis"}]},{"@type":"WebSite","@id":"https:\/\/topkodas.com\/lt\/#website","url":"https:\/\/topkodas.com\/lt\/","name":"TOPKODAS","description":"Pra\u0117jimo kontrol\u0117, GSM komunikatorius, apsaugos central\u0117, GSM termostatas, automatikos, apsaugos, HVAC sprendimai.","publisher":{"@id":"https:\/\/topkodas.com\/lt\/#organization"},"potentialAction":[{"@type":"SearchAction","target":{"@type":"EntryPoint","urlTemplate":"https:\/\/topkodas.com\/lt\/?s={search_term_string}"},"query-input":{"@type":"PropertyValueSpecification","valueRequired":true,"valueName":"search_term_string"}}],"inLanguage":"lt-LT"},{"@type":"Organization","@id":"https:\/\/topkodas.com\/lt\/#organization","name":"TOPKODAS","url":"https:\/\/topkodas.com\/lt\/","logo":{"@type":"ImageObject","inLanguage":"lt-LT","@id":"https:\/\/topkodas.com\/lt\/#\/schema\/logo\/image\/","url":"https:\/\/topkodas.com\/wp-content\/uploads\/2020\/03\/topkodas-logo.png","contentUrl":"https:\/\/topkodas.com\/wp-content\/uploads\/2020\/03\/topkodas-logo.png","width":1920,"height":680,"caption":"TOPKODAS"},"image":{"@id":"https:\/\/topkodas.com\/lt\/#\/schema\/logo\/image\/"},"sameAs":["https:\/\/www.facebook.com\/topkodas\/","https:\/\/x.com\/topkodas","https:\/\/www.instagram.com\/topkodasuab\/","https:\/\/www.linkedin.com\/company\/topkodas-uab","https:\/\/www.pinterest.com\/Topkodas\/","https:\/\/www.youtube.com\/channel\/UCPlDZ8Q4G2WM6wQQTgN4K3Q"]}]},"product_price_amount":"7.00","product_price_currency":"EUR","og_availability":"instock","product_availability":"instock","product_retailer_item_id":"PR-USB\/A-MiniUSB\/B","product_condition":"new"},"_links":{"self":[{"href":"https:\/\/topkodas.com\/lt\/wp-json\/wp\/v2\/product\/4176","targetHints":{"allow":["GET"]}}],"collection":[{"href":"https:\/\/topkodas.com\/lt\/wp-json\/wp\/v2\/product"}],"about":[{"href":"https:\/\/topkodas.com\/lt\/wp-json\/wp\/v2\/types\/product"}],"replies":[{"embeddable":true,"href":"https:\/\/topkodas.com\/lt\/wp-json\/wp\/v2\/comments?post=4176"}],"wp:featuredmedia":[{"embeddable":true,"href":"https:\/\/topkodas.com\/lt\/wp-json\/wp\/v2\/media\/3991"}],"wp:attachment":[{"href":"https:\/\/topkodas.com\/lt\/wp-json\/wp\/v2\/media?parent=4176"}],"wp:term":[{"taxonomy":"product_brand","embeddable":true,"href":"https:\/\/topkodas.com\/lt\/wp-json\/wp\/v2\/product_brand?post=4176"},{"taxonomy":"product_cat","embeddable":true,"href":"https:\/\/topkodas.com\/lt\/wp-json\/wp\/v2\/product_cat?post=4176"},{"taxonomy":"product_tag","embeddable":true,"href":"https:\/\/topkodas.com\/lt\/wp-json\/wp\/v2\/product_tag?post=4176"}],"curies":[{"name":"wp","href":"https:\/\/api.w.org\/{rel}","templated":true}]}}