{"id":3922,"date":"2020-04-19T00:39:51","date_gmt":"2020-04-18T21:39:51","guid":{"rendered":"https:\/\/www.topkodas.lt\/product\/smart-home-automation-system-gtalarm2\/"},"modified":"2022-10-29T19:36:41","modified_gmt":"2022-10-29T17:36:41","slug":"gtalarm2","status":"publish","type":"product","link":"https:\/\/topkodas.com\/lt\/product\/gtalarm2\/","title":{"rendered":"GTalarm2 &#8211; GSM apsauga ir automatikos sistema"},"content":{"rendered":"<h1>Taikymas<\/h1>\n<ul>\n<li>Apsaugos sistema namams, laivams, automobiliams ir kitom patalpom.<\/li>\n<li>\u012eeigos kontrol\u0117. Vart\u0173, dur\u0173, u\u017etvar\u0173 ir kt.<\/li>\n<li>Prie\u0161gaisrin\u0117 signalizacija. Standartiniai 2 laid\u0173 arba 4 laid\u0173 jutikliai.<\/li>\n<li>GSM termostatas iki 32 sensori\u0173.\n<ul>\n<li>\u0160ildymo, v\u0117dinimo ir oro kondicionavimo sprendimai (namams \/ ma\u017eiems biurams \/ poilsio nameliams \/ serverinei \/ kitoms patalpoms)<\/li>\n<li>temperat\u016bros steb\u0117jimas ir valdymas.<\/li>\n<li>\u0160aldymo kamera vaistams, vakcinoms ir kt. laikyti.<\/li>\n<li>Sand\u0117liai, naudojami jautrioms temperat\u016brai prek\u0117ms: vaistams, maisto produktams, vaisiams, laikyti. \u0160aldymo sand\u0117liai, naudojami maistui, m\u0117sai ir kt.<\/li>\n<li>\u017dem\u0117s \u016bkio kult\u016br\u0173 saugykl\u0173 dr\u0117kinimas ir dr\u0117gm\u0117s kontrol\u0117.<\/li>\n<li>\u0160iltnami\u0173 temperat\u016bros ir dr\u0117gm\u0117s kontrol\u0117. Auginimo plot\u0173, ma\u017e\u0173 \u0161iltnami\u0173 ir net auginimo palapini\u0173 steb\u0117jimas ir kontrol\u0117.<\/li>\n<\/ul>\n<\/li>\n<li>Nuotoliniam patalp\u0173 steb\u0117jimui ir kontrolei bei valdymui per GSM tinkl\u0105.<\/li>\n<li>\u012evairi\u0173 \u012frengini\u0173 nuotolinis valdymas ir steb\u0117jimas per GSM GPRS, SMS, DIAL, WEB internet\u0105<\/li>\n<\/ul>\n<div>\n<h2><\/h2>\n<h2>Savyb\u0117s<\/h2>\n<ul>\n<li>8 vartotojai, kurie gauna informacij\u0105 apie saugom\u0105 objekt\u0105. Informacijos gavimas SMS \u017einute arba trumpuoju skambu\u010diu.<\/li>\n<li>Siun\u010dia \u012fvykius \u012f steb\u0117jimo pulto imtuv\u0105:\n<ul>\n<li>Siun\u010dia \u012fvykius \u012f SIA DC-09 imtuvus. SIA DC-09 yra\u00a0 SIA asociacijos patvirtintas standartinis protokolas pla\u010diai naudojamas visame pasaulyje. Palaikomi SIA IP DC09 komunikatoriaus standartai:\n<ul>\n<li><span class=\"st\">ANSI\/<em>SIA DC<\/em>&#8211;<em>09<\/em>-2007 <\/span><\/li>\n<li><span class=\"st\">ANSI\/<em>SIA DC<\/em>&#8211;<em>09<\/em>-2012 <\/span><\/li>\n<li><span class=\"st\">ANSI\/<em>SIA DC<\/em>&#8211;<em>09<\/em>-2013 <\/span><\/li>\n<\/ul>\n<\/li>\n<li>PING kontrol\u0117<\/li>\n<li>AES128 kodavimas<\/li>\n<li>Duomen\u0173 perdavimas: TCP\/IP arba UDP\/IP per GSM GPRS.<\/li>\n<li>Sutrikus pagrindiniam ry\u0161io kanalui gali b\u016bti naudojamas atsarginis kanalas, kuris bus naudojamas nutr\u016bkus ry\u0161iui pirminiu kanalu.<\/li>\n<\/ul>\n<\/li>\n<li>Sistemos valdymas ir steb\u0117jimas su <strong>SeraNova<\/strong> program\u0117le:\n<ul>\n<li>\u201ePush\u201d ir special\u016bs garso \u012fsp\u0117jimai apie \u012fvykius<\/li>\n<li>Nuotolinis sistemos \u012fjungimas\/i\u0161jungimas.<\/li>\n<li>Prijungt\u0173 \u012frengini\u0173 valdymas (\u0161vies\u0173, vart\u0173, kondicionieriaus, \u0161ildymo, pievut\u0117s laistymo ir kt.).<\/li>\n<li>Temperat\u016bros steb\u0117sena. Gali b\u016bti prijungta iki 32 sensori\u0173. Jungiama tiesiogiai prie 1Wire kontakto. Nereikia jokios papildomos \u012frangos.<\/li>\n<li>Skirtingos vartotoj\u0173 teis\u0117s administratoriui, instaliuotojui ir pakviestam vartotojui.<\/li>\n<li>Vartotojai apie \u012fvykius taip pat gali b\u016bti informuojami SMS \u017einut\u0117mis arba skambu\u010diu.<\/li>\n<li>Nuotolinis valdymas ir steb\u0117jimas naudojant Android program\u0117l\u0119 arba bet kuri\u0105 interneto nar\u0161ykl\u0119 i\u0161 bet kurios pasaulio vietos<\/li>\n<\/ul>\n<\/li>\n<li>4 PGM i\u0161\u0117jimai 24V\/1000mA.Valdymas GSM skambu\u010diu \/ program\u0117le \/ SMS \/ RFID<\/li>\n<li>32 temperat\u016bros jutikliai arba 1 dr\u0117gm\u0117s ir temperat\u016bros jutiklis.\u00a0 Temperat\u016bros kontrol\u0117, steb\u0117jimas, aliarmas ir valdymas.<\/li>\n<li>Galima \u012fjungti\/i\u0161jungti central\u0119 nuotoliniu b\u016bdu trumpuoju skambu\u010diu, per program\u0117l\u0119, WEB, SMS, RFID, iButton<\/li>\n<li>I\u0161sam\u016bs prane\u0161imai apie pavojaus \u012fvykius ir visus kitus \u012fvykius, pvz., ap\u0117jim\u0105, ma\u017e\u0105 baterijos kiek\u012f, kintamosios srov\u0117s gedim\u0105 ir kt.<\/li>\n<li>Sistema valdoma naudojant \u201emaxim-dallas iButton\u201c mygtukus (iButton DS1990A \u2013 64 bit\u0173 ID)<\/li>\n<li>32 temperat\u016bros jutikliai arba 1 dr\u0117gm\u0117s ir temperat\u016bros jutiklis. automatizavimo tikslais. Temperat\u016bros kontrol\u0117, steb\u0117jimas, aliarmas ir valdymas.\n<ul>\n<li>32 termostatai. Keturi\u0173 lygi\u0173 temperat\u016bros nustatymai.<\/li>\n<li>Programuojama histerez\u0117, valdymo, aliarm\u0173 slenks\u010diai<\/li>\n<li class=\"list-group-item\">Galimyb\u0117 papildomai kalibruoti jutiklius.<\/li>\n<li class=\"list-group-item\">Kei\u010diami jutikli\u0173 matavimo vienetai<\/li>\n<\/ul>\n<\/li>\n<li>4 PGM i\u0161\u0117jimai 24V\/1000mA.\u0160e\u0161i PGM i\u0161\u0117jim\u0173 ir sistemos valdymo b\u016bdai Skambutis\/App\/SMS\/RFID\/iButton\/Code<\/li>\n<li>2 I\/O \u012f\u0117jimai \/ i\u0161\u0117jimai.<\/li>\n<li>6 \u012f\u0117jimai<\/li>\n<li>Galimyb\u0117 prijungti Wiegand klaviat\u016bra ir korteli\u0173 skaitytuv\u0105<\/li>\n<li>800 nuotolinio valdymo vartotoj\u0173, valdan\u010di\u0173 GSM skambu\u010diu arba naudodami iButton raktus<\/li>\n<li>Konfig\u016bravimas naudojant standartin\u012f mini-USB kabel\u012f<\/li>\n<li>Nuotolinis konfig\u016bravimas ir programin\u0117s \u012frangos atnaujinimas<\/li>\n<li>Lengvas modulio testavimas ir diagnostika per USB naudojant SERA program\u0105. Labai naudinga funkcija \u2013 gedim\u0173 \u0161alinimas ir modulio testavimas per USB kompiuter\u012f; taip sutaupoma montuotojo laiko ir galima realiuoju laiku steb\u0117ti modulio parametrus, \u012fvesties\/i\u0161vesties ir GSM modemo b\u016bsen\u0105 (IMEI, SIM, registracija) ir kt.<\/li>\n<li>Nemokama konfig\u016bravimo ir diagnostikos programin\u0117 \u012franga<\/li>\n<li>Nemokama \u201eAndroid\u201c program\u0117l\u0117 SeraNova ir WEB Cloud paslauga.<\/li>\n<li>Prakti\u0161kai neribotas Cloud serverio \u012fvyki\u0173 \u017eurnalas<\/li>\n<li>\u012evyki\u0173 \u017eurnalo buferis. 2048 \u012fvykiai<\/li>\n<li>\u012emontuota realaus laiko laikrod\u017eio baterija<\/li>\n<\/ul>\n<div align=\"left\">Parsisi\u0173skite Android program\u0117l\u0119 <strong>SeraNova<\/strong> \u010dia:<\/div>\n<div align=\"left\">\n<blockquote><p><a href=\"https:\/\/play.google.com\/store\/apps\/details?id=com.seranova.cloud\" target=\"_blank\" rel=\"noopener\"><img loading=\"lazy\" decoding=\"async\" class=\"alignnone\" title=\"google-play-badge\" src=\"https:\/\/topkodas.com\/images\/products\/google-play-badge.svg\" alt=\"google-play-badge\" width=\"128\" height=\"38\" \/><\/a><\/p><\/blockquote>\n<\/div>\n<div><\/div>\n<\/div>\n","protected":false},"excerpt":{"rendered":"<p>GTalarm2 &#8211; GSM i\u0161manioji daugiafunkc\u0117 apsaugos central\u0117 su integruotu mobiliojo ry\u0161io komunikatoriumi.<\/p>\n<ul>\n<li>GSM modemo 2G ir 4G variantai<\/li>\n<li>Komunikatorius, kuris informuoja vartotojus apie apsaugos sistemos \u012fvykius SeraNova program\u0117l\u0117je arba SMS.<\/li>\n<li>Siun\u010dia \u012fvyki\u0173 prane\u0161imus \u012f saugos tarnybos standartinius SIA DC-09 imtuvus.<\/li>\n<li>Valdiklis, su kuriuo galima valdyti vartus, \u0161ildymo ar ventiliacijos sistemas ir kit\u0105 \u012frang\u0105 nuotoliniu b\u016bdu.<\/li>\n<li>Pra\u0117jimo kontrol\u0117s ir i\u0161\u0117jim\u0173 tvarkara\u0161\u010diai<\/li>\n<li>Central\u0117 apsaugai nuo \u012fsilau\u017eimo ar gaisro, kuri\u0105 galima steb\u0117ti ir valdyti (ARM\/DISARM) nuotoliniu b\u016bdu.<\/li>\n<li>32 Termostatai valdomi su SeraNova program\u0117le<\/li>\n<li>Nuotolinis dr\u0117gm\u0117s ir temperat\u016bros steb\u0117jimas ir aliarmai. Iki 32 jutikli\u0173 steb\u0117jimas ir valdymas 4 ta\u0161kuose.<\/li>\n<li>Sistema puikiai veikia su \u0161ildytuvais, oro kondicionieriais, \u0161aldytuvais ir kt.<\/li>\n<\/ul>\n","protected":false},"featured_media":3617,"comment_status":"closed","ping_status":"closed","template":"","meta":{"_acf_changed":false,"inline_featured_image":false},"product_brand":[],"product_cat":[20,40],"product_tag":[815,925,814,943,263,931,816,950,869,939,930,261,974,975,871,915,928,260,515,513,960,817,958,965,890,966,889,262,870,968,912,862,818,978,929],"class_list":{"0":"post-3922","1":"product","2":"type-product","3":"status-publish","4":"has-post-thumbnail","6":"product_cat-gsm_controllers","7":"product_cat-valdikliai","8":"product_tag-0-10v","9":"product_tag-0-10v-lt","10":"product_tag-4-20ma","11":"product_tag-4-20ma-lt","12":"product_tag-alarm","13":"product_tag-aliarmas-lt","14":"product_tag-analog-inputs","15":"product_tag-analoginiai-iejimai-lt","16":"product_tag-ansi-sia-dc-09-2012","17":"product_tag-ansi-sia-dc-09-2012-lt","18":"product_tag-apsauga-lt","19":"product_tag-controller","20":"product_tag-dregmes-aliarmas-lt","21":"product_tag-dregmes-jutiklis-lt","22":"product_tag-free-android-app","23":"product_tag-gsm-lt-lt","24":"product_tag-gsm-lt","25":"product_tag-gsm","26":"product_tag-humidity-alarm","27":"product_tag-humidity-sensor","28":"product_tag-hvac-lt","29":"product_tag-hvac","30":"product_tag-nemokamas-android-app-lt","31":"product_tag-rtu-lt","32":"product_tag-rtu","33":"product_tag-scada-lt","34":"product_tag-scada","35":"product_tag-security","36":"product_tag-sia-ip-dc09","37":"product_tag-sia-ip-dc09-lt","38":"product_tag-sms-lt","39":"product_tag-sms","40":"product_tag-temperature-alarm","41":"product_tag-temperaturos-aliarmas-lt","42":"product_tag-valdiklis-lt","44":"first","45":"instock","46":"shipping-taxable","47":"purchasable","48":"product-type-variable"},"acf":[],"yoast_head":"<!-- This site is optimized with the Yoast SEO Premium plugin v25.0 (Yoast SEO v27.1.1) - https:\/\/yoast.com\/product\/yoast-seo-premium-wordpress\/ -->\n<title>GTalarm2 - GSM apsauga ir automatikos sistema - TOPKODAS<\/title>\n<meta name=\"description\" content=\"57\" \/>\n<meta name=\"robots\" content=\"index, follow, max-snippet:-1, max-image-preview:large, max-video-preview:-1\" \/>\n<link rel=\"canonical\" href=\"https:\/\/topkodas.com\/lt\/product\/gtalarm2\/\" \/>\n<meta property=\"og:locale\" content=\"lt_LT\" \/>\n<meta property=\"og:type\" content=\"article\" \/>\n<meta property=\"og:title\" content=\"GTalarm2 - GSM apsauga ir automatikos sistema\" \/>\n<meta property=\"og:description\" content=\"57\" \/>\n<meta property=\"og:url\" content=\"https:\/\/topkodas.com\/lt\/product\/gtalarm2\/\" \/>\n<meta property=\"og:site_name\" content=\"TOPKODAS\" \/>\n<meta property=\"article:publisher\" content=\"https:\/\/www.facebook.com\/topkodas\/\" \/>\n<meta property=\"article:modified_time\" content=\"2022-10-29T17:36:41+00:00\" \/>\n<meta property=\"og:image\" content=\"https:\/\/topkodas.com\/wp-content\/uploads\/2020\/04\/GTalarm2.png\" \/>\n\t<meta property=\"og:image:width\" content=\"1120\" \/>\n\t<meta property=\"og:image:height\" content=\"1107\" \/>\n\t<meta property=\"og:image:type\" content=\"image\/png\" \/>\n<meta name=\"twitter:card\" content=\"summary_large_image\" \/>\n<meta name=\"twitter:site\" content=\"@topkodas\" \/>\n<meta name=\"twitter:label1\" content=\"Availability\" \/>\n\t<meta name=\"twitter:data1\" content=\"In stock\" \/>\n<script type=\"application\/ld+json\" class=\"yoast-schema-graph\">{\"@context\":\"https:\/\/schema.org\",\"@graph\":[{\"@type\":\"WebPage\",\"@id\":\"https:\/\/topkodas.com\/lt\/product\/gtalarm2\/\",\"url\":\"https:\/\/topkodas.com\/lt\/product\/gtalarm2\/\",\"name\":\"GTalarm2 - GSM apsauga ir automatikos sistema - TOPKODAS\",\"isPartOf\":{\"@id\":\"https:\/\/topkodas.com\/lt\/#website\"},\"primaryImageOfPage\":{\"@id\":\"https:\/\/topkodas.com\/lt\/product\/gtalarm2\/#primaryimage\"},\"image\":{\"@id\":\"https:\/\/topkodas.com\/lt\/product\/gtalarm2\/#primaryimage\"},\"thumbnailUrl\":\"https:\/\/topkodas.com\/wp-content\/uploads\/2021\/08\/GTalarm2_v1.png\",\"datePublished\":\"2020-04-18T21:39:51+00:00\",\"dateModified\":\"2022-10-29T17:36:41+00:00\",\"description\":\"57\",\"breadcrumb\":{\"@id\":\"https:\/\/topkodas.com\/lt\/product\/gtalarm2\/#breadcrumb\"},\"inLanguage\":\"lt-LT\",\"potentialAction\":[{\"@type\":\"ReadAction\",\"target\":[\"https:\/\/topkodas.com\/lt\/product\/gtalarm2\/\"]}]},{\"@type\":\"ImageObject\",\"inLanguage\":\"lt-LT\",\"@id\":\"https:\/\/topkodas.com\/lt\/product\/gtalarm2\/#primaryimage\",\"url\":\"https:\/\/topkodas.com\/wp-content\/uploads\/2021\/08\/GTalarm2_v1.png\",\"contentUrl\":\"https:\/\/topkodas.com\/wp-content\/uploads\/2021\/08\/GTalarm2_v1.png\",\"width\":2420,\"height\":2000},{\"@type\":\"BreadcrumbList\",\"@id\":\"https:\/\/topkodas.com\/lt\/product\/gtalarm2\/#breadcrumb\",\"itemListElement\":[{\"@type\":\"ListItem\",\"position\":1,\"name\":\"Home\",\"item\":\"https:\/\/topkodas.com\/lt\/\"},{\"@type\":\"ListItem\",\"position\":2,\"name\":\"Produktai\",\"item\":\"https:\/\/topkodas.com\/lt\/products\/\"},{\"@type\":\"ListItem\",\"position\":3,\"name\":\"Valdikliai\",\"item\":\"https:\/\/topkodas.com\/lt\/product-category\/valdikliai\/\"},{\"@type\":\"ListItem\",\"position\":4,\"name\":\"GTalarm2 &#8211; GSM apsauga ir automatikos sistema\"}]},{\"@type\":\"WebSite\",\"@id\":\"https:\/\/topkodas.com\/lt\/#website\",\"url\":\"https:\/\/topkodas.com\/lt\/\",\"name\":\"TOPKODAS\",\"description\":\"Pra\u0117jimo kontrol\u0117, GSM komunikatorius, apsaugos central\u0117, GSM termostatas, automatikos, apsaugos, HVAC sprendimai.\",\"publisher\":{\"@id\":\"https:\/\/topkodas.com\/lt\/#organization\"},\"potentialAction\":[{\"@type\":\"SearchAction\",\"target\":{\"@type\":\"EntryPoint\",\"urlTemplate\":\"https:\/\/topkodas.com\/lt\/?s={search_term_string}\"},\"query-input\":{\"@type\":\"PropertyValueSpecification\",\"valueRequired\":true,\"valueName\":\"search_term_string\"}}],\"inLanguage\":\"lt-LT\"},{\"@type\":\"Organization\",\"@id\":\"https:\/\/topkodas.com\/lt\/#organization\",\"name\":\"TOPKODAS\",\"url\":\"https:\/\/topkodas.com\/lt\/\",\"logo\":{\"@type\":\"ImageObject\",\"inLanguage\":\"lt-LT\",\"@id\":\"https:\/\/topkodas.com\/lt\/#\/schema\/logo\/image\/\",\"url\":\"https:\/\/topkodas.com\/wp-content\/uploads\/2020\/03\/topkodas-logo.png\",\"contentUrl\":\"https:\/\/topkodas.com\/wp-content\/uploads\/2020\/03\/topkodas-logo.png\",\"width\":1920,\"height\":680,\"caption\":\"TOPKODAS\"},\"image\":{\"@id\":\"https:\/\/topkodas.com\/lt\/#\/schema\/logo\/image\/\"},\"sameAs\":[\"https:\/\/www.facebook.com\/topkodas\/\",\"https:\/\/x.com\/topkodas\",\"https:\/\/www.instagram.com\/topkodasuab\/\",\"https:\/\/www.linkedin.com\/company\/topkodas-uab\",\"https:\/\/www.pinterest.com\/Topkodas\/\",\"https:\/\/www.youtube.com\/channel\/UCPlDZ8Q4G2WM6wQQTgN4K3Q\"]}]}<\/script>\n<meta property=\"og:availability\" content=\"instock\" \/>\n<meta property=\"product:availability\" content=\"instock\" \/>\n<meta property=\"product:condition\" content=\"new\" \/>\n<!-- \/ Yoast SEO Premium plugin. -->","yoast_head_json":{"title":"GTalarm2 - GSM apsauga ir automatikos sistema - TOPKODAS","description":"57","robots":{"index":"index","follow":"follow","max-snippet":"max-snippet:-1","max-image-preview":"max-image-preview:large","max-video-preview":"max-video-preview:-1"},"canonical":"https:\/\/topkodas.com\/lt\/product\/gtalarm2\/","og_locale":"lt_LT","og_type":"article","og_title":"GTalarm2 - GSM apsauga ir automatikos sistema","og_description":"57","og_url":"https:\/\/topkodas.com\/lt\/product\/gtalarm2\/","og_site_name":"TOPKODAS","article_publisher":"https:\/\/www.facebook.com\/topkodas\/","article_modified_time":"2022-10-29T17:36:41+00:00","og_image":[{"width":1120,"height":1107,"url":"https:\/\/topkodas.com\/wp-content\/uploads\/2020\/04\/GTalarm2.png","type":"image\/png"}],"twitter_card":"summary_large_image","twitter_site":"@topkodas","twitter_misc":{"Availability":"In stock"},"schema":{"@context":"https:\/\/schema.org","@graph":[{"@type":"WebPage","@id":"https:\/\/topkodas.com\/lt\/product\/gtalarm2\/","url":"https:\/\/topkodas.com\/lt\/product\/gtalarm2\/","name":"GTalarm2 - GSM apsauga ir automatikos sistema - TOPKODAS","isPartOf":{"@id":"https:\/\/topkodas.com\/lt\/#website"},"primaryImageOfPage":{"@id":"https:\/\/topkodas.com\/lt\/product\/gtalarm2\/#primaryimage"},"image":{"@id":"https:\/\/topkodas.com\/lt\/product\/gtalarm2\/#primaryimage"},"thumbnailUrl":"https:\/\/topkodas.com\/wp-content\/uploads\/2021\/08\/GTalarm2_v1.png","datePublished":"2020-04-18T21:39:51+00:00","dateModified":"2022-10-29T17:36:41+00:00","description":"57","breadcrumb":{"@id":"https:\/\/topkodas.com\/lt\/product\/gtalarm2\/#breadcrumb"},"inLanguage":"lt-LT","potentialAction":[{"@type":"ReadAction","target":["https:\/\/topkodas.com\/lt\/product\/gtalarm2\/"]}]},{"@type":"ImageObject","inLanguage":"lt-LT","@id":"https:\/\/topkodas.com\/lt\/product\/gtalarm2\/#primaryimage","url":"https:\/\/topkodas.com\/wp-content\/uploads\/2021\/08\/GTalarm2_v1.png","contentUrl":"https:\/\/topkodas.com\/wp-content\/uploads\/2021\/08\/GTalarm2_v1.png","width":2420,"height":2000},{"@type":"BreadcrumbList","@id":"https:\/\/topkodas.com\/lt\/product\/gtalarm2\/#breadcrumb","itemListElement":[{"@type":"ListItem","position":1,"name":"Home","item":"https:\/\/topkodas.com\/lt\/"},{"@type":"ListItem","position":2,"name":"Produktai","item":"https:\/\/topkodas.com\/lt\/products\/"},{"@type":"ListItem","position":3,"name":"Valdikliai","item":"https:\/\/topkodas.com\/lt\/product-category\/valdikliai\/"},{"@type":"ListItem","position":4,"name":"GTalarm2 &#8211; GSM apsauga ir automatikos sistema"}]},{"@type":"WebSite","@id":"https:\/\/topkodas.com\/lt\/#website","url":"https:\/\/topkodas.com\/lt\/","name":"TOPKODAS","description":"Pra\u0117jimo kontrol\u0117, GSM komunikatorius, apsaugos central\u0117, GSM termostatas, automatikos, apsaugos, HVAC sprendimai.","publisher":{"@id":"https:\/\/topkodas.com\/lt\/#organization"},"potentialAction":[{"@type":"SearchAction","target":{"@type":"EntryPoint","urlTemplate":"https:\/\/topkodas.com\/lt\/?s={search_term_string}"},"query-input":{"@type":"PropertyValueSpecification","valueRequired":true,"valueName":"search_term_string"}}],"inLanguage":"lt-LT"},{"@type":"Organization","@id":"https:\/\/topkodas.com\/lt\/#organization","name":"TOPKODAS","url":"https:\/\/topkodas.com\/lt\/","logo":{"@type":"ImageObject","inLanguage":"lt-LT","@id":"https:\/\/topkodas.com\/lt\/#\/schema\/logo\/image\/","url":"https:\/\/topkodas.com\/wp-content\/uploads\/2020\/03\/topkodas-logo.png","contentUrl":"https:\/\/topkodas.com\/wp-content\/uploads\/2020\/03\/topkodas-logo.png","width":1920,"height":680,"caption":"TOPKODAS"},"image":{"@id":"https:\/\/topkodas.com\/lt\/#\/schema\/logo\/image\/"},"sameAs":["https:\/\/www.facebook.com\/topkodas\/","https:\/\/x.com\/topkodas","https:\/\/www.instagram.com\/topkodasuab\/","https:\/\/www.linkedin.com\/company\/topkodas-uab","https:\/\/www.pinterest.com\/Topkodas\/","https:\/\/www.youtube.com\/channel\/UCPlDZ8Q4G2WM6wQQTgN4K3Q"]}]},"og_availability":"instock","product_availability":"instock","product_condition":"new"},"_links":{"self":[{"href":"https:\/\/topkodas.com\/lt\/wp-json\/wp\/v2\/product\/3922","targetHints":{"allow":["GET"]}}],"collection":[{"href":"https:\/\/topkodas.com\/lt\/wp-json\/wp\/v2\/product"}],"about":[{"href":"https:\/\/topkodas.com\/lt\/wp-json\/wp\/v2\/types\/product"}],"replies":[{"embeddable":true,"href":"https:\/\/topkodas.com\/lt\/wp-json\/wp\/v2\/comments?post=3922"}],"wp:featuredmedia":[{"embeddable":true,"href":"https:\/\/topkodas.com\/lt\/wp-json\/wp\/v2\/media\/3617"}],"wp:attachment":[{"href":"https:\/\/topkodas.com\/lt\/wp-json\/wp\/v2\/media?parent=3922"}],"wp:term":[{"taxonomy":"product_brand","embeddable":true,"href":"https:\/\/topkodas.com\/lt\/wp-json\/wp\/v2\/product_brand?post=3922"},{"taxonomy":"product_cat","embeddable":true,"href":"https:\/\/topkodas.com\/lt\/wp-json\/wp\/v2\/product_cat?post=3922"},{"taxonomy":"product_tag","embeddable":true,"href":"https:\/\/topkodas.com\/lt\/wp-json\/wp\/v2\/product_tag?post=3922"}],"curies":[{"name":"wp","href":"https:\/\/api.w.org\/{rel}","templated":true}]}}