{"id":3806,"date":"2021-08-31T19:39:28","date_gmt":"2021-08-31T16:39:29","guid":{"rendered":"https:\/\/www.topkodas.lt\/?post_type=product&#038;p=3806"},"modified":"2023-04-02T19:54:27","modified_gmt":"2023-04-02T17:54:27","slug":"tfld1-water-flood-detector","status":"publish","type":"product","link":"https:\/\/topkodas.com\/lt\/product\/tfld1-water-flood-detector\/","title":{"rendered":"TFLD1 &#8211; Vandens u\u017eliejimo jutiklis"},"content":{"rendered":"<div>\n<div>\n<p>Vandens u\u017eliejimo detektorius TFLD1 turi zond\u0105 ant 170 cm ilgio laido. Laid\u0105 galima sutrumpinti, jei reikia, kad b\u016bt\u0173 lengviau montuoti ir montavimo vieta labiau atitikt\u0173 naudotojo poreikius.<\/p>\n<p>U\u017eliejimo aliarmas suveikia, kai zondo elektrodas lie\u010diasi su vandeniu.<\/p>\n<\/div>\n<div>\n<p>Vandens nutek\u0117jimo detektorius pritaikytas tiesiogiai prijungti prie TOPKODAS valdiklio GTM1 , PROGATE, GTalarm3;<\/p>\n<p>Vandens nutek\u0117jimo atveju siun\u010dia <strong>SMS<\/strong>, <strong>Push prane\u0161imus<\/strong> \u012f <strong>APP<\/strong> arba \u012f <strong>CMS<\/strong><br \/>\nN\u0117ra mechanini\u0173 dali\u0173, n\u0117ra r\u016bd\u017ei\u0173 ir nesusid\u0117v\u0117jimo;<\/p>\n<\/div>\n<\/div>\n<div><strong>Specifikacija:<\/strong><\/div>\n<ul>\n<li>Prie kiekvienos zonos galima prijungti iki 3-5 jutikli\u0173.<\/li>\n<li id=\"features-tab\" class=\"tab-pane fade active in\" role=\"tabpanel\">\n<div class=\"col-sm-12\">Laido ilgis: 170 cm;<\/div>\n<\/li>\n<li class=\"tab-pane fade active in\" role=\"tabpanel\">\n<div class=\"col-sm-12\">Maitinimo \u012ftampa: 12V DC.<\/div>\n<div><\/div>\n<\/li>\n<\/ul>\n<p>&nbsp;<\/p>\n<p><strong>Pritaikymas:<\/strong><\/p>\n<p>Vandens nuot\u0117kio detektorius idealiai tinka vandens nuot\u0117kiui namuose aptikti potvynio, \u0161ildymo sistemos, v\u0117dinimo sistemos, oro kondicionavimo sistemos, vandentiekio avarijos atveju ir bet kurioje kitoje situacijoje, kai yra tikimyb\u0117 i\u0161silieti vandeniui.<\/p>\n<p>TFLD1 skirtas montuoti vonios kambariuose, virtuv\u0117se, skalbyklose (prie indaplov\u0117s, skalbimo ma\u0161inos ir pan.), r\u016bsiuose ir kitose patalpose, kuriose yra vandens \u012frengini\u0173. Tai taip pat idealus sprendimas apsaugoti patalpas, kuriose yra akvariumo bakas, vandens lova ir pan.<\/p>\n<p>&nbsp;<\/p>\n<p><strong>Pakuot\u0119 sudaro:<\/strong><\/p>\n<p>1vnt TFLD1 vandens u\u017etvindymo detektorius<\/p>\n","protected":false},"excerpt":{"rendered":"<p style=\"text-align: justify;\"><span class=\"ILfuVd\"><span class=\"e24Kjd\"><strong>TFLD1<\/strong> &#8211; Vandens u\u017eliejimo detektorius skirtas montuoti vonios kambariuose, virtuv\u0117se, skalbyklose (prie indaplov\u0117s, skalbimo ma\u0161inos ir kt.), r\u016bsiuose ir kitose patalpose, kuriose yra vandens \u012frengini\u0173. Tai taip pat idealus sprendimas apsaugoti patalpas, kuriose yra akvariumo bakas, vandens lova ir pan.<br \/>\n<\/span><\/span><\/p>\n","protected":false},"featured_media":3808,"comment_status":"open","ping_status":"closed","template":"","meta":{"_acf_changed":false,"inline_featured_image":false},"product_brand":[],"product_cat":[920],"product_tag":[987,985,986],"class_list":{"0":"post-3806","1":"product","2":"type-product","3":"status-publish","4":"has-post-thumbnail","6":"product_cat-sensors-lt","7":"product_tag-sensor","8":"product_tag-water-flood-detector","9":"product_tag-water-leak-detector","11":"first","12":"instock","13":"shipping-taxable","14":"purchasable","15":"product-type-simple"},"acf":[],"yoast_head":"<!-- This site is optimized with the Yoast SEO Premium plugin v25.0 (Yoast SEO v27.1.1) - https:\/\/yoast.com\/product\/yoast-seo-premium-wordpress\/ -->\n<title>TFLD1 - Vandens u\u017eliejimo jutiklis - TOPKODAS Potvynio pavojaus signalas<\/title>\n<meta name=\"description\" content=\"TFLD1 Vandens potvynio daviklis. U\u017eliejimo signalas suveikia, kai zondo elektrodas lie\u010diasi su vandeniu, aptikus vandens u\u017eliejim\u0105 vandens \u012frenginiuose.\" \/>\n<meta name=\"robots\" content=\"index, follow, max-snippet:-1, max-image-preview:large, max-video-preview:-1\" \/>\n<link rel=\"canonical\" href=\"https:\/\/topkodas.com\/lt\/product\/tfld1-water-flood-detector\/\" \/>\n<meta property=\"og:locale\" content=\"lt_LT\" \/>\n<meta property=\"og:type\" content=\"article\" \/>\n<meta property=\"og:title\" content=\"TFLD1 - Vandens u\u017eliejimo jutiklis\" \/>\n<meta property=\"og:description\" content=\"TFLD1 Vandens potvynio daviklis. U\u017eliejimo signalas suveikia, kai zondo elektrodas lie\u010diasi su vandeniu, aptikus vandens u\u017eliejim\u0105 vandens \u012frenginiuose.\" \/>\n<meta property=\"og:url\" content=\"https:\/\/topkodas.com\/lt\/product\/tfld1-water-flood-detector\/\" \/>\n<meta property=\"og:site_name\" content=\"TOPKODAS\" \/>\n<meta property=\"article:publisher\" content=\"https:\/\/www.facebook.com\/topkodas\/\" \/>\n<meta property=\"article:modified_time\" content=\"2023-04-02T17:54:27+00:00\" \/>\n<meta property=\"og:image\" content=\"https:\/\/topkodas.com\/wp-content\/uploads\/2020\/04\/GTalarm2.png\" \/>\n\t<meta property=\"og:image:width\" content=\"1120\" \/>\n\t<meta property=\"og:image:height\" content=\"1107\" \/>\n\t<meta property=\"og:image:type\" content=\"image\/png\" \/>\n<meta name=\"twitter:card\" content=\"summary_large_image\" \/>\n<meta name=\"twitter:site\" content=\"@topkodas\" \/>\n<meta name=\"twitter:label1\" content=\"Price\" \/>\n\t<meta name=\"twitter:data1\" content=\"&euro;19.00\" \/>\n\t<meta name=\"twitter:label2\" content=\"Availability\" \/>\n\t<meta name=\"twitter:data2\" content=\"In stock\" \/>\n<script type=\"application\/ld+json\" class=\"yoast-schema-graph\">{\"@context\":\"https:\/\/schema.org\",\"@graph\":[{\"@type\":\"WebPage\",\"@id\":\"https:\/\/topkodas.com\/lt\/product\/tfld1-water-flood-detector\/\",\"url\":\"https:\/\/topkodas.com\/lt\/product\/tfld1-water-flood-detector\/\",\"name\":\"TFLD1 - Vandens u\u017eliejimo jutiklis - TOPKODAS Potvynio pavojaus signalas\",\"isPartOf\":{\"@id\":\"https:\/\/topkodas.com\/lt\/#website\"},\"primaryImageOfPage\":{\"@id\":\"https:\/\/topkodas.com\/lt\/product\/tfld1-water-flood-detector\/#primaryimage\"},\"image\":{\"@id\":\"https:\/\/topkodas.com\/lt\/product\/tfld1-water-flood-detector\/#primaryimage\"},\"thumbnailUrl\":\"https:\/\/topkodas.com\/wp-content\/uploads\/2021\/08\/water-flood-detector.jpg\",\"datePublished\":\"2021-08-31T16:39:29+00:00\",\"dateModified\":\"2023-04-02T17:54:27+00:00\",\"description\":\"TFLD1 Vandens potvynio daviklis. U\u017eliejimo signalas suveikia, kai zondo elektrodas lie\u010diasi su vandeniu, aptikus vandens u\u017eliejim\u0105 vandens \u012frenginiuose.\",\"breadcrumb\":{\"@id\":\"https:\/\/topkodas.com\/lt\/product\/tfld1-water-flood-detector\/#breadcrumb\"},\"inLanguage\":\"lt-LT\",\"potentialAction\":[{\"@type\":\"ReadAction\",\"target\":[\"https:\/\/topkodas.com\/lt\/product\/tfld1-water-flood-detector\/\"]}]},{\"@type\":\"ImageObject\",\"inLanguage\":\"lt-LT\",\"@id\":\"https:\/\/topkodas.com\/lt\/product\/tfld1-water-flood-detector\/#primaryimage\",\"url\":\"https:\/\/topkodas.com\/wp-content\/uploads\/2021\/08\/water-flood-detector.jpg\",\"contentUrl\":\"https:\/\/topkodas.com\/wp-content\/uploads\/2021\/08\/water-flood-detector.jpg\",\"width\":800,\"height\":800},{\"@type\":\"BreadcrumbList\",\"@id\":\"https:\/\/topkodas.com\/lt\/product\/tfld1-water-flood-detector\/#breadcrumb\",\"itemListElement\":[{\"@type\":\"ListItem\",\"position\":1,\"name\":\"Home\",\"item\":\"https:\/\/topkodas.com\/lt\/\"},{\"@type\":\"ListItem\",\"position\":2,\"name\":\"Produktai\",\"item\":\"https:\/\/topkodas.com\/lt\/products\/\"},{\"@type\":\"ListItem\",\"position\":3,\"name\":\"Priedai\",\"item\":\"https:\/\/topkodas.com\/lt\/product-category\/accessories-2\/\"},{\"@type\":\"ListItem\",\"position\":4,\"name\":\"Jutikliai\",\"item\":\"https:\/\/topkodas.com\/lt\/product-category\/accessories-2\/sensors-lt\/\"},{\"@type\":\"ListItem\",\"position\":5,\"name\":\"TFLD1 &#8211; Vandens u\u017eliejimo jutiklis\"}]},{\"@type\":\"WebSite\",\"@id\":\"https:\/\/topkodas.com\/lt\/#website\",\"url\":\"https:\/\/topkodas.com\/lt\/\",\"name\":\"TOPKODAS\",\"description\":\"Pra\u0117jimo kontrol\u0117, GSM komunikatorius, apsaugos central\u0117, GSM termostatas, automatikos, apsaugos, HVAC sprendimai.\",\"publisher\":{\"@id\":\"https:\/\/topkodas.com\/lt\/#organization\"},\"potentialAction\":[{\"@type\":\"SearchAction\",\"target\":{\"@type\":\"EntryPoint\",\"urlTemplate\":\"https:\/\/topkodas.com\/lt\/?s={search_term_string}\"},\"query-input\":{\"@type\":\"PropertyValueSpecification\",\"valueRequired\":true,\"valueName\":\"search_term_string\"}}],\"inLanguage\":\"lt-LT\"},{\"@type\":\"Organization\",\"@id\":\"https:\/\/topkodas.com\/lt\/#organization\",\"name\":\"TOPKODAS\",\"url\":\"https:\/\/topkodas.com\/lt\/\",\"logo\":{\"@type\":\"ImageObject\",\"inLanguage\":\"lt-LT\",\"@id\":\"https:\/\/topkodas.com\/lt\/#\/schema\/logo\/image\/\",\"url\":\"https:\/\/topkodas.com\/wp-content\/uploads\/2020\/03\/topkodas-logo.png\",\"contentUrl\":\"https:\/\/topkodas.com\/wp-content\/uploads\/2020\/03\/topkodas-logo.png\",\"width\":1920,\"height\":680,\"caption\":\"TOPKODAS\"},\"image\":{\"@id\":\"https:\/\/topkodas.com\/lt\/#\/schema\/logo\/image\/\"},\"sameAs\":[\"https:\/\/www.facebook.com\/topkodas\/\",\"https:\/\/x.com\/topkodas\",\"https:\/\/www.instagram.com\/topkodasuab\/\",\"https:\/\/www.linkedin.com\/company\/topkodas-uab\",\"https:\/\/www.pinterest.com\/Topkodas\/\",\"https:\/\/www.youtube.com\/channel\/UCPlDZ8Q4G2WM6wQQTgN4K3Q\"]}]}<\/script>\n<meta property=\"product:price:amount\" content=\"19.00\" \/>\n<meta property=\"product:price:currency\" content=\"EUR\" \/>\n<meta property=\"og:availability\" content=\"instock\" \/>\n<meta property=\"product:availability\" content=\"instock\" \/>\n<meta property=\"product:retailer_item_id\" content=\"PR-TFLD1\" \/>\n<meta property=\"product:condition\" content=\"new\" \/>\n<!-- \/ Yoast SEO Premium plugin. -->","yoast_head_json":{"title":"TFLD1 - Vandens u\u017eliejimo jutiklis - TOPKODAS Potvynio pavojaus signalas","description":"TFLD1 Vandens potvynio daviklis. U\u017eliejimo signalas suveikia, kai zondo elektrodas lie\u010diasi su vandeniu, aptikus vandens u\u017eliejim\u0105 vandens \u012frenginiuose.","robots":{"index":"index","follow":"follow","max-snippet":"max-snippet:-1","max-image-preview":"max-image-preview:large","max-video-preview":"max-video-preview:-1"},"canonical":"https:\/\/topkodas.com\/lt\/product\/tfld1-water-flood-detector\/","og_locale":"lt_LT","og_type":"article","og_title":"TFLD1 - Vandens u\u017eliejimo jutiklis","og_description":"TFLD1 Vandens potvynio daviklis. U\u017eliejimo signalas suveikia, kai zondo elektrodas lie\u010diasi su vandeniu, aptikus vandens u\u017eliejim\u0105 vandens \u012frenginiuose.","og_url":"https:\/\/topkodas.com\/lt\/product\/tfld1-water-flood-detector\/","og_site_name":"TOPKODAS","article_publisher":"https:\/\/www.facebook.com\/topkodas\/","article_modified_time":"2023-04-02T17:54:27+00:00","og_image":[{"width":1120,"height":1107,"url":"https:\/\/topkodas.com\/wp-content\/uploads\/2020\/04\/GTalarm2.png","type":"image\/png"}],"twitter_card":"summary_large_image","twitter_site":"@topkodas","twitter_misc":{"Price":"&euro;19.00","Availability":"In stock"},"schema":{"@context":"https:\/\/schema.org","@graph":[{"@type":"WebPage","@id":"https:\/\/topkodas.com\/lt\/product\/tfld1-water-flood-detector\/","url":"https:\/\/topkodas.com\/lt\/product\/tfld1-water-flood-detector\/","name":"TFLD1 - Vandens u\u017eliejimo jutiklis - TOPKODAS Potvynio pavojaus signalas","isPartOf":{"@id":"https:\/\/topkodas.com\/lt\/#website"},"primaryImageOfPage":{"@id":"https:\/\/topkodas.com\/lt\/product\/tfld1-water-flood-detector\/#primaryimage"},"image":{"@id":"https:\/\/topkodas.com\/lt\/product\/tfld1-water-flood-detector\/#primaryimage"},"thumbnailUrl":"https:\/\/topkodas.com\/wp-content\/uploads\/2021\/08\/water-flood-detector.jpg","datePublished":"2021-08-31T16:39:29+00:00","dateModified":"2023-04-02T17:54:27+00:00","description":"TFLD1 Vandens potvynio daviklis. U\u017eliejimo signalas suveikia, kai zondo elektrodas lie\u010diasi su vandeniu, aptikus vandens u\u017eliejim\u0105 vandens \u012frenginiuose.","breadcrumb":{"@id":"https:\/\/topkodas.com\/lt\/product\/tfld1-water-flood-detector\/#breadcrumb"},"inLanguage":"lt-LT","potentialAction":[{"@type":"ReadAction","target":["https:\/\/topkodas.com\/lt\/product\/tfld1-water-flood-detector\/"]}]},{"@type":"ImageObject","inLanguage":"lt-LT","@id":"https:\/\/topkodas.com\/lt\/product\/tfld1-water-flood-detector\/#primaryimage","url":"https:\/\/topkodas.com\/wp-content\/uploads\/2021\/08\/water-flood-detector.jpg","contentUrl":"https:\/\/topkodas.com\/wp-content\/uploads\/2021\/08\/water-flood-detector.jpg","width":800,"height":800},{"@type":"BreadcrumbList","@id":"https:\/\/topkodas.com\/lt\/product\/tfld1-water-flood-detector\/#breadcrumb","itemListElement":[{"@type":"ListItem","position":1,"name":"Home","item":"https:\/\/topkodas.com\/lt\/"},{"@type":"ListItem","position":2,"name":"Produktai","item":"https:\/\/topkodas.com\/lt\/products\/"},{"@type":"ListItem","position":3,"name":"Priedai","item":"https:\/\/topkodas.com\/lt\/product-category\/accessories-2\/"},{"@type":"ListItem","position":4,"name":"Jutikliai","item":"https:\/\/topkodas.com\/lt\/product-category\/accessories-2\/sensors-lt\/"},{"@type":"ListItem","position":5,"name":"TFLD1 &#8211; Vandens u\u017eliejimo jutiklis"}]},{"@type":"WebSite","@id":"https:\/\/topkodas.com\/lt\/#website","url":"https:\/\/topkodas.com\/lt\/","name":"TOPKODAS","description":"Pra\u0117jimo kontrol\u0117, GSM komunikatorius, apsaugos central\u0117, GSM termostatas, automatikos, apsaugos, HVAC sprendimai.","publisher":{"@id":"https:\/\/topkodas.com\/lt\/#organization"},"potentialAction":[{"@type":"SearchAction","target":{"@type":"EntryPoint","urlTemplate":"https:\/\/topkodas.com\/lt\/?s={search_term_string}"},"query-input":{"@type":"PropertyValueSpecification","valueRequired":true,"valueName":"search_term_string"}}],"inLanguage":"lt-LT"},{"@type":"Organization","@id":"https:\/\/topkodas.com\/lt\/#organization","name":"TOPKODAS","url":"https:\/\/topkodas.com\/lt\/","logo":{"@type":"ImageObject","inLanguage":"lt-LT","@id":"https:\/\/topkodas.com\/lt\/#\/schema\/logo\/image\/","url":"https:\/\/topkodas.com\/wp-content\/uploads\/2020\/03\/topkodas-logo.png","contentUrl":"https:\/\/topkodas.com\/wp-content\/uploads\/2020\/03\/topkodas-logo.png","width":1920,"height":680,"caption":"TOPKODAS"},"image":{"@id":"https:\/\/topkodas.com\/lt\/#\/schema\/logo\/image\/"},"sameAs":["https:\/\/www.facebook.com\/topkodas\/","https:\/\/x.com\/topkodas","https:\/\/www.instagram.com\/topkodasuab\/","https:\/\/www.linkedin.com\/company\/topkodas-uab","https:\/\/www.pinterest.com\/Topkodas\/","https:\/\/www.youtube.com\/channel\/UCPlDZ8Q4G2WM6wQQTgN4K3Q"]}]},"product_price_amount":"19.00","product_price_currency":"EUR","og_availability":"instock","product_availability":"instock","product_retailer_item_id":"PR-TFLD1","product_condition":"new"},"_links":{"self":[{"href":"https:\/\/topkodas.com\/lt\/wp-json\/wp\/v2\/product\/3806","targetHints":{"allow":["GET"]}}],"collection":[{"href":"https:\/\/topkodas.com\/lt\/wp-json\/wp\/v2\/product"}],"about":[{"href":"https:\/\/topkodas.com\/lt\/wp-json\/wp\/v2\/types\/product"}],"replies":[{"embeddable":true,"href":"https:\/\/topkodas.com\/lt\/wp-json\/wp\/v2\/comments?post=3806"}],"wp:featuredmedia":[{"embeddable":true,"href":"https:\/\/topkodas.com\/lt\/wp-json\/wp\/v2\/media\/3808"}],"wp:attachment":[{"href":"https:\/\/topkodas.com\/lt\/wp-json\/wp\/v2\/media?parent=3806"}],"wp:term":[{"taxonomy":"product_brand","embeddable":true,"href":"https:\/\/topkodas.com\/lt\/wp-json\/wp\/v2\/product_brand?post=3806"},{"taxonomy":"product_cat","embeddable":true,"href":"https:\/\/topkodas.com\/lt\/wp-json\/wp\/v2\/product_cat?post=3806"},{"taxonomy":"product_tag","embeddable":true,"href":"https:\/\/topkodas.com\/lt\/wp-json\/wp\/v2\/product_tag?post=3806"}],"curies":[{"name":"wp","href":"https:\/\/api.w.org\/{rel}","templated":true}]}}