{"id":3641,"date":"2020-05-28T09:24:16","date_gmt":"2020-05-28T06:24:16","guid":{"rendered":"https:\/\/www.topkodas.lt\/product\/plug-in-type-switching-power-supply-12v-1a-ac-dc\/"},"modified":"2021-08-24T15:19:17","modified_gmt":"2021-08-24T12:19:17","slug":"plug-in-type-switching-power-supply-12v-1a-ac-dc","status":"publish","type":"product","link":"https:\/\/topkodas.com\/lt\/product\/plug-in-type-switching-power-supply-12v-1a-ac-dc\/","title":{"rendered":"Ki\u0161tukinio tipo impulsinis maitinimo \u0161altinis 12V\/1A AC\/DC"},"content":{"rendered":"<div>\n<div><strong>Apra\u0161ymas:<\/strong><\/div>\n<p>Stabilizuotas nuolatin\u0117s srov\u0117s maitinimo \u0161altinis skirtas maitinti valdikliams, kuriems reikia stabilios \u012ftampa 12V DC.<\/p>\n<p><strong>Funkcijos:<\/strong><\/p>\n<\/div>\n<div>\n<ul id=\"paramsList\">\n<li>Universalus AC \u012f\u0117jimas \/ visas diapazonas<\/li>\n<li>Maitinimo \u012ftampa: 90\u00f7264VAC\/50Hz<\/li>\n<li>Maitinimo \u0161altinio i\u0161\u0117jimas: 1,0A\/12VDC<\/li>\n<li>Efektyvumas: 80 %<\/li>\n<li>Efektyvumo lygis: V<\/li>\n<li>Apsaugos:<\/li>\n<li>Sauga:<\/li>\n<li>SCP, OLP**<\/li>\n<li>Matmenys: 70 x 29 x 76 mm<\/li>\n<\/ul>\n<\/div>\n<p><strong>Taikymo sritys:<\/strong><\/p>\n<ul>\n<li>Apsaugos sistemos<\/li>\n<li>Pra\u0117jimo kontrol\u0117s sistemos<\/li>\n<li>Aliarm\u0173 sistemos<\/li>\n<li>Automatizavimo valdikliai<\/li>\n<\/ul>\n","protected":false},"excerpt":{"rendered":"<p style=\"text-align: justify;\"><span class=\"ILfuVd\"><span class=\"e24Kjd\">Stabilizuotas DC maitinimo \u0161altinis skirtas valdikliams, kuriems reikia stabilios 12V\/1A DC \u012ftampos maitinti. \u012erenginys apsaugotas nuo trumpojo jungimo ir perkrovos.<\/span><\/span><\/p>\n","protected":false},"featured_media":1955,"comment_status":"closed","ping_status":"closed","template":"","meta":{"_acf_changed":false,"inline_featured_image":false},"product_brand":[],"product_cat":[919],"product_tag":[947,948,964],"class_list":{"0":"post-3641","1":"product","2":"type-product","3":"status-publish","4":"has-post-thumbnail","6":"product_cat-power-suppliers-lt","7":"product_tag-12v-1a-lt","8":"product_tag-ac-dc-lt","9":"product_tag-maitinimo-saltinis-lt","11":"first","12":"instock","13":"shipping-taxable","14":"purchasable","15":"product-type-simple"},"acf":[],"yoast_head":"<!-- This site is optimized with the Yoast SEO Premium plugin v25.0 (Yoast SEO v27.1.1) - https:\/\/yoast.com\/product\/yoast-seo-premium-wordpress\/ -->\n<title>Ki\u0161tukinio tipo impulsinis maitinimo \u0161altinis 12V\/1A AC\/DC - TOPKODAS<\/title>\n<meta name=\"description\" content=\"Stabilizuotas DC maitinimo \u0161altinis skirtas maitinti valdiklius, kuriems reikalinga stabili 12 V DC \u012ftampa.\u012erenginys apsaugotas nuo trumpojo jungimo ir perkrovos.\" \/>\n<meta name=\"robots\" content=\"index, follow, max-snippet:-1, max-image-preview:large, max-video-preview:-1\" \/>\n<link rel=\"canonical\" href=\"https:\/\/topkodas.com\/lt\/product\/plug-in-type-switching-power-supply-12v-1a-ac-dc\/\" \/>\n<meta property=\"og:locale\" content=\"lt_LT\" \/>\n<meta property=\"og:type\" content=\"article\" \/>\n<meta property=\"og:title\" content=\"Ki\u0161tukinio tipo impulsinis maitinimo \u0161altinis 12V\/1A AC\/DC\" \/>\n<meta property=\"og:description\" content=\"Stabilizuotas DC maitinimo \u0161altinis skirtas maitinti valdiklius, kuriems reikalinga stabili 12 V DC \u012ftampa.\u012erenginys apsaugotas nuo trumpojo jungimo ir perkrovos.\" \/>\n<meta property=\"og:url\" content=\"https:\/\/topkodas.com\/lt\/product\/plug-in-type-switching-power-supply-12v-1a-ac-dc\/\" \/>\n<meta property=\"og:site_name\" content=\"TOPKODAS\" \/>\n<meta property=\"article:publisher\" content=\"https:\/\/www.facebook.com\/topkodas\/\" \/>\n<meta property=\"article:modified_time\" content=\"2021-08-24T12:19:17+00:00\" \/>\n<meta property=\"og:image\" content=\"https:\/\/topkodas.com\/wp-content\/uploads\/2020\/04\/GTalarm2.png\" \/>\n\t<meta property=\"og:image:width\" content=\"1120\" \/>\n\t<meta property=\"og:image:height\" content=\"1107\" \/>\n\t<meta property=\"og:image:type\" content=\"image\/png\" \/>\n<meta name=\"twitter:card\" content=\"summary_large_image\" \/>\n<meta name=\"twitter:site\" content=\"@topkodas\" \/>\n<meta name=\"twitter:label1\" content=\"Price\" \/>\n\t<meta name=\"twitter:data1\" content=\"&euro;9.00\" \/>\n\t<meta name=\"twitter:label2\" content=\"Availability\" \/>\n\t<meta name=\"twitter:data2\" content=\"In stock\" \/>\n<script type=\"application\/ld+json\" class=\"yoast-schema-graph\">{\"@context\":\"https:\/\/schema.org\",\"@graph\":[{\"@type\":\"WebPage\",\"@id\":\"https:\/\/topkodas.com\/lt\/product\/plug-in-type-switching-power-supply-12v-1a-ac-dc\/\",\"url\":\"https:\/\/topkodas.com\/lt\/product\/plug-in-type-switching-power-supply-12v-1a-ac-dc\/\",\"name\":\"Ki\u0161tukinio tipo impulsinis maitinimo \u0161altinis 12V\/1A AC\/DC - TOPKODAS\",\"isPartOf\":{\"@id\":\"https:\/\/topkodas.com\/lt\/#website\"},\"primaryImageOfPage\":{\"@id\":\"https:\/\/topkodas.com\/lt\/product\/plug-in-type-switching-power-supply-12v-1a-ac-dc\/#primaryimage\"},\"image\":{\"@id\":\"https:\/\/topkodas.com\/lt\/product\/plug-in-type-switching-power-supply-12v-1a-ac-dc\/#primaryimage\"},\"thumbnailUrl\":\"https:\/\/topkodas.com\/wp-content\/uploads\/2020\/05\/ACDC_12_1A.png\",\"datePublished\":\"2020-05-28T06:24:16+00:00\",\"dateModified\":\"2021-08-24T12:19:17+00:00\",\"description\":\"Stabilizuotas DC maitinimo \u0161altinis skirtas maitinti valdiklius, kuriems reikalinga stabili 12 V DC \u012ftampa.\u012erenginys apsaugotas nuo trumpojo jungimo ir perkrovos.\",\"breadcrumb\":{\"@id\":\"https:\/\/topkodas.com\/lt\/product\/plug-in-type-switching-power-supply-12v-1a-ac-dc\/#breadcrumb\"},\"inLanguage\":\"lt-LT\",\"potentialAction\":[{\"@type\":\"ReadAction\",\"target\":[\"https:\/\/topkodas.com\/lt\/product\/plug-in-type-switching-power-supply-12v-1a-ac-dc\/\"]}]},{\"@type\":\"ImageObject\",\"inLanguage\":\"lt-LT\",\"@id\":\"https:\/\/topkodas.com\/lt\/product\/plug-in-type-switching-power-supply-12v-1a-ac-dc\/#primaryimage\",\"url\":\"https:\/\/topkodas.com\/wp-content\/uploads\/2020\/05\/ACDC_12_1A.png\",\"contentUrl\":\"https:\/\/topkodas.com\/wp-content\/uploads\/2020\/05\/ACDC_12_1A.png\",\"width\":1000,\"height\":1077},{\"@type\":\"BreadcrumbList\",\"@id\":\"https:\/\/topkodas.com\/lt\/product\/plug-in-type-switching-power-supply-12v-1a-ac-dc\/#breadcrumb\",\"itemListElement\":[{\"@type\":\"ListItem\",\"position\":1,\"name\":\"Home\",\"item\":\"https:\/\/topkodas.com\/lt\/\"},{\"@type\":\"ListItem\",\"position\":2,\"name\":\"Produktai\",\"item\":\"https:\/\/topkodas.com\/lt\/products\/\"},{\"@type\":\"ListItem\",\"position\":3,\"name\":\"Priedai\",\"item\":\"https:\/\/topkodas.com\/lt\/product-category\/accessories-2\/\"},{\"@type\":\"ListItem\",\"position\":4,\"name\":\"Maitinimo \u0160altiniai\",\"item\":\"https:\/\/topkodas.com\/lt\/product-category\/accessories-2\/power-suppliers-lt\/\"},{\"@type\":\"ListItem\",\"position\":5,\"name\":\"Ki\u0161tukinio tipo impulsinis maitinimo \u0161altinis 12V\/1A AC\/DC\"}]},{\"@type\":\"WebSite\",\"@id\":\"https:\/\/topkodas.com\/lt\/#website\",\"url\":\"https:\/\/topkodas.com\/lt\/\",\"name\":\"TOPKODAS\",\"description\":\"Pra\u0117jimo kontrol\u0117, GSM komunikatorius, apsaugos central\u0117, GSM termostatas, automatikos, apsaugos, HVAC sprendimai.\",\"publisher\":{\"@id\":\"https:\/\/topkodas.com\/lt\/#organization\"},\"potentialAction\":[{\"@type\":\"SearchAction\",\"target\":{\"@type\":\"EntryPoint\",\"urlTemplate\":\"https:\/\/topkodas.com\/lt\/?s={search_term_string}\"},\"query-input\":{\"@type\":\"PropertyValueSpecification\",\"valueRequired\":true,\"valueName\":\"search_term_string\"}}],\"inLanguage\":\"lt-LT\"},{\"@type\":\"Organization\",\"@id\":\"https:\/\/topkodas.com\/lt\/#organization\",\"name\":\"TOPKODAS\",\"url\":\"https:\/\/topkodas.com\/lt\/\",\"logo\":{\"@type\":\"ImageObject\",\"inLanguage\":\"lt-LT\",\"@id\":\"https:\/\/topkodas.com\/lt\/#\/schema\/logo\/image\/\",\"url\":\"https:\/\/topkodas.com\/wp-content\/uploads\/2020\/03\/topkodas-logo.png\",\"contentUrl\":\"https:\/\/topkodas.com\/wp-content\/uploads\/2020\/03\/topkodas-logo.png\",\"width\":1920,\"height\":680,\"caption\":\"TOPKODAS\"},\"image\":{\"@id\":\"https:\/\/topkodas.com\/lt\/#\/schema\/logo\/image\/\"},\"sameAs\":[\"https:\/\/www.facebook.com\/topkodas\/\",\"https:\/\/x.com\/topkodas\",\"https:\/\/www.instagram.com\/topkodasuab\/\",\"https:\/\/www.linkedin.com\/company\/topkodas-uab\",\"https:\/\/www.pinterest.com\/Topkodas\/\",\"https:\/\/www.youtube.com\/channel\/UCPlDZ8Q4G2WM6wQQTgN4K3Q\"]}]}<\/script>\n<meta property=\"product:price:amount\" content=\"9.00\" \/>\n<meta property=\"product:price:currency\" content=\"EUR\" \/>\n<meta property=\"og:availability\" content=\"instock\" \/>\n<meta property=\"product:availability\" content=\"instock\" \/>\n<meta property=\"product:retailer_item_id\" content=\"PR-TPS12\/1A\" \/>\n<meta property=\"product:condition\" content=\"new\" \/>\n<!-- \/ Yoast SEO Premium plugin. -->","yoast_head_json":{"title":"Ki\u0161tukinio tipo impulsinis maitinimo \u0161altinis 12V\/1A AC\/DC - TOPKODAS","description":"Stabilizuotas DC maitinimo \u0161altinis skirtas maitinti valdiklius, kuriems reikalinga stabili 12 V DC \u012ftampa.\u012erenginys apsaugotas nuo trumpojo jungimo ir perkrovos.","robots":{"index":"index","follow":"follow","max-snippet":"max-snippet:-1","max-image-preview":"max-image-preview:large","max-video-preview":"max-video-preview:-1"},"canonical":"https:\/\/topkodas.com\/lt\/product\/plug-in-type-switching-power-supply-12v-1a-ac-dc\/","og_locale":"lt_LT","og_type":"article","og_title":"Ki\u0161tukinio tipo impulsinis maitinimo \u0161altinis 12V\/1A AC\/DC","og_description":"Stabilizuotas DC maitinimo \u0161altinis skirtas maitinti valdiklius, kuriems reikalinga stabili 12 V DC \u012ftampa.\u012erenginys apsaugotas nuo trumpojo jungimo ir perkrovos.","og_url":"https:\/\/topkodas.com\/lt\/product\/plug-in-type-switching-power-supply-12v-1a-ac-dc\/","og_site_name":"TOPKODAS","article_publisher":"https:\/\/www.facebook.com\/topkodas\/","article_modified_time":"2021-08-24T12:19:17+00:00","og_image":[{"width":1120,"height":1107,"url":"https:\/\/topkodas.com\/wp-content\/uploads\/2020\/04\/GTalarm2.png","type":"image\/png"}],"twitter_card":"summary_large_image","twitter_site":"@topkodas","twitter_misc":{"Price":"&euro;9.00","Availability":"In stock"},"schema":{"@context":"https:\/\/schema.org","@graph":[{"@type":"WebPage","@id":"https:\/\/topkodas.com\/lt\/product\/plug-in-type-switching-power-supply-12v-1a-ac-dc\/","url":"https:\/\/topkodas.com\/lt\/product\/plug-in-type-switching-power-supply-12v-1a-ac-dc\/","name":"Ki\u0161tukinio tipo impulsinis maitinimo \u0161altinis 12V\/1A AC\/DC - TOPKODAS","isPartOf":{"@id":"https:\/\/topkodas.com\/lt\/#website"},"primaryImageOfPage":{"@id":"https:\/\/topkodas.com\/lt\/product\/plug-in-type-switching-power-supply-12v-1a-ac-dc\/#primaryimage"},"image":{"@id":"https:\/\/topkodas.com\/lt\/product\/plug-in-type-switching-power-supply-12v-1a-ac-dc\/#primaryimage"},"thumbnailUrl":"https:\/\/topkodas.com\/wp-content\/uploads\/2020\/05\/ACDC_12_1A.png","datePublished":"2020-05-28T06:24:16+00:00","dateModified":"2021-08-24T12:19:17+00:00","description":"Stabilizuotas DC maitinimo \u0161altinis skirtas maitinti valdiklius, kuriems reikalinga stabili 12 V DC \u012ftampa.\u012erenginys apsaugotas nuo trumpojo jungimo ir perkrovos.","breadcrumb":{"@id":"https:\/\/topkodas.com\/lt\/product\/plug-in-type-switching-power-supply-12v-1a-ac-dc\/#breadcrumb"},"inLanguage":"lt-LT","potentialAction":[{"@type":"ReadAction","target":["https:\/\/topkodas.com\/lt\/product\/plug-in-type-switching-power-supply-12v-1a-ac-dc\/"]}]},{"@type":"ImageObject","inLanguage":"lt-LT","@id":"https:\/\/topkodas.com\/lt\/product\/plug-in-type-switching-power-supply-12v-1a-ac-dc\/#primaryimage","url":"https:\/\/topkodas.com\/wp-content\/uploads\/2020\/05\/ACDC_12_1A.png","contentUrl":"https:\/\/topkodas.com\/wp-content\/uploads\/2020\/05\/ACDC_12_1A.png","width":1000,"height":1077},{"@type":"BreadcrumbList","@id":"https:\/\/topkodas.com\/lt\/product\/plug-in-type-switching-power-supply-12v-1a-ac-dc\/#breadcrumb","itemListElement":[{"@type":"ListItem","position":1,"name":"Home","item":"https:\/\/topkodas.com\/lt\/"},{"@type":"ListItem","position":2,"name":"Produktai","item":"https:\/\/topkodas.com\/lt\/products\/"},{"@type":"ListItem","position":3,"name":"Priedai","item":"https:\/\/topkodas.com\/lt\/product-category\/accessories-2\/"},{"@type":"ListItem","position":4,"name":"Maitinimo \u0160altiniai","item":"https:\/\/topkodas.com\/lt\/product-category\/accessories-2\/power-suppliers-lt\/"},{"@type":"ListItem","position":5,"name":"Ki\u0161tukinio tipo impulsinis maitinimo \u0161altinis 12V\/1A AC\/DC"}]},{"@type":"WebSite","@id":"https:\/\/topkodas.com\/lt\/#website","url":"https:\/\/topkodas.com\/lt\/","name":"TOPKODAS","description":"Pra\u0117jimo kontrol\u0117, GSM komunikatorius, apsaugos central\u0117, GSM termostatas, automatikos, apsaugos, HVAC sprendimai.","publisher":{"@id":"https:\/\/topkodas.com\/lt\/#organization"},"potentialAction":[{"@type":"SearchAction","target":{"@type":"EntryPoint","urlTemplate":"https:\/\/topkodas.com\/lt\/?s={search_term_string}"},"query-input":{"@type":"PropertyValueSpecification","valueRequired":true,"valueName":"search_term_string"}}],"inLanguage":"lt-LT"},{"@type":"Organization","@id":"https:\/\/topkodas.com\/lt\/#organization","name":"TOPKODAS","url":"https:\/\/topkodas.com\/lt\/","logo":{"@type":"ImageObject","inLanguage":"lt-LT","@id":"https:\/\/topkodas.com\/lt\/#\/schema\/logo\/image\/","url":"https:\/\/topkodas.com\/wp-content\/uploads\/2020\/03\/topkodas-logo.png","contentUrl":"https:\/\/topkodas.com\/wp-content\/uploads\/2020\/03\/topkodas-logo.png","width":1920,"height":680,"caption":"TOPKODAS"},"image":{"@id":"https:\/\/topkodas.com\/lt\/#\/schema\/logo\/image\/"},"sameAs":["https:\/\/www.facebook.com\/topkodas\/","https:\/\/x.com\/topkodas","https:\/\/www.instagram.com\/topkodasuab\/","https:\/\/www.linkedin.com\/company\/topkodas-uab","https:\/\/www.pinterest.com\/Topkodas\/","https:\/\/www.youtube.com\/channel\/UCPlDZ8Q4G2WM6wQQTgN4K3Q"]}]},"product_price_amount":"9.00","product_price_currency":"EUR","og_availability":"instock","product_availability":"instock","product_retailer_item_id":"PR-TPS12\/1A","product_condition":"new"},"_links":{"self":[{"href":"https:\/\/topkodas.com\/lt\/wp-json\/wp\/v2\/product\/3641","targetHints":{"allow":["GET"]}}],"collection":[{"href":"https:\/\/topkodas.com\/lt\/wp-json\/wp\/v2\/product"}],"about":[{"href":"https:\/\/topkodas.com\/lt\/wp-json\/wp\/v2\/types\/product"}],"replies":[{"embeddable":true,"href":"https:\/\/topkodas.com\/lt\/wp-json\/wp\/v2\/comments?post=3641"}],"wp:featuredmedia":[{"embeddable":true,"href":"https:\/\/topkodas.com\/lt\/wp-json\/wp\/v2\/media\/1955"}],"wp:attachment":[{"href":"https:\/\/topkodas.com\/lt\/wp-json\/wp\/v2\/media?parent=3641"}],"wp:term":[{"taxonomy":"product_brand","embeddable":true,"href":"https:\/\/topkodas.com\/lt\/wp-json\/wp\/v2\/product_brand?post=3641"},{"taxonomy":"product_cat","embeddable":true,"href":"https:\/\/topkodas.com\/lt\/wp-json\/wp\/v2\/product_cat?post=3641"},{"taxonomy":"product_tag","embeddable":true,"href":"https:\/\/topkodas.com\/lt\/wp-json\/wp\/v2\/product_tag?post=3641"}],"curies":[{"name":"wp","href":"https:\/\/api.w.org\/{rel}","templated":true}]}}