{"id":3635,"date":"2020-05-13T21:50:42","date_gmt":"2020-05-13T18:50:42","guid":{"rendered":"https:\/\/www.topkodas.lt\/product\/tps12\/"},"modified":"2021-08-24T14:21:50","modified_gmt":"2021-08-24T11:21:50","slug":"tps12","status":"publish","type":"product","link":"https:\/\/topkodas.com\/lt\/product\/tps12\/","title":{"rendered":"TPS12 13,7 V\/1,8 A AC\/DC UPS mini impulsinis maitinimo \u0161altinis su akumuliatoriaus krovimu"},"content":{"rendered":"<h2 style=\"text-align: justify;\"><img loading=\"lazy\" decoding=\"async\" class=\"alignnone size-medium wp-image-803\" src=\"https:\/\/topkodas.com\/wp-content\/uploads\/2020\/03\/description_tab_icon.820943f77ce610a52ebc468c175ddaf799c200f9ba2855686c11366dff2ff5f3.svg\" alt=\"\" width=\"48\" height=\"48\" \/><\/h2>\n<div>\n<div><strong>Apra\u0161ymas:<\/strong><\/div>\n<p style=\"text-align: justify;\">TPS12 &#8211; tai 12 V \/ 1,8 A 36 W AC\/DC automatikos ir apsaugos sistem\u0173 maitinimo \u0161altinis su atsarginio akumuliatoriaus krovimo valdymu ir UPS (nepertraukiamo maitinimo \u0161altinio) funkcija, leid\u017eiantis naudoti universal\u0173 90-264 V AC ir turintis integruot\u0105 PFC funkcij\u0105. Be pagrindinio i\u0161\u0117jimo, yra \u012fkrovimo i\u0161\u0117jimas su ma\u017eesne vardine srove, u\u017etikrinantis atsargin\u012f naudojim\u0105, kurio paprastai reikia apsaugos sistemoms. TPS12 u\u017etikrina iki 86 % efektyvum\u0105; jis gali veikti su oro konvekcija nuo -30 \u00b0C iki 70 \u00b0C temperat\u016broje. \u0160ioje serijoje \u012fdiegtos aliarmo prane\u0161im\u0173 funkcijos, \u012fskaitant AC OK ir baterijos i\u0161sikrovimo aliarmus; be to, numatyti reliniai kontaktai palengvina sistem\u0173 naudojim\u0105<\/p>\n<p><strong>Funkcijos:<\/strong><\/p>\n<\/div>\n<ul>\n<li style=\"list-style-type: none;\">\n<ul>\n<li>Universalus AC \u012f\u0117jimas\/ visas diapazonas<\/li>\n<\/ul>\n<\/li>\n<\/ul>\n<p>Apsaugos: Trumpasis jungimas \/ Perkrova \/ Vir\u0161\u012ftampis<\/p>\n<ul>\n<li>Apsauga nuo akumuliatoriaus i\u0161sikrovimo \/ Apsauga nuo atvirk\u0161tinio poli\u0161kumo<\/li>\n<li>U\u017ekerta keli\u0105 visi\u0161kam akumuliatoriaus i\u0161sikrovimui<\/li>\n<li>Aliarmo prane\u0161imas, kai AC atsistato ir akumuliatorius i\u0161sikrov\u0119s<\/li>\n<li>Au\u0161inimas naudojant oro konvekcij\u0105<\/li>\n<li>100 % pilnos apkrovos perdegimo testas<\/li>\n<li>Kompakti\u0161kas dydis 86,5*59,7*30 mm<\/li>\n<\/ul>\n<p>&nbsp;<\/p>\n<p><strong>Pritaikymas:<\/strong><\/p>\n<ul>\n<li>Apsaugos sistemos<\/li>\n<li>Pra\u0117jimo kontrol\u0117s sistemos<\/li>\n<li>Aliarmo sistemos<\/li>\n<li>Automatizavimo valdikliai<\/li>\n<\/ul>\n","protected":false},"excerpt":{"rendered":"<p style=\"text-align: justify;\"><span class=\"ILfuVd\"><span class=\"e24Kjd\">UPS maitinimo \u0161altinis 12V \/1,8A 36W AC\/DC, skirtas automatizavimui ir apsaugos sistemoms, su atsarginio akumuliatoriaus \u012fkrovimo valdymu ir UPS (nepertraukiamo maitinimo \u0161altinio) funkcija, leid\u017eian\u010dia naudoti universal\u0173 90-264 V AC diapazon\u0105 ir turin\u010dia integruot\u0105 PFC funkcij\u0105. Be pirminio i\u0161\u0117jimo, yra ma\u017eesn\u0117s vardin\u0117s srov\u0117s \u012fkrovimo i\u0161\u0117jimas, u\u017etikrinantis atsargin\u012f naudojim\u0105, kurio paprastai reikia apsaugos prieigos sistemoms.TPS12 u\u017etikrina iki 86 % efektyvum\u0105; jis gali veikti su oro konvekcija nuo -30 \u00b0C iki 70 \u00b0C temperat\u016broje. \u0160i serija pasi\u017eymi patikimomis aliarmo funkcijomis, \u012fskaitant AC OK ir akumuliatoriaus i\u0161sikrovimo aliarmus; be to, reliniai kontaktai palengvina sistemos naudojim\u0105.<\/span><\/span><\/p>\n","protected":false},"featured_media":1643,"comment_status":"closed","ping_status":"closed","template":"","meta":{"_acf_changed":false,"inline_featured_image":false},"product_brand":[],"product_cat":[919],"product_tag":[931,930,974,975,928,977,979,929],"class_list":{"0":"post-3635","1":"product","2":"type-product","3":"status-publish","4":"has-post-thumbnail","6":"product_cat-power-suppliers-lt","7":"product_tag-aliarmas-lt","8":"product_tag-apsauga-lt","9":"product_tag-dregmes-aliarmas-lt","10":"product_tag-dregmes-jutiklis-lt","11":"product_tag-gsm-lt","12":"product_tag-sistema-lt","13":"product_tag-temperaturos-jutiklis-lt","14":"product_tag-valdiklis-lt","16":"first","17":"instock","18":"shipping-taxable","19":"purchasable","20":"product-type-simple"},"acf":[],"yoast_head":"<!-- This site is optimized with the Yoast SEO Premium plugin v25.0 (Yoast SEO v27.1.1) - https:\/\/yoast.com\/product\/yoast-seo-premium-wordpress\/ -->\n<title>TPS12 13,7 V\/1,8 A AC\/DC UPS mini impulsinis maitinimo \u0161altinis su akumuliatoriaus krovimu - TOPKODAS<\/title>\n<meta name=\"description\" content=\"UPS power supply 12V \/1.8A 36W AC\/DC for automation security with backup battery charging control and UPS (Uninterruptible power supply) functionality\" \/>\n<meta name=\"robots\" content=\"index, follow, max-snippet:-1, max-image-preview:large, max-video-preview:-1\" \/>\n<link rel=\"canonical\" href=\"https:\/\/topkodas.com\/lt\/product\/tps12\/\" \/>\n<meta property=\"og:locale\" content=\"lt_LT\" \/>\n<meta property=\"og:type\" content=\"article\" \/>\n<meta property=\"og:title\" content=\"TPS12 13,7 V\/1,8 A AC\/DC UPS mini impulsinis maitinimo \u0161altinis su akumuliatoriaus krovimu\" \/>\n<meta property=\"og:description\" content=\"UPS power supply 12V \/1.8A 36W AC\/DC for automation security with backup battery charging control and UPS (Uninterruptible power supply) functionality\" \/>\n<meta property=\"og:url\" content=\"https:\/\/topkodas.com\/lt\/product\/tps12\/\" \/>\n<meta property=\"og:site_name\" content=\"TOPKODAS\" \/>\n<meta property=\"article:publisher\" content=\"https:\/\/www.facebook.com\/topkodas\/\" \/>\n<meta property=\"article:modified_time\" content=\"2021-08-24T11:21:50+00:00\" \/>\n<meta property=\"og:image\" content=\"https:\/\/topkodas.com\/wp-content\/uploads\/2020\/04\/GTalarm2.png\" \/>\n\t<meta property=\"og:image:width\" content=\"1120\" \/>\n\t<meta property=\"og:image:height\" content=\"1107\" \/>\n\t<meta property=\"og:image:type\" content=\"image\/png\" \/>\n<meta name=\"twitter:card\" content=\"summary_large_image\" \/>\n<meta name=\"twitter:site\" content=\"@topkodas\" \/>\n<meta name=\"twitter:label1\" content=\"Price\" \/>\n\t<meta name=\"twitter:data1\" content=\"&euro;45.00\" \/>\n\t<meta name=\"twitter:label2\" content=\"Availability\" \/>\n\t<meta name=\"twitter:data2\" content=\"In stock\" \/>\n<script type=\"application\/ld+json\" class=\"yoast-schema-graph\">{\"@context\":\"https:\/\/schema.org\",\"@graph\":[{\"@type\":\"WebPage\",\"@id\":\"https:\/\/topkodas.com\/lt\/product\/tps12\/\",\"url\":\"https:\/\/topkodas.com\/lt\/product\/tps12\/\",\"name\":\"TPS12 13,7 V\/1,8 A AC\/DC UPS mini impulsinis maitinimo \u0161altinis su akumuliatoriaus krovimu - TOPKODAS\",\"isPartOf\":{\"@id\":\"https:\/\/topkodas.com\/lt\/#website\"},\"primaryImageOfPage\":{\"@id\":\"https:\/\/topkodas.com\/lt\/product\/tps12\/#primaryimage\"},\"image\":{\"@id\":\"https:\/\/topkodas.com\/lt\/product\/tps12\/#primaryimage\"},\"thumbnailUrl\":\"https:\/\/topkodas.com\/wp-content\/uploads\/2020\/05\/PS12_400px.png\",\"datePublished\":\"2020-05-13T18:50:42+00:00\",\"dateModified\":\"2021-08-24T11:21:50+00:00\",\"description\":\"UPS power supply 12V \/1.8A 36W AC\/DC for automation security with backup battery charging control and UPS (Uninterruptible power supply) functionality\",\"breadcrumb\":{\"@id\":\"https:\/\/topkodas.com\/lt\/product\/tps12\/#breadcrumb\"},\"inLanguage\":\"lt-LT\",\"potentialAction\":[{\"@type\":\"ReadAction\",\"target\":[\"https:\/\/topkodas.com\/lt\/product\/tps12\/\"]}]},{\"@type\":\"ImageObject\",\"inLanguage\":\"lt-LT\",\"@id\":\"https:\/\/topkodas.com\/lt\/product\/tps12\/#primaryimage\",\"url\":\"https:\/\/topkodas.com\/wp-content\/uploads\/2020\/05\/PS12_400px.png\",\"contentUrl\":\"https:\/\/topkodas.com\/wp-content\/uploads\/2020\/05\/PS12_400px.png\",\"width\":400,\"height\":315},{\"@type\":\"BreadcrumbList\",\"@id\":\"https:\/\/topkodas.com\/lt\/product\/tps12\/#breadcrumb\",\"itemListElement\":[{\"@type\":\"ListItem\",\"position\":1,\"name\":\"Home\",\"item\":\"https:\/\/topkodas.com\/lt\/\"},{\"@type\":\"ListItem\",\"position\":2,\"name\":\"Produktai\",\"item\":\"https:\/\/topkodas.com\/lt\/products\/\"},{\"@type\":\"ListItem\",\"position\":3,\"name\":\"Priedai\",\"item\":\"https:\/\/topkodas.com\/lt\/product-category\/accessories-2\/\"},{\"@type\":\"ListItem\",\"position\":4,\"name\":\"Maitinimo \u0160altiniai\",\"item\":\"https:\/\/topkodas.com\/lt\/product-category\/accessories-2\/power-suppliers-lt\/\"},{\"@type\":\"ListItem\",\"position\":5,\"name\":\"TPS12 13,7 V\/1,8 A AC\/DC UPS mini impulsinis maitinimo \u0161altinis su akumuliatoriaus krovimu\"}]},{\"@type\":\"WebSite\",\"@id\":\"https:\/\/topkodas.com\/lt\/#website\",\"url\":\"https:\/\/topkodas.com\/lt\/\",\"name\":\"TOPKODAS\",\"description\":\"Pra\u0117jimo kontrol\u0117, GSM komunikatorius, apsaugos central\u0117, GSM termostatas, automatikos, apsaugos, HVAC sprendimai.\",\"publisher\":{\"@id\":\"https:\/\/topkodas.com\/lt\/#organization\"},\"potentialAction\":[{\"@type\":\"SearchAction\",\"target\":{\"@type\":\"EntryPoint\",\"urlTemplate\":\"https:\/\/topkodas.com\/lt\/?s={search_term_string}\"},\"query-input\":{\"@type\":\"PropertyValueSpecification\",\"valueRequired\":true,\"valueName\":\"search_term_string\"}}],\"inLanguage\":\"lt-LT\"},{\"@type\":\"Organization\",\"@id\":\"https:\/\/topkodas.com\/lt\/#organization\",\"name\":\"TOPKODAS\",\"url\":\"https:\/\/topkodas.com\/lt\/\",\"logo\":{\"@type\":\"ImageObject\",\"inLanguage\":\"lt-LT\",\"@id\":\"https:\/\/topkodas.com\/lt\/#\/schema\/logo\/image\/\",\"url\":\"https:\/\/topkodas.com\/wp-content\/uploads\/2020\/03\/topkodas-logo.png\",\"contentUrl\":\"https:\/\/topkodas.com\/wp-content\/uploads\/2020\/03\/topkodas-logo.png\",\"width\":1920,\"height\":680,\"caption\":\"TOPKODAS\"},\"image\":{\"@id\":\"https:\/\/topkodas.com\/lt\/#\/schema\/logo\/image\/\"},\"sameAs\":[\"https:\/\/www.facebook.com\/topkodas\/\",\"https:\/\/x.com\/topkodas\",\"https:\/\/www.instagram.com\/topkodasuab\/\",\"https:\/\/www.linkedin.com\/company\/topkodas-uab\",\"https:\/\/www.pinterest.com\/Topkodas\/\",\"https:\/\/www.youtube.com\/channel\/UCPlDZ8Q4G2WM6wQQTgN4K3Q\"]}]}<\/script>\n<meta property=\"product:price:amount\" content=\"45.00\" \/>\n<meta property=\"product:price:currency\" content=\"EUR\" \/>\n<meta property=\"og:availability\" content=\"instock\" \/>\n<meta property=\"product:availability\" content=\"instock\" \/>\n<meta property=\"product:retailer_item_id\" content=\"PR-TPS12\" \/>\n<meta property=\"product:condition\" content=\"new\" \/>\n<!-- \/ Yoast SEO Premium plugin. -->","yoast_head_json":{"title":"TPS12 13,7 V\/1,8 A AC\/DC UPS mini impulsinis maitinimo \u0161altinis su akumuliatoriaus krovimu - TOPKODAS","description":"UPS power supply 12V \/1.8A 36W AC\/DC for automation security with backup battery charging control and UPS (Uninterruptible power supply) functionality","robots":{"index":"index","follow":"follow","max-snippet":"max-snippet:-1","max-image-preview":"max-image-preview:large","max-video-preview":"max-video-preview:-1"},"canonical":"https:\/\/topkodas.com\/lt\/product\/tps12\/","og_locale":"lt_LT","og_type":"article","og_title":"TPS12 13,7 V\/1,8 A AC\/DC UPS mini impulsinis maitinimo \u0161altinis su akumuliatoriaus krovimu","og_description":"UPS power supply 12V \/1.8A 36W AC\/DC for automation security with backup battery charging control and UPS (Uninterruptible power supply) functionality","og_url":"https:\/\/topkodas.com\/lt\/product\/tps12\/","og_site_name":"TOPKODAS","article_publisher":"https:\/\/www.facebook.com\/topkodas\/","article_modified_time":"2021-08-24T11:21:50+00:00","og_image":[{"width":1120,"height":1107,"url":"https:\/\/topkodas.com\/wp-content\/uploads\/2020\/04\/GTalarm2.png","type":"image\/png"}],"twitter_card":"summary_large_image","twitter_site":"@topkodas","twitter_misc":{"Price":"&euro;45.00","Availability":"In stock"},"schema":{"@context":"https:\/\/schema.org","@graph":[{"@type":"WebPage","@id":"https:\/\/topkodas.com\/lt\/product\/tps12\/","url":"https:\/\/topkodas.com\/lt\/product\/tps12\/","name":"TPS12 13,7 V\/1,8 A AC\/DC UPS mini impulsinis maitinimo \u0161altinis su akumuliatoriaus krovimu - TOPKODAS","isPartOf":{"@id":"https:\/\/topkodas.com\/lt\/#website"},"primaryImageOfPage":{"@id":"https:\/\/topkodas.com\/lt\/product\/tps12\/#primaryimage"},"image":{"@id":"https:\/\/topkodas.com\/lt\/product\/tps12\/#primaryimage"},"thumbnailUrl":"https:\/\/topkodas.com\/wp-content\/uploads\/2020\/05\/PS12_400px.png","datePublished":"2020-05-13T18:50:42+00:00","dateModified":"2021-08-24T11:21:50+00:00","description":"UPS power supply 12V \/1.8A 36W AC\/DC for automation security with backup battery charging control and UPS (Uninterruptible power supply) functionality","breadcrumb":{"@id":"https:\/\/topkodas.com\/lt\/product\/tps12\/#breadcrumb"},"inLanguage":"lt-LT","potentialAction":[{"@type":"ReadAction","target":["https:\/\/topkodas.com\/lt\/product\/tps12\/"]}]},{"@type":"ImageObject","inLanguage":"lt-LT","@id":"https:\/\/topkodas.com\/lt\/product\/tps12\/#primaryimage","url":"https:\/\/topkodas.com\/wp-content\/uploads\/2020\/05\/PS12_400px.png","contentUrl":"https:\/\/topkodas.com\/wp-content\/uploads\/2020\/05\/PS12_400px.png","width":400,"height":315},{"@type":"BreadcrumbList","@id":"https:\/\/topkodas.com\/lt\/product\/tps12\/#breadcrumb","itemListElement":[{"@type":"ListItem","position":1,"name":"Home","item":"https:\/\/topkodas.com\/lt\/"},{"@type":"ListItem","position":2,"name":"Produktai","item":"https:\/\/topkodas.com\/lt\/products\/"},{"@type":"ListItem","position":3,"name":"Priedai","item":"https:\/\/topkodas.com\/lt\/product-category\/accessories-2\/"},{"@type":"ListItem","position":4,"name":"Maitinimo \u0160altiniai","item":"https:\/\/topkodas.com\/lt\/product-category\/accessories-2\/power-suppliers-lt\/"},{"@type":"ListItem","position":5,"name":"TPS12 13,7 V\/1,8 A AC\/DC UPS mini impulsinis maitinimo \u0161altinis su akumuliatoriaus krovimu"}]},{"@type":"WebSite","@id":"https:\/\/topkodas.com\/lt\/#website","url":"https:\/\/topkodas.com\/lt\/","name":"TOPKODAS","description":"Pra\u0117jimo kontrol\u0117, GSM komunikatorius, apsaugos central\u0117, GSM termostatas, automatikos, apsaugos, HVAC sprendimai.","publisher":{"@id":"https:\/\/topkodas.com\/lt\/#organization"},"potentialAction":[{"@type":"SearchAction","target":{"@type":"EntryPoint","urlTemplate":"https:\/\/topkodas.com\/lt\/?s={search_term_string}"},"query-input":{"@type":"PropertyValueSpecification","valueRequired":true,"valueName":"search_term_string"}}],"inLanguage":"lt-LT"},{"@type":"Organization","@id":"https:\/\/topkodas.com\/lt\/#organization","name":"TOPKODAS","url":"https:\/\/topkodas.com\/lt\/","logo":{"@type":"ImageObject","inLanguage":"lt-LT","@id":"https:\/\/topkodas.com\/lt\/#\/schema\/logo\/image\/","url":"https:\/\/topkodas.com\/wp-content\/uploads\/2020\/03\/topkodas-logo.png","contentUrl":"https:\/\/topkodas.com\/wp-content\/uploads\/2020\/03\/topkodas-logo.png","width":1920,"height":680,"caption":"TOPKODAS"},"image":{"@id":"https:\/\/topkodas.com\/lt\/#\/schema\/logo\/image\/"},"sameAs":["https:\/\/www.facebook.com\/topkodas\/","https:\/\/x.com\/topkodas","https:\/\/www.instagram.com\/topkodasuab\/","https:\/\/www.linkedin.com\/company\/topkodas-uab","https:\/\/www.pinterest.com\/Topkodas\/","https:\/\/www.youtube.com\/channel\/UCPlDZ8Q4G2WM6wQQTgN4K3Q"]}]},"product_price_amount":"45.00","product_price_currency":"EUR","og_availability":"instock","product_availability":"instock","product_retailer_item_id":"PR-TPS12","product_condition":"new"},"_links":{"self":[{"href":"https:\/\/topkodas.com\/lt\/wp-json\/wp\/v2\/product\/3635","targetHints":{"allow":["GET"]}}],"collection":[{"href":"https:\/\/topkodas.com\/lt\/wp-json\/wp\/v2\/product"}],"about":[{"href":"https:\/\/topkodas.com\/lt\/wp-json\/wp\/v2\/types\/product"}],"replies":[{"embeddable":true,"href":"https:\/\/topkodas.com\/lt\/wp-json\/wp\/v2\/comments?post=3635"}],"wp:featuredmedia":[{"embeddable":true,"href":"https:\/\/topkodas.com\/lt\/wp-json\/wp\/v2\/media\/1643"}],"wp:attachment":[{"href":"https:\/\/topkodas.com\/lt\/wp-json\/wp\/v2\/media?parent=3635"}],"wp:term":[{"taxonomy":"product_brand","embeddable":true,"href":"https:\/\/topkodas.com\/lt\/wp-json\/wp\/v2\/product_brand?post=3635"},{"taxonomy":"product_cat","embeddable":true,"href":"https:\/\/topkodas.com\/lt\/wp-json\/wp\/v2\/product_cat?post=3635"},{"taxonomy":"product_tag","embeddable":true,"href":"https:\/\/topkodas.com\/lt\/wp-json\/wp\/v2\/product_tag?post=3635"}],"curies":[{"name":"wp","href":"https:\/\/api.w.org\/{rel}","templated":true}]}}