{"id":3633,"date":"2020-05-16T08:06:45","date_gmt":"2020-05-16T05:06:45","guid":{"rendered":"https:\/\/www.topkodas.lt\/product\/ds18b20-waterproof-probe\/"},"modified":"2021-08-24T12:43:28","modified_gmt":"2021-08-24T09:43:28","slug":"ds18b20-waterproof-probe","status":"publish","type":"product","link":"https:\/\/topkodas.com\/lt\/product\/ds18b20-waterproof-probe\/","title":{"rendered":"DS18B20 Vandeniui atsparus temperat\u016bros jutiklis su 1 m kabeliu"},"content":{"rendered":"<h2 style=\"text-align: justify;\"><img loading=\"lazy\" decoding=\"async\" class=\"alignnone size-medium wp-image-803\" src=\"https:\/\/topkodas.com\/wp-content\/uploads\/2020\/03\/description_tab_icon.820943f77ce610a52ebc468c175ddaf799c200f9ba2855686c11366dff2ff5f3.svg\" alt=\"\" width=\"48\" height=\"48\" \/><\/h2>\n<div>\n<div><strong>Apra\u0161ymas:<\/strong><\/div>\n<div>\n<p style=\"text-align: justify;\">DS18B20 sandarus skaitmeninis temperat\u016bros jutiklis leid\u017eia tiksliai matuoti temperat\u016br\u0105 dr\u0117gnoje aplinkoje naudojant paprast\u0105 1-laido s\u0105saj\u0105. Kapsul\u0117 i\u0161 auk\u0161tos kokyb\u0117s ner\u016bdijan\u010dio plieno, atspari vandeniui, dr\u0117gmei, apsaugota nuo r\u016bd\u017ei\u0173.<\/p>\n<p style=\"text-align: justify;\">Pastaba: \u0161io jutiklio kontakt\u0173 i\u0161d\u0117stymas yra toks: Raudona=Vcc Juoda=GND Balta(geltona)=SIG<\/p>\n<\/div>\n<\/div>\n<div><strong>Specifikacijos:<\/strong><\/div>\n<div id=\"features-tab\" class=\"tab-pane fade active in\" role=\"tabpanel\">\n<div class=\"col-sm-12\"><\/div>\n<\/div>\n<ul>\n<li style=\"list-style-type: none;\">\n<ul>\n<li>Maitinimo \u012ftampa: 3,0 V-5,5 V<\/li>\n<li>Vandeniui atspari ner\u016bdijan\u010dio plieno kapsul\u0117<\/li>\n<li>Kapsul\u0117 yra 7 mm skersmens ir ma\u017edaug 26 mm ilgio. Auk\u0161tos kokyb\u0117s ner\u016bdijan\u010diojo plieno kapsul\u0117s hermetizuota, atspari vandeniui, dr\u0117gmei, apsaugota nuo r\u016bd\u017ei\u0173<\/li>\n<\/ul>\n<\/li>\n<\/ul>\n<p>.<\/p>\n<ul>\n<li style=\"list-style-type: none;\">\n<ul>\n<li>Laido ilgis: apie 100 cm<\/li>\n<li>Darbin\u0117s temperat\u016bros diapazonas: -55 \u00b0C &#8211; +125 \u00b0C<\/li>\n<\/ul>\n<\/li>\n<\/ul>\n<p>.<\/p>\n<ul>\n<li style=\"list-style-type: none;\">\n<ul>\n<li>Sand\u0117liavimo temperat\u016bros diapazonas: nuo -55\u00b0C iki -125\u00b0C (-67\u00b0F &#8211; +257\u00b0F)<\/li>\n<li>Tikslumas nuo -10\u00b0C iki +85\u00b0C diapazone: \u00b10,5\u00b0C.<\/li>\n<li>I\u0161vesties laidas: raudonas (VCC), geltonas (DATA), juodas (GND)<\/li>\n<\/ul>\n<\/li>\n<\/ul>\n<p>.<\/p>\n<div><strong>Taikymas:<\/strong><\/div>\n<ul>\n<li>HVAC<\/li>\n<li>Laboratorij\u0173 \u012franga<\/li>\n<li>Automobiliai<\/li>\n<li>Duomen\u0173 registratoriai<\/li>\n<li>Vartojimo prek\u0117s<\/li>\n<li>Automatinis valdymas<\/li>\n<li>Meteorologijos stotys<\/li>\n<li>Prietaisai<\/li>\n<li>ir dr\u0117gm\u0117s reguliatoriai<\/li>\n<li>Medicininiai \u012frenginiai<\/li>\n<\/ul>\n<div><\/div>\n<div><strong>Pakuot\u0119 sudaro:<\/strong><\/div>\n<div>\n<ul>\n<li>1vnt DS18B20 temperat\u016bros jutiklis<\/li>\n<\/ul>\n<\/div>\n","protected":false},"excerpt":{"rendered":"<p style=\"text-align: justify;\"><span class=\"ILfuVd\"><span class=\"e24Kjd\">Vandeniui atsparus <strong>DS18B20<\/strong> sandarus skaitmeninis temperat\u016bros jutiklis leid\u017eia tiksliai matuoti temperat\u016br\u0105 dr\u0117gnoje aplinkoje naudojant paprast\u0105 1 laido s\u0105saj\u0105. Kapsul\u0117 i\u0161 auk\u0161tos kokyb\u0117s ner\u016bdijan\u010dio plieno hermeti\u0161ka, atspari vandeniui, dr\u0117gmei apsaugota nuo r\u016bd\u017ei\u0173.<\/span><\/span><\/p>\n","protected":false},"featured_media":1675,"comment_status":"closed","ping_status":"closed","template":"","meta":{"_acf_changed":false,"inline_featured_image":false},"product_brand":[],"product_cat":[920],"product_tag":[931,930,974,975,928,977,979,929],"class_list":{"0":"post-3633","1":"product","2":"type-product","3":"status-publish","4":"has-post-thumbnail","6":"product_cat-sensors-lt","7":"product_tag-aliarmas-lt","8":"product_tag-apsauga-lt","9":"product_tag-dregmes-aliarmas-lt","10":"product_tag-dregmes-jutiklis-lt","11":"product_tag-gsm-lt","12":"product_tag-sistema-lt","13":"product_tag-temperaturos-jutiklis-lt","14":"product_tag-valdiklis-lt","16":"first","17":"instock","18":"shipping-taxable","19":"purchasable","20":"product-type-simple"},"acf":[],"yoast_head":"<!-- This site is optimized with the Yoast SEO Premium plugin v25.0 (Yoast SEO v27.1.1) - https:\/\/yoast.com\/product\/yoast-seo-premium-wordpress\/ -->\n<title>DS18B20 Vandeniui atsparus temperat\u016bros jutiklis su 1 m kabeliu - TOPKODAS<\/title>\n<meta name=\"description\" content=\"Vandeniui atsparus DS18B20 sandarus skaitmeninis temperat\u016bros jutiklis leid\u017eia tiksliai matuoti temperat\u016br\u0105 dr\u0117gnoje aplinkoje naudojant paprast\u0105 1 laido s\u0105saj\u0105.\" \/>\n<meta name=\"robots\" content=\"index, follow, max-snippet:-1, max-image-preview:large, max-video-preview:-1\" \/>\n<link rel=\"canonical\" href=\"https:\/\/topkodas.com\/lt\/product\/ds18b20-waterproof-probe\/\" \/>\n<meta property=\"og:locale\" content=\"lt_LT\" \/>\n<meta property=\"og:type\" content=\"article\" \/>\n<meta property=\"og:title\" content=\"DS18B20 Vandeniui atsparus temperat\u016bros jutiklis su 1 m kabeliu\" \/>\n<meta property=\"og:description\" content=\"Vandeniui atsparus DS18B20 sandarus skaitmeninis temperat\u016bros jutiklis leid\u017eia tiksliai matuoti temperat\u016br\u0105 dr\u0117gnoje aplinkoje naudojant paprast\u0105 1 laido s\u0105saj\u0105.\" \/>\n<meta property=\"og:url\" content=\"https:\/\/topkodas.com\/lt\/product\/ds18b20-waterproof-probe\/\" \/>\n<meta property=\"og:site_name\" content=\"TOPKODAS\" \/>\n<meta property=\"article:publisher\" content=\"https:\/\/www.facebook.com\/topkodas\/\" \/>\n<meta property=\"article:modified_time\" content=\"2021-08-24T09:43:28+00:00\" \/>\n<meta property=\"og:image\" content=\"https:\/\/topkodas.com\/wp-content\/uploads\/2020\/04\/GTalarm2.png\" \/>\n\t<meta property=\"og:image:width\" content=\"1120\" \/>\n\t<meta property=\"og:image:height\" content=\"1107\" \/>\n\t<meta property=\"og:image:type\" content=\"image\/png\" \/>\n<meta name=\"twitter:card\" content=\"summary_large_image\" \/>\n<meta name=\"twitter:site\" content=\"@topkodas\" \/>\n<meta name=\"twitter:label1\" content=\"Price\" \/>\n\t<meta name=\"twitter:data1\" content=\"&euro;8.00\" \/>\n\t<meta name=\"twitter:label2\" content=\"Availability\" \/>\n\t<meta name=\"twitter:data2\" content=\"In stock\" \/>\n<script type=\"application\/ld+json\" class=\"yoast-schema-graph\">{\"@context\":\"https:\/\/schema.org\",\"@graph\":[{\"@type\":\"WebPage\",\"@id\":\"https:\/\/topkodas.com\/lt\/product\/ds18b20-waterproof-probe\/\",\"url\":\"https:\/\/topkodas.com\/lt\/product\/ds18b20-waterproof-probe\/\",\"name\":\"DS18B20 Vandeniui atsparus temperat\u016bros jutiklis su 1 m kabeliu - TOPKODAS\",\"isPartOf\":{\"@id\":\"https:\/\/topkodas.com\/lt\/#website\"},\"primaryImageOfPage\":{\"@id\":\"https:\/\/topkodas.com\/lt\/product\/ds18b20-waterproof-probe\/#primaryimage\"},\"image\":{\"@id\":\"https:\/\/topkodas.com\/lt\/product\/ds18b20-waterproof-probe\/#primaryimage\"},\"thumbnailUrl\":\"https:\/\/topkodas.com\/wp-content\/uploads\/2020\/05\/DS18B20-Temperature-Sensor-Probe-Waterproof.png\",\"datePublished\":\"2020-05-16T05:06:45+00:00\",\"dateModified\":\"2021-08-24T09:43:28+00:00\",\"description\":\"Vandeniui atsparus DS18B20 sandarus skaitmeninis temperat\u016bros jutiklis leid\u017eia tiksliai matuoti temperat\u016br\u0105 dr\u0117gnoje aplinkoje naudojant paprast\u0105 1 laido s\u0105saj\u0105.\",\"breadcrumb\":{\"@id\":\"https:\/\/topkodas.com\/lt\/product\/ds18b20-waterproof-probe\/#breadcrumb\"},\"inLanguage\":\"lt-LT\",\"potentialAction\":[{\"@type\":\"ReadAction\",\"target\":[\"https:\/\/topkodas.com\/lt\/product\/ds18b20-waterproof-probe\/\"]}]},{\"@type\":\"ImageObject\",\"inLanguage\":\"lt-LT\",\"@id\":\"https:\/\/topkodas.com\/lt\/product\/ds18b20-waterproof-probe\/#primaryimage\",\"url\":\"https:\/\/topkodas.com\/wp-content\/uploads\/2020\/05\/DS18B20-Temperature-Sensor-Probe-Waterproof.png\",\"contentUrl\":\"https:\/\/topkodas.com\/wp-content\/uploads\/2020\/05\/DS18B20-Temperature-Sensor-Probe-Waterproof.png\",\"width\":1042,\"height\":1042},{\"@type\":\"BreadcrumbList\",\"@id\":\"https:\/\/topkodas.com\/lt\/product\/ds18b20-waterproof-probe\/#breadcrumb\",\"itemListElement\":[{\"@type\":\"ListItem\",\"position\":1,\"name\":\"Home\",\"item\":\"https:\/\/topkodas.com\/lt\/\"},{\"@type\":\"ListItem\",\"position\":2,\"name\":\"Produktai\",\"item\":\"https:\/\/topkodas.com\/lt\/products\/\"},{\"@type\":\"ListItem\",\"position\":3,\"name\":\"Priedai\",\"item\":\"https:\/\/topkodas.com\/lt\/product-category\/accessories-2\/\"},{\"@type\":\"ListItem\",\"position\":4,\"name\":\"Jutikliai\",\"item\":\"https:\/\/topkodas.com\/lt\/product-category\/accessories-2\/sensors-lt\/\"},{\"@type\":\"ListItem\",\"position\":5,\"name\":\"DS18B20 Vandeniui atsparus temperat\u016bros jutiklis su 1 m kabeliu\"}]},{\"@type\":\"WebSite\",\"@id\":\"https:\/\/topkodas.com\/lt\/#website\",\"url\":\"https:\/\/topkodas.com\/lt\/\",\"name\":\"TOPKODAS\",\"description\":\"Pra\u0117jimo kontrol\u0117, GSM komunikatorius, apsaugos central\u0117, GSM termostatas, automatikos, apsaugos, HVAC sprendimai.\",\"publisher\":{\"@id\":\"https:\/\/topkodas.com\/lt\/#organization\"},\"potentialAction\":[{\"@type\":\"SearchAction\",\"target\":{\"@type\":\"EntryPoint\",\"urlTemplate\":\"https:\/\/topkodas.com\/lt\/?s={search_term_string}\"},\"query-input\":{\"@type\":\"PropertyValueSpecification\",\"valueRequired\":true,\"valueName\":\"search_term_string\"}}],\"inLanguage\":\"lt-LT\"},{\"@type\":\"Organization\",\"@id\":\"https:\/\/topkodas.com\/lt\/#organization\",\"name\":\"TOPKODAS\",\"url\":\"https:\/\/topkodas.com\/lt\/\",\"logo\":{\"@type\":\"ImageObject\",\"inLanguage\":\"lt-LT\",\"@id\":\"https:\/\/topkodas.com\/lt\/#\/schema\/logo\/image\/\",\"url\":\"https:\/\/topkodas.com\/wp-content\/uploads\/2020\/03\/topkodas-logo.png\",\"contentUrl\":\"https:\/\/topkodas.com\/wp-content\/uploads\/2020\/03\/topkodas-logo.png\",\"width\":1920,\"height\":680,\"caption\":\"TOPKODAS\"},\"image\":{\"@id\":\"https:\/\/topkodas.com\/lt\/#\/schema\/logo\/image\/\"},\"sameAs\":[\"https:\/\/www.facebook.com\/topkodas\/\",\"https:\/\/x.com\/topkodas\",\"https:\/\/www.instagram.com\/topkodasuab\/\",\"https:\/\/www.linkedin.com\/company\/topkodas-uab\",\"https:\/\/www.pinterest.com\/Topkodas\/\",\"https:\/\/www.youtube.com\/channel\/UCPlDZ8Q4G2WM6wQQTgN4K3Q\"]}]}<\/script>\n<meta property=\"product:price:amount\" content=\"8.00\" \/>\n<meta property=\"product:price:currency\" content=\"EUR\" \/>\n<meta property=\"og:availability\" content=\"instock\" \/>\n<meta property=\"product:availability\" content=\"instock\" \/>\n<meta property=\"product:retailer_item_id\" content=\"PR-DS18B20-PROBE\" \/>\n<meta property=\"product:condition\" content=\"new\" \/>\n<!-- \/ Yoast SEO Premium plugin. -->","yoast_head_json":{"title":"DS18B20 Vandeniui atsparus temperat\u016bros jutiklis su 1 m kabeliu - TOPKODAS","description":"Vandeniui atsparus DS18B20 sandarus skaitmeninis temperat\u016bros jutiklis leid\u017eia tiksliai matuoti temperat\u016br\u0105 dr\u0117gnoje aplinkoje naudojant paprast\u0105 1 laido s\u0105saj\u0105.","robots":{"index":"index","follow":"follow","max-snippet":"max-snippet:-1","max-image-preview":"max-image-preview:large","max-video-preview":"max-video-preview:-1"},"canonical":"https:\/\/topkodas.com\/lt\/product\/ds18b20-waterproof-probe\/","og_locale":"lt_LT","og_type":"article","og_title":"DS18B20 Vandeniui atsparus temperat\u016bros jutiklis su 1 m kabeliu","og_description":"Vandeniui atsparus DS18B20 sandarus skaitmeninis temperat\u016bros jutiklis leid\u017eia tiksliai matuoti temperat\u016br\u0105 dr\u0117gnoje aplinkoje naudojant paprast\u0105 1 laido s\u0105saj\u0105.","og_url":"https:\/\/topkodas.com\/lt\/product\/ds18b20-waterproof-probe\/","og_site_name":"TOPKODAS","article_publisher":"https:\/\/www.facebook.com\/topkodas\/","article_modified_time":"2021-08-24T09:43:28+00:00","og_image":[{"width":1120,"height":1107,"url":"https:\/\/topkodas.com\/wp-content\/uploads\/2020\/04\/GTalarm2.png","type":"image\/png"}],"twitter_card":"summary_large_image","twitter_site":"@topkodas","twitter_misc":{"Price":"&euro;8.00","Availability":"In stock"},"schema":{"@context":"https:\/\/schema.org","@graph":[{"@type":"WebPage","@id":"https:\/\/topkodas.com\/lt\/product\/ds18b20-waterproof-probe\/","url":"https:\/\/topkodas.com\/lt\/product\/ds18b20-waterproof-probe\/","name":"DS18B20 Vandeniui atsparus temperat\u016bros jutiklis su 1 m kabeliu - TOPKODAS","isPartOf":{"@id":"https:\/\/topkodas.com\/lt\/#website"},"primaryImageOfPage":{"@id":"https:\/\/topkodas.com\/lt\/product\/ds18b20-waterproof-probe\/#primaryimage"},"image":{"@id":"https:\/\/topkodas.com\/lt\/product\/ds18b20-waterproof-probe\/#primaryimage"},"thumbnailUrl":"https:\/\/topkodas.com\/wp-content\/uploads\/2020\/05\/DS18B20-Temperature-Sensor-Probe-Waterproof.png","datePublished":"2020-05-16T05:06:45+00:00","dateModified":"2021-08-24T09:43:28+00:00","description":"Vandeniui atsparus DS18B20 sandarus skaitmeninis temperat\u016bros jutiklis leid\u017eia tiksliai matuoti temperat\u016br\u0105 dr\u0117gnoje aplinkoje naudojant paprast\u0105 1 laido s\u0105saj\u0105.","breadcrumb":{"@id":"https:\/\/topkodas.com\/lt\/product\/ds18b20-waterproof-probe\/#breadcrumb"},"inLanguage":"lt-LT","potentialAction":[{"@type":"ReadAction","target":["https:\/\/topkodas.com\/lt\/product\/ds18b20-waterproof-probe\/"]}]},{"@type":"ImageObject","inLanguage":"lt-LT","@id":"https:\/\/topkodas.com\/lt\/product\/ds18b20-waterproof-probe\/#primaryimage","url":"https:\/\/topkodas.com\/wp-content\/uploads\/2020\/05\/DS18B20-Temperature-Sensor-Probe-Waterproof.png","contentUrl":"https:\/\/topkodas.com\/wp-content\/uploads\/2020\/05\/DS18B20-Temperature-Sensor-Probe-Waterproof.png","width":1042,"height":1042},{"@type":"BreadcrumbList","@id":"https:\/\/topkodas.com\/lt\/product\/ds18b20-waterproof-probe\/#breadcrumb","itemListElement":[{"@type":"ListItem","position":1,"name":"Home","item":"https:\/\/topkodas.com\/lt\/"},{"@type":"ListItem","position":2,"name":"Produktai","item":"https:\/\/topkodas.com\/lt\/products\/"},{"@type":"ListItem","position":3,"name":"Priedai","item":"https:\/\/topkodas.com\/lt\/product-category\/accessories-2\/"},{"@type":"ListItem","position":4,"name":"Jutikliai","item":"https:\/\/topkodas.com\/lt\/product-category\/accessories-2\/sensors-lt\/"},{"@type":"ListItem","position":5,"name":"DS18B20 Vandeniui atsparus temperat\u016bros jutiklis su 1 m kabeliu"}]},{"@type":"WebSite","@id":"https:\/\/topkodas.com\/lt\/#website","url":"https:\/\/topkodas.com\/lt\/","name":"TOPKODAS","description":"Pra\u0117jimo kontrol\u0117, GSM komunikatorius, apsaugos central\u0117, GSM termostatas, automatikos, apsaugos, HVAC sprendimai.","publisher":{"@id":"https:\/\/topkodas.com\/lt\/#organization"},"potentialAction":[{"@type":"SearchAction","target":{"@type":"EntryPoint","urlTemplate":"https:\/\/topkodas.com\/lt\/?s={search_term_string}"},"query-input":{"@type":"PropertyValueSpecification","valueRequired":true,"valueName":"search_term_string"}}],"inLanguage":"lt-LT"},{"@type":"Organization","@id":"https:\/\/topkodas.com\/lt\/#organization","name":"TOPKODAS","url":"https:\/\/topkodas.com\/lt\/","logo":{"@type":"ImageObject","inLanguage":"lt-LT","@id":"https:\/\/topkodas.com\/lt\/#\/schema\/logo\/image\/","url":"https:\/\/topkodas.com\/wp-content\/uploads\/2020\/03\/topkodas-logo.png","contentUrl":"https:\/\/topkodas.com\/wp-content\/uploads\/2020\/03\/topkodas-logo.png","width":1920,"height":680,"caption":"TOPKODAS"},"image":{"@id":"https:\/\/topkodas.com\/lt\/#\/schema\/logo\/image\/"},"sameAs":["https:\/\/www.facebook.com\/topkodas\/","https:\/\/x.com\/topkodas","https:\/\/www.instagram.com\/topkodasuab\/","https:\/\/www.linkedin.com\/company\/topkodas-uab","https:\/\/www.pinterest.com\/Topkodas\/","https:\/\/www.youtube.com\/channel\/UCPlDZ8Q4G2WM6wQQTgN4K3Q"]}]},"product_price_amount":"8.00","product_price_currency":"EUR","og_availability":"instock","product_availability":"instock","product_retailer_item_id":"PR-DS18B20-PROBE","product_condition":"new"},"_links":{"self":[{"href":"https:\/\/topkodas.com\/lt\/wp-json\/wp\/v2\/product\/3633","targetHints":{"allow":["GET"]}}],"collection":[{"href":"https:\/\/topkodas.com\/lt\/wp-json\/wp\/v2\/product"}],"about":[{"href":"https:\/\/topkodas.com\/lt\/wp-json\/wp\/v2\/types\/product"}],"replies":[{"embeddable":true,"href":"https:\/\/topkodas.com\/lt\/wp-json\/wp\/v2\/comments?post=3633"}],"wp:featuredmedia":[{"embeddable":true,"href":"https:\/\/topkodas.com\/lt\/wp-json\/wp\/v2\/media\/1675"}],"wp:attachment":[{"href":"https:\/\/topkodas.com\/lt\/wp-json\/wp\/v2\/media?parent=3633"}],"wp:term":[{"taxonomy":"product_brand","embeddable":true,"href":"https:\/\/topkodas.com\/lt\/wp-json\/wp\/v2\/product_brand?post=3633"},{"taxonomy":"product_cat","embeddable":true,"href":"https:\/\/topkodas.com\/lt\/wp-json\/wp\/v2\/product_cat?post=3633"},{"taxonomy":"product_tag","embeddable":true,"href":"https:\/\/topkodas.com\/lt\/wp-json\/wp\/v2\/product_tag?post=3633"}],"curies":[{"name":"wp","href":"https:\/\/api.w.org\/{rel}","templated":true}]}}