{"id":3628,"date":"2020-05-11T23:48:23","date_gmt":"2020-05-11T20:48:23","guid":{"rendered":"https:\/\/www.topkodas.lt\/product\/am2305\/"},"modified":"2021-08-24T10:48:54","modified_gmt":"2021-08-24T07:48:54","slug":"am2305","status":"publish","type":"product","link":"https:\/\/topkodas.com\/lt\/product\/am2305\/","title":{"rendered":"AM2305 temperat\u016bros ir dr\u0117gm\u0117s jutiklis"},"content":{"rendered":"<h2 style=\"text-align: justify;\"><img loading=\"lazy\" decoding=\"async\" class=\"alignnone size-medium wp-image-803\" src=\"https:\/\/topkodas.com\/wp-content\/uploads\/2020\/03\/description_tab_icon.820943f77ce610a52ebc468c175ddaf799c200f9ba2855686c11366dff2ff5f3.svg\" alt=\"\" width=\"48\" height=\"48\" \/><\/h2>\n<div>\n<div><strong>Apra\u0161ymas:<\/strong><\/div>\n<div><\/div>\n<div>AM2305 skaitmeninis temperat\u016bros ir dr\u0117gm\u0117s jutiklis &#8211; tai kalibruotas skaitmeninis temperat\u016bros ir dr\u0117gm\u0117s kombinuoto jutiklio i\u0161\u0117jimo signalas.  Jutikl\u012f sudaro talpinis dr\u0117gm\u0117s jutiklio elementas ir  temperat\u016bros matavimo elementas, o prie jo prijungtas didelio na\u0161umo 8 bit\u0173 mikrovaldiklis. Tod\u0117l gaminys pasi\u017eymi puikia kokybe, geb\u0117jimu i\u0161vengti trukd\u017ei\u0173 ir kitais privalumais. Kiekvienas AM2305 jutiklis kalibruotas tikslioje dr\u0117gm\u0117s kalibravimo kameroje. Kalibravimo koeficientai saugomi programos OTP atmintyje. D\u0117l Vieno laido \u0161ynos, sistemos integracija tampa paprastesn\u0117 ir greitesn\u0117. Itin ma\u017eas dydis, ma\u017eos energijos s\u0105naudos, signalo perdavimo atstumas iki 20 metr\u0173, tod\u0117l tai yra tinkamas pasirinkimas net ir reikliausiuose taikymo u\u017edaviniuose. <\/div>\n<div><\/div>\n<p><strong>Funkcijos:<\/strong><\/p>\n<\/div>\n<div><\/div>\n<div>&#8211; Santykin\u0117s dr\u0117gm\u0117s ir temperat\u016bros matavimai, kalibravimas, skaitmenis i\u0161\u0117jimas<\/div>\n<div>-Puikus ilgalaikis stabilumas<\/div>\n<div>-N\u0117ra papildom\u0173 komponent\u0173<\/div>\n<div>-Signalo perdavimas dideliu atstumu<\/div>\n<div>-Itin ma\u017eos galios<\/div>\n<div><\/div>\n<div><strong>Specifikacijos:<\/strong><\/div>\n<div><\/div>\n<div>Panaudojimas: Pramoninis<\/div>\n<div>Modelio numeris: AM2305<\/div>\n<div>Matavim\u0173 tikslumas: -40 ~ 120 \u00b0C<\/div>\n<div>Tikslumas: \u00b1 0,3 \u00b0c<\/div>\n<div>Rezoliucija: 0,1<\/div>\n<div>Diapazonas: 0-100 % RH<\/div>\n<div><\/div>\n<div>Taikymo sritys:<\/div>\n<div><\/div>\n<div>1. HVAC<\/div>\n<div>2. Laboratorin\u0117 \u012franga<\/div>\n<div>3. Automobiliai<\/div>\n<div>4. Duomen\u0173 registratoriai<\/div>\n<div>5. Plataus vartojimo prek\u0117s<\/div>\n<div>6. Automatinis valdymas<\/div>\n<div>7. Meteorologijos stotys<\/div>\n<div>8. Prietaisai<\/div>\n<div>9. ir dr\u0117gm\u0117s reguliatoriai<\/div>\n<div>10. Medicinos<\/div>\n<div><\/div>\n<div><strong>\u012e pakuot\u0119 \u012feina:<\/strong><\/div>\n<div><\/div>\n<div>1 x AM2305 skaitmeninis temperat\u016bros ir dr\u0117gm\u0117s jutiklis<\/div>\n","protected":false},"excerpt":{"rendered":"<p><span class=\"ILfuVd\"><span class=\"e24Kjd\"><b>AM2305<\/b>  yra skaitmeninis temperat\u016bros ir dr\u0117gm\u0117s jutiklis skaitmeniniu signalo i\u0161\u0117jimu, kalibruotas temperat\u016bros ir dr\u0117gm\u0117s jutiklis.<\/span><\/span><\/p>\n","protected":false},"featured_media":1639,"comment_status":"closed","ping_status":"closed","template":"","meta":{"_acf_changed":false,"inline_featured_image":false},"product_brand":[],"product_cat":[920],"product_tag":[931,930,974,975,928,977,979,929],"class_list":{"0":"post-3628","1":"product","2":"type-product","3":"status-publish","4":"has-post-thumbnail","6":"product_cat-sensors-lt","7":"product_tag-aliarmas-lt","8":"product_tag-apsauga-lt","9":"product_tag-dregmes-aliarmas-lt","10":"product_tag-dregmes-jutiklis-lt","11":"product_tag-gsm-lt","12":"product_tag-sistema-lt","13":"product_tag-temperaturos-jutiklis-lt","14":"product_tag-valdiklis-lt","16":"first","17":"instock","18":"shipping-taxable","19":"purchasable","20":"product-type-simple"},"acf":[],"yoast_head":"<!-- This site is optimized with the Yoast SEO Premium plugin v25.0 (Yoast SEO v27.1.1) - https:\/\/yoast.com\/product\/yoast-seo-premium-wordpress\/ -->\n<title>AM2305 temperat\u016bros ir dr\u0117gm\u0117s jutiklis - TOPKODAS<\/title>\n<meta name=\"description\" content=\"Skaitmeninis temperat\u016bros ir dr\u0117gm\u0117s jutiklis AM2305 - tai kalibruotas skaitmeninis temperat\u016bros ir dr\u0117gm\u0117s jutiklis skaitmeniniu i\u0161\u0117jimo signalu.\" \/>\n<meta name=\"robots\" content=\"index, follow, max-snippet:-1, max-image-preview:large, max-video-preview:-1\" \/>\n<link rel=\"canonical\" href=\"https:\/\/topkodas.com\/lt\/product\/am2305\/\" \/>\n<meta property=\"og:locale\" content=\"lt_LT\" \/>\n<meta property=\"og:type\" content=\"article\" \/>\n<meta property=\"og:title\" content=\"AM2305 temperat\u016bros ir dr\u0117gm\u0117s jutiklis\" \/>\n<meta property=\"og:description\" content=\"Skaitmeninis temperat\u016bros ir dr\u0117gm\u0117s jutiklis AM2305 - tai kalibruotas skaitmeninis temperat\u016bros ir dr\u0117gm\u0117s jutiklis skaitmeniniu i\u0161\u0117jimo signalu.\" \/>\n<meta property=\"og:url\" content=\"https:\/\/topkodas.com\/lt\/product\/am2305\/\" \/>\n<meta property=\"og:site_name\" content=\"TOPKODAS\" \/>\n<meta property=\"article:publisher\" content=\"https:\/\/www.facebook.com\/topkodas\/\" \/>\n<meta property=\"article:modified_time\" content=\"2021-08-24T07:48:54+00:00\" \/>\n<meta property=\"og:image\" content=\"https:\/\/topkodas.com\/wp-content\/uploads\/2020\/04\/GTalarm2.png\" \/>\n\t<meta property=\"og:image:width\" content=\"1120\" \/>\n\t<meta property=\"og:image:height\" content=\"1107\" \/>\n\t<meta property=\"og:image:type\" content=\"image\/png\" \/>\n<meta name=\"twitter:card\" content=\"summary_large_image\" \/>\n<meta name=\"twitter:site\" content=\"@topkodas\" \/>\n<meta name=\"twitter:label1\" content=\"Price\" \/>\n\t<meta name=\"twitter:data1\" content=\"&euro;60.00\" \/>\n\t<meta name=\"twitter:label2\" content=\"Availability\" \/>\n\t<meta name=\"twitter:data2\" content=\"In stock\" \/>\n<script type=\"application\/ld+json\" class=\"yoast-schema-graph\">{\"@context\":\"https:\/\/schema.org\",\"@graph\":[{\"@type\":\"WebPage\",\"@id\":\"https:\/\/topkodas.com\/lt\/product\/am2305\/\",\"url\":\"https:\/\/topkodas.com\/lt\/product\/am2305\/\",\"name\":\"AM2305 temperat\u016bros ir dr\u0117gm\u0117s jutiklis - TOPKODAS\",\"isPartOf\":{\"@id\":\"https:\/\/topkodas.com\/lt\/#website\"},\"primaryImageOfPage\":{\"@id\":\"https:\/\/topkodas.com\/lt\/product\/am2305\/#primaryimage\"},\"image\":{\"@id\":\"https:\/\/topkodas.com\/lt\/product\/am2305\/#primaryimage\"},\"thumbnailUrl\":\"https:\/\/topkodas.com\/wp-content\/uploads\/2020\/05\/AM2305-5.jpg\",\"datePublished\":\"2020-05-11T20:48:23+00:00\",\"dateModified\":\"2021-08-24T07:48:54+00:00\",\"description\":\"Skaitmeninis temperat\u016bros ir dr\u0117gm\u0117s jutiklis AM2305 - tai kalibruotas skaitmeninis temperat\u016bros ir dr\u0117gm\u0117s jutiklis skaitmeniniu i\u0161\u0117jimo signalu.\",\"breadcrumb\":{\"@id\":\"https:\/\/topkodas.com\/lt\/product\/am2305\/#breadcrumb\"},\"inLanguage\":\"lt-LT\",\"potentialAction\":[{\"@type\":\"ReadAction\",\"target\":[\"https:\/\/topkodas.com\/lt\/product\/am2305\/\"]}]},{\"@type\":\"ImageObject\",\"inLanguage\":\"lt-LT\",\"@id\":\"https:\/\/topkodas.com\/lt\/product\/am2305\/#primaryimage\",\"url\":\"https:\/\/topkodas.com\/wp-content\/uploads\/2020\/05\/AM2305-5.jpg\",\"contentUrl\":\"https:\/\/topkodas.com\/wp-content\/uploads\/2020\/05\/AM2305-5.jpg\",\"width\":413,\"height\":413},{\"@type\":\"BreadcrumbList\",\"@id\":\"https:\/\/topkodas.com\/lt\/product\/am2305\/#breadcrumb\",\"itemListElement\":[{\"@type\":\"ListItem\",\"position\":1,\"name\":\"Home\",\"item\":\"https:\/\/topkodas.com\/lt\/\"},{\"@type\":\"ListItem\",\"position\":2,\"name\":\"Produktai\",\"item\":\"https:\/\/topkodas.com\/lt\/products\/\"},{\"@type\":\"ListItem\",\"position\":3,\"name\":\"Priedai\",\"item\":\"https:\/\/topkodas.com\/lt\/product-category\/accessories-2\/\"},{\"@type\":\"ListItem\",\"position\":4,\"name\":\"Jutikliai\",\"item\":\"https:\/\/topkodas.com\/lt\/product-category\/accessories-2\/sensors-lt\/\"},{\"@type\":\"ListItem\",\"position\":5,\"name\":\"AM2305 temperat\u016bros ir dr\u0117gm\u0117s jutiklis\"}]},{\"@type\":\"WebSite\",\"@id\":\"https:\/\/topkodas.com\/lt\/#website\",\"url\":\"https:\/\/topkodas.com\/lt\/\",\"name\":\"TOPKODAS\",\"description\":\"Pra\u0117jimo kontrol\u0117, GSM komunikatorius, apsaugos central\u0117, GSM termostatas, automatikos, apsaugos, HVAC sprendimai.\",\"publisher\":{\"@id\":\"https:\/\/topkodas.com\/lt\/#organization\"},\"potentialAction\":[{\"@type\":\"SearchAction\",\"target\":{\"@type\":\"EntryPoint\",\"urlTemplate\":\"https:\/\/topkodas.com\/lt\/?s={search_term_string}\"},\"query-input\":{\"@type\":\"PropertyValueSpecification\",\"valueRequired\":true,\"valueName\":\"search_term_string\"}}],\"inLanguage\":\"lt-LT\"},{\"@type\":\"Organization\",\"@id\":\"https:\/\/topkodas.com\/lt\/#organization\",\"name\":\"TOPKODAS\",\"url\":\"https:\/\/topkodas.com\/lt\/\",\"logo\":{\"@type\":\"ImageObject\",\"inLanguage\":\"lt-LT\",\"@id\":\"https:\/\/topkodas.com\/lt\/#\/schema\/logo\/image\/\",\"url\":\"https:\/\/topkodas.com\/wp-content\/uploads\/2020\/03\/topkodas-logo.png\",\"contentUrl\":\"https:\/\/topkodas.com\/wp-content\/uploads\/2020\/03\/topkodas-logo.png\",\"width\":1920,\"height\":680,\"caption\":\"TOPKODAS\"},\"image\":{\"@id\":\"https:\/\/topkodas.com\/lt\/#\/schema\/logo\/image\/\"},\"sameAs\":[\"https:\/\/www.facebook.com\/topkodas\/\",\"https:\/\/x.com\/topkodas\",\"https:\/\/www.instagram.com\/topkodasuab\/\",\"https:\/\/www.linkedin.com\/company\/topkodas-uab\",\"https:\/\/www.pinterest.com\/Topkodas\/\",\"https:\/\/www.youtube.com\/channel\/UCPlDZ8Q4G2WM6wQQTgN4K3Q\"]}]}<\/script>\n<meta property=\"product:price:amount\" content=\"60.00\" \/>\n<meta property=\"product:price:currency\" content=\"EUR\" \/>\n<meta property=\"og:availability\" content=\"instock\" \/>\n<meta property=\"product:availability\" content=\"instock\" \/>\n<meta property=\"product:retailer_item_id\" content=\"PR-AM2305\" \/>\n<meta property=\"product:condition\" content=\"new\" \/>\n<!-- \/ Yoast SEO Premium plugin. -->","yoast_head_json":{"title":"AM2305 temperat\u016bros ir dr\u0117gm\u0117s jutiklis - TOPKODAS","description":"Skaitmeninis temperat\u016bros ir dr\u0117gm\u0117s jutiklis AM2305 - tai kalibruotas skaitmeninis temperat\u016bros ir dr\u0117gm\u0117s jutiklis skaitmeniniu i\u0161\u0117jimo signalu.","robots":{"index":"index","follow":"follow","max-snippet":"max-snippet:-1","max-image-preview":"max-image-preview:large","max-video-preview":"max-video-preview:-1"},"canonical":"https:\/\/topkodas.com\/lt\/product\/am2305\/","og_locale":"lt_LT","og_type":"article","og_title":"AM2305 temperat\u016bros ir dr\u0117gm\u0117s jutiklis","og_description":"Skaitmeninis temperat\u016bros ir dr\u0117gm\u0117s jutiklis AM2305 - tai kalibruotas skaitmeninis temperat\u016bros ir dr\u0117gm\u0117s jutiklis skaitmeniniu i\u0161\u0117jimo signalu.","og_url":"https:\/\/topkodas.com\/lt\/product\/am2305\/","og_site_name":"TOPKODAS","article_publisher":"https:\/\/www.facebook.com\/topkodas\/","article_modified_time":"2021-08-24T07:48:54+00:00","og_image":[{"width":1120,"height":1107,"url":"https:\/\/topkodas.com\/wp-content\/uploads\/2020\/04\/GTalarm2.png","type":"image\/png"}],"twitter_card":"summary_large_image","twitter_site":"@topkodas","twitter_misc":{"Price":"&euro;60.00","Availability":"In stock"},"schema":{"@context":"https:\/\/schema.org","@graph":[{"@type":"WebPage","@id":"https:\/\/topkodas.com\/lt\/product\/am2305\/","url":"https:\/\/topkodas.com\/lt\/product\/am2305\/","name":"AM2305 temperat\u016bros ir dr\u0117gm\u0117s jutiklis - TOPKODAS","isPartOf":{"@id":"https:\/\/topkodas.com\/lt\/#website"},"primaryImageOfPage":{"@id":"https:\/\/topkodas.com\/lt\/product\/am2305\/#primaryimage"},"image":{"@id":"https:\/\/topkodas.com\/lt\/product\/am2305\/#primaryimage"},"thumbnailUrl":"https:\/\/topkodas.com\/wp-content\/uploads\/2020\/05\/AM2305-5.jpg","datePublished":"2020-05-11T20:48:23+00:00","dateModified":"2021-08-24T07:48:54+00:00","description":"Skaitmeninis temperat\u016bros ir dr\u0117gm\u0117s jutiklis AM2305 - tai kalibruotas skaitmeninis temperat\u016bros ir dr\u0117gm\u0117s jutiklis skaitmeniniu i\u0161\u0117jimo signalu.","breadcrumb":{"@id":"https:\/\/topkodas.com\/lt\/product\/am2305\/#breadcrumb"},"inLanguage":"lt-LT","potentialAction":[{"@type":"ReadAction","target":["https:\/\/topkodas.com\/lt\/product\/am2305\/"]}]},{"@type":"ImageObject","inLanguage":"lt-LT","@id":"https:\/\/topkodas.com\/lt\/product\/am2305\/#primaryimage","url":"https:\/\/topkodas.com\/wp-content\/uploads\/2020\/05\/AM2305-5.jpg","contentUrl":"https:\/\/topkodas.com\/wp-content\/uploads\/2020\/05\/AM2305-5.jpg","width":413,"height":413},{"@type":"BreadcrumbList","@id":"https:\/\/topkodas.com\/lt\/product\/am2305\/#breadcrumb","itemListElement":[{"@type":"ListItem","position":1,"name":"Home","item":"https:\/\/topkodas.com\/lt\/"},{"@type":"ListItem","position":2,"name":"Produktai","item":"https:\/\/topkodas.com\/lt\/products\/"},{"@type":"ListItem","position":3,"name":"Priedai","item":"https:\/\/topkodas.com\/lt\/product-category\/accessories-2\/"},{"@type":"ListItem","position":4,"name":"Jutikliai","item":"https:\/\/topkodas.com\/lt\/product-category\/accessories-2\/sensors-lt\/"},{"@type":"ListItem","position":5,"name":"AM2305 temperat\u016bros ir dr\u0117gm\u0117s jutiklis"}]},{"@type":"WebSite","@id":"https:\/\/topkodas.com\/lt\/#website","url":"https:\/\/topkodas.com\/lt\/","name":"TOPKODAS","description":"Pra\u0117jimo kontrol\u0117, GSM komunikatorius, apsaugos central\u0117, GSM termostatas, automatikos, apsaugos, HVAC sprendimai.","publisher":{"@id":"https:\/\/topkodas.com\/lt\/#organization"},"potentialAction":[{"@type":"SearchAction","target":{"@type":"EntryPoint","urlTemplate":"https:\/\/topkodas.com\/lt\/?s={search_term_string}"},"query-input":{"@type":"PropertyValueSpecification","valueRequired":true,"valueName":"search_term_string"}}],"inLanguage":"lt-LT"},{"@type":"Organization","@id":"https:\/\/topkodas.com\/lt\/#organization","name":"TOPKODAS","url":"https:\/\/topkodas.com\/lt\/","logo":{"@type":"ImageObject","inLanguage":"lt-LT","@id":"https:\/\/topkodas.com\/lt\/#\/schema\/logo\/image\/","url":"https:\/\/topkodas.com\/wp-content\/uploads\/2020\/03\/topkodas-logo.png","contentUrl":"https:\/\/topkodas.com\/wp-content\/uploads\/2020\/03\/topkodas-logo.png","width":1920,"height":680,"caption":"TOPKODAS"},"image":{"@id":"https:\/\/topkodas.com\/lt\/#\/schema\/logo\/image\/"},"sameAs":["https:\/\/www.facebook.com\/topkodas\/","https:\/\/x.com\/topkodas","https:\/\/www.instagram.com\/topkodasuab\/","https:\/\/www.linkedin.com\/company\/topkodas-uab","https:\/\/www.pinterest.com\/Topkodas\/","https:\/\/www.youtube.com\/channel\/UCPlDZ8Q4G2WM6wQQTgN4K3Q"]}]},"product_price_amount":"60.00","product_price_currency":"EUR","og_availability":"instock","product_availability":"instock","product_retailer_item_id":"PR-AM2305","product_condition":"new"},"_links":{"self":[{"href":"https:\/\/topkodas.com\/lt\/wp-json\/wp\/v2\/product\/3628","targetHints":{"allow":["GET"]}}],"collection":[{"href":"https:\/\/topkodas.com\/lt\/wp-json\/wp\/v2\/product"}],"about":[{"href":"https:\/\/topkodas.com\/lt\/wp-json\/wp\/v2\/types\/product"}],"replies":[{"embeddable":true,"href":"https:\/\/topkodas.com\/lt\/wp-json\/wp\/v2\/comments?post=3628"}],"wp:featuredmedia":[{"embeddable":true,"href":"https:\/\/topkodas.com\/lt\/wp-json\/wp\/v2\/media\/1639"}],"wp:attachment":[{"href":"https:\/\/topkodas.com\/lt\/wp-json\/wp\/v2\/media?parent=3628"}],"wp:term":[{"taxonomy":"product_brand","embeddable":true,"href":"https:\/\/topkodas.com\/lt\/wp-json\/wp\/v2\/product_brand?post=3628"},{"taxonomy":"product_cat","embeddable":true,"href":"https:\/\/topkodas.com\/lt\/wp-json\/wp\/v2\/product_cat?post=3628"},{"taxonomy":"product_tag","embeddable":true,"href":"https:\/\/topkodas.com\/lt\/wp-json\/wp\/v2\/product_tag?post=3628"}],"curies":[{"name":"wp","href":"https:\/\/api.w.org\/{rel}","templated":true}]}}