{"id":3622,"date":"2020-10-18T14:46:23","date_gmt":"2020-10-18T11:46:23","guid":{"rendered":"https:\/\/www.topkodas.lt\/product\/am2320-temperature-and-humidity-sensor-copy\/"},"modified":"2022-07-10T11:59:44","modified_gmt":"2022-07-10T09:59:44","slug":"am2320-temperature-and-humidity-sensor","status":"publish","type":"product","link":"https:\/\/topkodas.com\/lt\/product\/am2320-temperature-and-humidity-sensor\/","title":{"rendered":"AM2320 temperat\u016bros ir dr\u0117gm\u0117s jutiklis"},"content":{"rendered":"<div>\n<div><strong>Apra\u0161ymas:<\/strong><\/div>\n<div><\/div>\n<div>AM2320 skaitmeninis temperat\u016bros ir dr\u0117gm\u0117s jutiklis &#8211; tai kalibruotas skaitmeninis temperat\u016bros ir dr\u0117gm\u0117s kombinuoto jutiklio i\u0161\u0117jimo signalas. Jutikl\u012f sudaro dr\u0117gm\u0117s jutiklio elementas ir temperat\u016bros matavimo \u012ftaisai, o prie jo prijungtas didelio na\u0161umo 8 bit\u0173 mikrovaldiklis. Tod\u0117l gaminys pasi\u017eymi puikia kokybe, geb\u0117jimu i\u0161vengti trukd\u017ei\u0173, ma\u017ea kaina ir kitais privalumais. Kiekvienas AM2320 jutiklis sukalibruotas tikslioje dr\u0117gm\u0117s kalibravimo kameroje. Kalibravimo koeficientai saugomi programos OTP atmintyje, \u0161ie duomenys naudojami kalibravimo metu. D\u0117l Vieno laido s\u0105sajos, sistemos integracija tampa paprastesn\u0117 ir greitesn\u0117. Itin ma\u017eas dydis, ma\u017eos energijos s\u0105naudos, signalo perdavimo atstumas iki 20 metr\u0173, tod\u0117l tinka net ir pa\u010dioms sud\u0117tingiausioms u\u017eduotims. Lengvas prijungimas, pagal vartotojo poreikius galima \u012fsigyti specialius paketus.<\/div>\n<p><strong>Funkcijos:<\/strong><\/p>\n<\/div>\n<div><\/div>\n<div>Santykin\u0117s dr\u0117gm\u0117s ir temperat\u016bros matavimai, kalibravimas, skaitmeninis i\u0161\u0117jimas<\/div>\n<p>.<\/p>\n<div>-Puikus ilgalaikis stabilumas<\/div>\n<div>-N\u0117ra papildom\u0173 komponent\u0173<\/div>\n<div>-Signalo perdavimas dideliu atstumu<\/div>\n<div>-Itin ma\u017eos galios<\/div>\n<div><\/div>\n<div><strong>Specifikacijos:<\/strong><\/div>\n<div><\/div>\n<div>Panaudojimas: Pramoninis<\/div>\n<div>Teorija: Temperat\u016bros valdiklis<\/div>\n<div>Modelio numeris: AM2320<\/div>\n<div>Matavim\u0173 tikslumas: -40 ~ 120 \u00b0C<\/div>\n<div>Tikslumas: \u00b1 0,3 \u00b0c<\/div>\n<div>Rezoliucija: 0,1<\/div>\n<div>Diapazonas: 0-100 % RH<\/div>\n<div><\/div>\n<div><strong>Taikymo sritys:<\/strong><\/div>\n<div><\/div>\n<div>1. HVAC<\/div>\n<div>2. bandym\u0173 ir tikrinimo \u012franga<\/div>\n<div>3. Automobili\u0173<\/div>\n<div>4. duomen\u0173 registratorius<\/div>\n<div>5. plataus vartojimo prek\u0117s<\/div>\n<div>6. automatinis valdymas<\/div>\n<div>7. Meteorologijos stotis<\/div>\n<div>8. prietaisai<\/div>\n<div>9. ir dr\u0117gm\u0117s reguliatorius<\/div>\n<div>10. Medicinos<\/div>\n<div><\/div>\n<div><strong>\u012e pakuot\u0119 \u012feina:<\/strong><\/div>\n<div><\/div>\n<div>1 x AM2320 skaitmeninis temperat\u016bros ir dr\u0117gm\u0117s jutiklis<\/div>\n","protected":false},"excerpt":{"rendered":"<p><strong>AM2320<\/strong>. Kombinuotas temperat\u016bros ir dr\u0117gm\u0117s jutiklis AM2320 skaitmeninis temperat\u016bros ir dr\u0117gm\u0117s jutiklis yra kalibruotas skaitmeninis signalo i\u0161\u0117jimas. Naudojant speciali\u0105 temperat\u016bros ir dr\u0117gm\u0117s surinkimo technologij\u0105, u\u017etikrinamas labai didelis gaminio patikimumas ir puikus ilgalaikis stabilumas.<\/p>\n<p>Jutikl\u012f sudaro talpinis dr\u0117gm\u0117s elementas ir integruotas didelio tikslumo temperat\u016bros matavimo \u012ftaisas, jis sujungtas su didelio na\u0161umo mikroprocesoriumi.<\/p>\n<p>Gaminys pasi\u017eymi puikia kokybe, itin greitu atsaku, stipriu atsparumu trukd\u017eiams.<\/p>\n<p>&nbsp;<\/p>\n","protected":false},"featured_media":2430,"comment_status":"closed","ping_status":"closed","template":"","meta":{"_acf_changed":false,"inline_featured_image":false},"product_brand":[],"product_cat":[920,21],"product_tag":[263,931,867,261,974,961,975,260,928,955,515,864,513,865,976,914,866,514,979,929],"class_list":{"0":"post-3622","1":"product","2":"type-product","3":"status-publish","4":"has-post-thumbnail","6":"product_cat-sensors-lt","7":"product_cat-sensors","8":"product_tag-alarm","9":"product_tag-aliarmas-lt","10":"product_tag-cellular-temperature-humidity-monitor","11":"product_tag-controller","12":"product_tag-dregmes-aliarmas-lt","13":"product_tag-dregmes-duomenu-registratorius-lt","14":"product_tag-dregmes-jutiklis-lt","15":"product_tag-gsm","16":"product_tag-gsm-lt","17":"product_tag-gsm-temperaturos-dregmes-stebejimas-lt","18":"product_tag-humidity-alarm","19":"product_tag-humidity-data-loggers","20":"product_tag-humidity-sensor","21":"product_tag-industrial-temperature-and-humidity-data-logger","22":"product_tag-industrinis-temperaturos-ir-dregmes-duomenu-registratorius-lt","23":"product_tag-lte-lt","24":"product_tag-lte","25":"product_tag-temperature-sensor","26":"product_tag-temperaturos-jutiklis-lt","27":"product_tag-valdiklis-lt","29":"first","30":"instock","31":"shipping-taxable","32":"purchasable","33":"product-type-simple"},"acf":[],"yoast_head":"<!-- This site is optimized with the Yoast SEO Premium plugin v25.0 (Yoast SEO v27.1.1) - https:\/\/yoast.com\/product\/yoast-seo-premium-wordpress\/ -->\n<title>AM2320 temperat\u016bros ir dr\u0117gm\u0117s jutiklis - TOPKODAS<\/title>\n<meta name=\"description\" content=\"AM2320. Skaitmeninis temperat\u016bros ir dr\u0117gm\u0117s jutiklis AM2320 yra kalibruotas skaitmeninis temperat\u016bros ir dr\u0117gm\u0117s jutiklis.\" \/>\n<meta name=\"robots\" content=\"index, follow, max-snippet:-1, max-image-preview:large, max-video-preview:-1\" \/>\n<link rel=\"canonical\" href=\"https:\/\/topkodas.com\/lt\/product\/am2320-temperature-and-humidity-sensor\/\" \/>\n<meta property=\"og:locale\" content=\"lt_LT\" \/>\n<meta property=\"og:type\" content=\"article\" \/>\n<meta property=\"og:title\" content=\"AM2320 temperat\u016bros ir dr\u0117gm\u0117s jutiklis\" \/>\n<meta property=\"og:description\" content=\"AM2320. Skaitmeninis temperat\u016bros ir dr\u0117gm\u0117s jutiklis AM2320 yra kalibruotas skaitmeninis temperat\u016bros ir dr\u0117gm\u0117s jutiklis.\" \/>\n<meta property=\"og:url\" content=\"https:\/\/topkodas.com\/lt\/product\/am2320-temperature-and-humidity-sensor\/\" \/>\n<meta property=\"og:site_name\" content=\"TOPKODAS\" \/>\n<meta property=\"article:publisher\" content=\"https:\/\/www.facebook.com\/topkodas\/\" \/>\n<meta property=\"article:modified_time\" content=\"2022-07-10T09:59:44+00:00\" \/>\n<meta property=\"og:image\" content=\"https:\/\/topkodas.com\/wp-content\/uploads\/2020\/04\/GTalarm2.png\" \/>\n\t<meta property=\"og:image:width\" content=\"1120\" \/>\n\t<meta property=\"og:image:height\" content=\"1107\" \/>\n\t<meta property=\"og:image:type\" content=\"image\/png\" \/>\n<meta name=\"twitter:card\" content=\"summary_large_image\" \/>\n<meta name=\"twitter:site\" content=\"@topkodas\" \/>\n<meta name=\"twitter:label1\" content=\"Price\" \/>\n\t<meta name=\"twitter:data1\" content=\"&euro;17.00\" \/>\n\t<meta name=\"twitter:label2\" content=\"Availability\" \/>\n\t<meta name=\"twitter:data2\" content=\"In stock\" \/>\n<script type=\"application\/ld+json\" class=\"yoast-schema-graph\">{\"@context\":\"https:\/\/schema.org\",\"@graph\":[{\"@type\":\"WebPage\",\"@id\":\"https:\/\/topkodas.com\/lt\/product\/am2320-temperature-and-humidity-sensor\/\",\"url\":\"https:\/\/topkodas.com\/lt\/product\/am2320-temperature-and-humidity-sensor\/\",\"name\":\"AM2320 temperat\u016bros ir dr\u0117gm\u0117s jutiklis - TOPKODAS\",\"isPartOf\":{\"@id\":\"https:\/\/topkodas.com\/lt\/#website\"},\"primaryImageOfPage\":{\"@id\":\"https:\/\/topkodas.com\/lt\/product\/am2320-temperature-and-humidity-sensor\/#primaryimage\"},\"image\":{\"@id\":\"https:\/\/topkodas.com\/lt\/product\/am2320-temperature-and-humidity-sensor\/#primaryimage\"},\"thumbnailUrl\":\"https:\/\/topkodas.com\/wp-content\/uploads\/2020\/10\/AM2320-1.png\",\"datePublished\":\"2020-10-18T11:46:23+00:00\",\"dateModified\":\"2022-07-10T09:59:44+00:00\",\"description\":\"AM2320. Skaitmeninis temperat\u016bros ir dr\u0117gm\u0117s jutiklis AM2320 yra kalibruotas skaitmeninis temperat\u016bros ir dr\u0117gm\u0117s jutiklis.\",\"breadcrumb\":{\"@id\":\"https:\/\/topkodas.com\/lt\/product\/am2320-temperature-and-humidity-sensor\/#breadcrumb\"},\"inLanguage\":\"lt-LT\",\"potentialAction\":[{\"@type\":\"ReadAction\",\"target\":[\"https:\/\/topkodas.com\/lt\/product\/am2320-temperature-and-humidity-sensor\/\"]}]},{\"@type\":\"ImageObject\",\"inLanguage\":\"lt-LT\",\"@id\":\"https:\/\/topkodas.com\/lt\/product\/am2320-temperature-and-humidity-sensor\/#primaryimage\",\"url\":\"https:\/\/topkodas.com\/wp-content\/uploads\/2020\/10\/AM2320-1.png\",\"contentUrl\":\"https:\/\/topkodas.com\/wp-content\/uploads\/2020\/10\/AM2320-1.png\",\"width\":929,\"height\":801},{\"@type\":\"BreadcrumbList\",\"@id\":\"https:\/\/topkodas.com\/lt\/product\/am2320-temperature-and-humidity-sensor\/#breadcrumb\",\"itemListElement\":[{\"@type\":\"ListItem\",\"position\":1,\"name\":\"Home\",\"item\":\"https:\/\/topkodas.com\/lt\/\"},{\"@type\":\"ListItem\",\"position\":2,\"name\":\"Produktai\",\"item\":\"https:\/\/topkodas.com\/lt\/products\/\"},{\"@type\":\"ListItem\",\"position\":3,\"name\":\"Priedai\",\"item\":\"https:\/\/topkodas.com\/lt\/product-category\/accessories-2\/\"},{\"@type\":\"ListItem\",\"position\":4,\"name\":\"Jutikliai\",\"item\":\"https:\/\/topkodas.com\/lt\/product-category\/accessories-2\/sensors-lt\/\"},{\"@type\":\"ListItem\",\"position\":5,\"name\":\"AM2320 temperat\u016bros ir dr\u0117gm\u0117s jutiklis\"}]},{\"@type\":\"WebSite\",\"@id\":\"https:\/\/topkodas.com\/lt\/#website\",\"url\":\"https:\/\/topkodas.com\/lt\/\",\"name\":\"TOPKODAS\",\"description\":\"Pra\u0117jimo kontrol\u0117, GSM komunikatorius, apsaugos central\u0117, GSM termostatas, automatikos, apsaugos, HVAC sprendimai.\",\"publisher\":{\"@id\":\"https:\/\/topkodas.com\/lt\/#organization\"},\"potentialAction\":[{\"@type\":\"SearchAction\",\"target\":{\"@type\":\"EntryPoint\",\"urlTemplate\":\"https:\/\/topkodas.com\/lt\/?s={search_term_string}\"},\"query-input\":{\"@type\":\"PropertyValueSpecification\",\"valueRequired\":true,\"valueName\":\"search_term_string\"}}],\"inLanguage\":\"lt-LT\"},{\"@type\":\"Organization\",\"@id\":\"https:\/\/topkodas.com\/lt\/#organization\",\"name\":\"TOPKODAS\",\"url\":\"https:\/\/topkodas.com\/lt\/\",\"logo\":{\"@type\":\"ImageObject\",\"inLanguage\":\"lt-LT\",\"@id\":\"https:\/\/topkodas.com\/lt\/#\/schema\/logo\/image\/\",\"url\":\"https:\/\/topkodas.com\/wp-content\/uploads\/2020\/03\/topkodas-logo.png\",\"contentUrl\":\"https:\/\/topkodas.com\/wp-content\/uploads\/2020\/03\/topkodas-logo.png\",\"width\":1920,\"height\":680,\"caption\":\"TOPKODAS\"},\"image\":{\"@id\":\"https:\/\/topkodas.com\/lt\/#\/schema\/logo\/image\/\"},\"sameAs\":[\"https:\/\/www.facebook.com\/topkodas\/\",\"https:\/\/x.com\/topkodas\",\"https:\/\/www.instagram.com\/topkodasuab\/\",\"https:\/\/www.linkedin.com\/company\/topkodas-uab\",\"https:\/\/www.pinterest.com\/Topkodas\/\",\"https:\/\/www.youtube.com\/channel\/UCPlDZ8Q4G2WM6wQQTgN4K3Q\"]}]}<\/script>\n<meta property=\"product:price:amount\" content=\"17.00\" \/>\n<meta property=\"product:price:currency\" content=\"EUR\" \/>\n<meta property=\"og:availability\" content=\"instock\" \/>\n<meta property=\"product:availability\" content=\"instock\" \/>\n<meta property=\"product:retailer_item_id\" content=\"PR-AM2320\" \/>\n<meta property=\"product:condition\" content=\"new\" \/>\n<!-- \/ Yoast SEO Premium plugin. -->","yoast_head_json":{"title":"AM2320 temperat\u016bros ir dr\u0117gm\u0117s jutiklis - TOPKODAS","description":"AM2320. Skaitmeninis temperat\u016bros ir dr\u0117gm\u0117s jutiklis AM2320 yra kalibruotas skaitmeninis temperat\u016bros ir dr\u0117gm\u0117s jutiklis.","robots":{"index":"index","follow":"follow","max-snippet":"max-snippet:-1","max-image-preview":"max-image-preview:large","max-video-preview":"max-video-preview:-1"},"canonical":"https:\/\/topkodas.com\/lt\/product\/am2320-temperature-and-humidity-sensor\/","og_locale":"lt_LT","og_type":"article","og_title":"AM2320 temperat\u016bros ir dr\u0117gm\u0117s jutiklis","og_description":"AM2320. Skaitmeninis temperat\u016bros ir dr\u0117gm\u0117s jutiklis AM2320 yra kalibruotas skaitmeninis temperat\u016bros ir dr\u0117gm\u0117s jutiklis.","og_url":"https:\/\/topkodas.com\/lt\/product\/am2320-temperature-and-humidity-sensor\/","og_site_name":"TOPKODAS","article_publisher":"https:\/\/www.facebook.com\/topkodas\/","article_modified_time":"2022-07-10T09:59:44+00:00","og_image":[{"width":1120,"height":1107,"url":"https:\/\/topkodas.com\/wp-content\/uploads\/2020\/04\/GTalarm2.png","type":"image\/png"}],"twitter_card":"summary_large_image","twitter_site":"@topkodas","twitter_misc":{"Price":"&euro;17.00","Availability":"In stock"},"schema":{"@context":"https:\/\/schema.org","@graph":[{"@type":"WebPage","@id":"https:\/\/topkodas.com\/lt\/product\/am2320-temperature-and-humidity-sensor\/","url":"https:\/\/topkodas.com\/lt\/product\/am2320-temperature-and-humidity-sensor\/","name":"AM2320 temperat\u016bros ir dr\u0117gm\u0117s jutiklis - TOPKODAS","isPartOf":{"@id":"https:\/\/topkodas.com\/lt\/#website"},"primaryImageOfPage":{"@id":"https:\/\/topkodas.com\/lt\/product\/am2320-temperature-and-humidity-sensor\/#primaryimage"},"image":{"@id":"https:\/\/topkodas.com\/lt\/product\/am2320-temperature-and-humidity-sensor\/#primaryimage"},"thumbnailUrl":"https:\/\/topkodas.com\/wp-content\/uploads\/2020\/10\/AM2320-1.png","datePublished":"2020-10-18T11:46:23+00:00","dateModified":"2022-07-10T09:59:44+00:00","description":"AM2320. Skaitmeninis temperat\u016bros ir dr\u0117gm\u0117s jutiklis AM2320 yra kalibruotas skaitmeninis temperat\u016bros ir dr\u0117gm\u0117s jutiklis.","breadcrumb":{"@id":"https:\/\/topkodas.com\/lt\/product\/am2320-temperature-and-humidity-sensor\/#breadcrumb"},"inLanguage":"lt-LT","potentialAction":[{"@type":"ReadAction","target":["https:\/\/topkodas.com\/lt\/product\/am2320-temperature-and-humidity-sensor\/"]}]},{"@type":"ImageObject","inLanguage":"lt-LT","@id":"https:\/\/topkodas.com\/lt\/product\/am2320-temperature-and-humidity-sensor\/#primaryimage","url":"https:\/\/topkodas.com\/wp-content\/uploads\/2020\/10\/AM2320-1.png","contentUrl":"https:\/\/topkodas.com\/wp-content\/uploads\/2020\/10\/AM2320-1.png","width":929,"height":801},{"@type":"BreadcrumbList","@id":"https:\/\/topkodas.com\/lt\/product\/am2320-temperature-and-humidity-sensor\/#breadcrumb","itemListElement":[{"@type":"ListItem","position":1,"name":"Home","item":"https:\/\/topkodas.com\/lt\/"},{"@type":"ListItem","position":2,"name":"Produktai","item":"https:\/\/topkodas.com\/lt\/products\/"},{"@type":"ListItem","position":3,"name":"Priedai","item":"https:\/\/topkodas.com\/lt\/product-category\/accessories-2\/"},{"@type":"ListItem","position":4,"name":"Jutikliai","item":"https:\/\/topkodas.com\/lt\/product-category\/accessories-2\/sensors-lt\/"},{"@type":"ListItem","position":5,"name":"AM2320 temperat\u016bros ir dr\u0117gm\u0117s jutiklis"}]},{"@type":"WebSite","@id":"https:\/\/topkodas.com\/lt\/#website","url":"https:\/\/topkodas.com\/lt\/","name":"TOPKODAS","description":"Pra\u0117jimo kontrol\u0117, GSM komunikatorius, apsaugos central\u0117, GSM termostatas, automatikos, apsaugos, HVAC sprendimai.","publisher":{"@id":"https:\/\/topkodas.com\/lt\/#organization"},"potentialAction":[{"@type":"SearchAction","target":{"@type":"EntryPoint","urlTemplate":"https:\/\/topkodas.com\/lt\/?s={search_term_string}"},"query-input":{"@type":"PropertyValueSpecification","valueRequired":true,"valueName":"search_term_string"}}],"inLanguage":"lt-LT"},{"@type":"Organization","@id":"https:\/\/topkodas.com\/lt\/#organization","name":"TOPKODAS","url":"https:\/\/topkodas.com\/lt\/","logo":{"@type":"ImageObject","inLanguage":"lt-LT","@id":"https:\/\/topkodas.com\/lt\/#\/schema\/logo\/image\/","url":"https:\/\/topkodas.com\/wp-content\/uploads\/2020\/03\/topkodas-logo.png","contentUrl":"https:\/\/topkodas.com\/wp-content\/uploads\/2020\/03\/topkodas-logo.png","width":1920,"height":680,"caption":"TOPKODAS"},"image":{"@id":"https:\/\/topkodas.com\/lt\/#\/schema\/logo\/image\/"},"sameAs":["https:\/\/www.facebook.com\/topkodas\/","https:\/\/x.com\/topkodas","https:\/\/www.instagram.com\/topkodasuab\/","https:\/\/www.linkedin.com\/company\/topkodas-uab","https:\/\/www.pinterest.com\/Topkodas\/","https:\/\/www.youtube.com\/channel\/UCPlDZ8Q4G2WM6wQQTgN4K3Q"]}]},"product_price_amount":"17.00","product_price_currency":"EUR","og_availability":"instock","product_availability":"instock","product_retailer_item_id":"PR-AM2320","product_condition":"new"},"_links":{"self":[{"href":"https:\/\/topkodas.com\/lt\/wp-json\/wp\/v2\/product\/3622","targetHints":{"allow":["GET"]}}],"collection":[{"href":"https:\/\/topkodas.com\/lt\/wp-json\/wp\/v2\/product"}],"about":[{"href":"https:\/\/topkodas.com\/lt\/wp-json\/wp\/v2\/types\/product"}],"replies":[{"embeddable":true,"href":"https:\/\/topkodas.com\/lt\/wp-json\/wp\/v2\/comments?post=3622"}],"wp:featuredmedia":[{"embeddable":true,"href":"https:\/\/topkodas.com\/lt\/wp-json\/wp\/v2\/media\/2430"}],"wp:attachment":[{"href":"https:\/\/topkodas.com\/lt\/wp-json\/wp\/v2\/media?parent=3622"}],"wp:term":[{"taxonomy":"product_brand","embeddable":true,"href":"https:\/\/topkodas.com\/lt\/wp-json\/wp\/v2\/product_brand?post=3622"},{"taxonomy":"product_cat","embeddable":true,"href":"https:\/\/topkodas.com\/lt\/wp-json\/wp\/v2\/product_cat?post=3622"},{"taxonomy":"product_tag","embeddable":true,"href":"https:\/\/topkodas.com\/lt\/wp-json\/wp\/v2\/product_tag?post=3622"}],"curies":[{"name":"wp","href":"https:\/\/api.w.org\/{rel}","templated":true}]}}