{"id":3619,"date":"2020-11-17T14:31:20","date_gmt":"2020-11-17T11:31:20","guid":{"rendered":"https:\/\/www.topkodas.lt\/product\/am2306-temperature-and-humidity-sensor-probe\/"},"modified":"2021-08-24T09:47:58","modified_gmt":"2021-08-24T06:47:58","slug":"am2306-temperature-and-humidity-sensor-probe","status":"publish","type":"product","link":"https:\/\/topkodas.com\/lt\/product\/am2306-temperature-and-humidity-sensor-probe\/","title":{"rendered":"AM2306 Lauko \/ sieninis temperat\u016bros \/ dr\u0117gm\u0117s jutiklis"},"content":{"rendered":"<h2 style=\"text-align: justify;\"><img loading=\"lazy\" decoding=\"async\" class=\"alignnone size-medium wp-image-803\" src=\"https:\/\/topkodas.com\/wp-content\/uploads\/2020\/03\/description_tab_icon.820943f77ce610a52ebc468c175ddaf799c200f9ba2855686c11366dff2ff5f3.svg\" alt=\"\" width=\"48\" height=\"48\" \/><\/h2>\n<div>\n<div><strong>Apra\u0161ymas:<\/strong><\/div>\n<div><\/div>\n<div style=\"text-align: justify;\"><span data-spm-anchor-id=\"a2g0o.detail.1000023.i0.2bd212dfjKTpsC\">AM2306 yra sud\u0117tinis temperat\u016bros ir dr\u0117gm\u0117s jutiklis su kalibruoto skaitmeninio signalo i\u0161\u0117jimu. Jutikl\u012f sudaro dr\u0117gm\u0117s jutiklio elementas ir didelio tikslumo temperat\u016bros matavimo elementas, prijungtas prie didelio na\u0161umo 8 bit\u0173 mikrovaldiklio. Tod\u0117l gaminys pasi\u017eymi puikios kokyb\u0117s, itin greito atsako, stiprios apsaugos nuo trukd\u017ei\u0173 ir auk\u0161tu s\u0105naud\u0173 na\u0161umo privalumais. Kiekvienas jutiklis sukalibruotas itin tikslioje dr\u0117gm\u0117s kalibravimo kameroje. Kalibravimo koeficientai saugomi mikrovaldiklyje kaip programa, \u0161ie kalibravimo koeficientai naudojami signalo apdorojimo metu. Standartin\u0117 vieno laido \u0161ynos s\u0105saja leid\u017eia greitai ir lengvai integruoti \u012f sistem\u0105. Itin itin ma\u017eas energijos suvartojimas ir iki 20 metr\u0173 atstumas perduodant signal\u0105 lemia, kad tai geriausias pasirinkimas net ir pa\u010dioms sud\u0117tingiausioms u\u017eduotims. Kad b\u016bt\u0173 galima lengvai prijungti, gaminys padalytas \u012f 3 i\u0161vadus (vienos magistral\u0117s s\u0105saja). <\/span><\/div>\n<div><\/div>\n<p><strong>Funkcija:<\/strong><\/p>\n<\/div>\n<div><\/div>\n<div>&#8211; Santykin\u0117s dr\u0117gm\u0117s ir temperat\u016bros matavimai, kalibravimas, skaitmenins i\u0161\u0117jimas<\/div>\n<div>-Puikus ilgalaikis stabilumas<\/div>\n<div>-N\u0117ra prid\u0117tini\u0173 komponent\u0173<\/div>\n<div>-Signalo perdavimas dideliu atstumu<\/div>\n<div>-Itin ma\u017eos galios<\/div>\n<div><\/div>\n<div><strong>Specifikacija:<\/strong><\/div>\n<div><\/div>\n<p>Modelis: AM2306<br \/>\nTipas: Skaitmeninis termometras ir dr\u0117gnomatis<br \/>\nTikslumo lygis: 0,1<br \/>\nSkiriamoji geba: 0.1<br \/>\nSvoris: 438,9 g<br \/>\nTaikymo sritis: \u017dem\u0117s \u016bkio gamyba, moksliniai tyrimai ir \u0161vietimas, pramonin\u0117 gamyba, vie\u0161osios paslaugos, sveikatos prie\u017ei\u016bra, serverin\u0117s<br \/>\nMed\u017eiaga: PC Plastikas<br \/>\nTemperat\u016bros matavimo ribos: &#8211; 40 ~ + 80 (\u2103)<br \/>\nDr\u0117gm\u0117s matavimo ribos: 0-99,9 (RH)<br \/>\nTemperat\u016bros matavimo tikslumas: +-0.3 (\u2103)<br \/>\nTemperat\u016bros skiriamoji geba: 0.1 (\u2103)<br \/>\nDr\u0117gm\u0117s matavimo tikslumas: +2 % (RH)<br \/>\nDr\u0117gm\u0117s skiriamoji geba: 0,1 (RH)<br \/>\nNaudojamos baterijos: Ne<br \/>\nTemperat\u016bra: +0.3 C<br \/>\nDr\u0117gm\u0117: 0,5 \u00b0C, 0,5 \u00b0C, 0,5 \u00b0C: +2% RH (20-90% RH)<br \/>\nProdukto klasifikacija AM2306 Temperat\u016bros ir dr\u0117gm\u0117s jutiklis (apsauga nuo lietaus ir dulki\u0173 lauke)<br \/>\nI\u0161\u0117jimo signalas: Vienos magistral\u0117s skaitmeninio signalo i\u0161vestis<\/p>\n<p>&nbsp;<\/p>\n<div><\/div>\n<div>Pritaikymo sritys:<\/div>\n<div><\/div>\n<div>1. HVAC<\/div>\n<div>2. bandymo ir tikrinimo \u012franga<\/div>\n<div>3. Automobiliai<\/div>\n<div>4. duomen\u0173 registratoriai<\/div>\n<div>5. plataus vartojimo prek\u0117s<\/div>\n<div>6. automatinis valdymas<\/div>\n<div>7. Meteorologijos stotys<\/div>\n<div>8. prietaisai<\/div>\n<div>9. ir dr\u0117gm\u0117s reguliatoriai<\/div>\n<div>10. Medicinos<\/div>\n<div><\/div>\n<div><strong>\u012e pakuot\u0119 \u012feina:<\/strong><\/div>\n<div><\/div>\n<div>1 x AM2306 skaitmeninis temperat\u016bros ir dr\u0117gm\u0117s jutiklis<\/div>\n","protected":false},"excerpt":{"rendered":"<p><span class=\"ILfuVd\"><span class=\"e24Kjd\"><b>AM2306<\/b> dr\u0117gm\u0117s kondensacijos modulis yra skaitmeninis temperat\u016bros ir dr\u0117gm\u0117s modulis, kuriame yra skaitmeninio signalo i\u0161\u0117jimas, kalibruojamas temperat\u016bros ir dr\u0117gm\u0117s jutiklis.<\/span><\/span><\/p>\n","protected":false},"featured_media":2681,"comment_status":"closed","ping_status":"closed","template":"","meta":{"_acf_changed":false,"inline_featured_image":false},"product_brand":[],"product_cat":[920],"product_tag":[931,930,974,975,928,977,979,929],"class_list":{"0":"post-3619","1":"product","2":"type-product","3":"status-publish","4":"has-post-thumbnail","6":"product_cat-sensors-lt","7":"product_tag-aliarmas-lt","8":"product_tag-apsauga-lt","9":"product_tag-dregmes-aliarmas-lt","10":"product_tag-dregmes-jutiklis-lt","11":"product_tag-gsm-lt","12":"product_tag-sistema-lt","13":"product_tag-temperaturos-jutiklis-lt","14":"product_tag-valdiklis-lt","16":"first","17":"instock","18":"shipping-taxable","19":"purchasable","20":"product-type-simple"},"acf":[],"yoast_head":"<!-- This site is optimized with the Yoast SEO Premium plugin v25.0 (Yoast SEO v27.1.1) - https:\/\/yoast.com\/product\/yoast-seo-premium-wordpress\/ -->\n<title>AM2306 Lauko \/ sieninis temperat\u016bros \/ dr\u0117gm\u0117s jutiklis - TOPKODAS<\/title>\n<meta name=\"description\" content=\"AM2306 Lauko lietaus vandeniui atsparus sieninis auk\u0161tos temperat\u016bros tipo temperat\u016bros ir dr\u0117gm\u0117s jutiklis\" \/>\n<meta name=\"robots\" content=\"index, follow, max-snippet:-1, max-image-preview:large, max-video-preview:-1\" \/>\n<link rel=\"canonical\" href=\"https:\/\/topkodas.com\/lt\/product\/am2306-temperature-and-humidity-sensor-probe\/\" \/>\n<meta property=\"og:locale\" content=\"lt_LT\" \/>\n<meta property=\"og:type\" content=\"article\" \/>\n<meta property=\"og:title\" content=\"AM2306 Lauko \/ sieninis temperat\u016bros \/ dr\u0117gm\u0117s jutiklis\" \/>\n<meta property=\"og:description\" content=\"AM2306 Lauko lietaus vandeniui atsparus sieninis auk\u0161tos temperat\u016bros tipo temperat\u016bros ir dr\u0117gm\u0117s jutiklis\" \/>\n<meta property=\"og:url\" content=\"https:\/\/topkodas.com\/lt\/product\/am2306-temperature-and-humidity-sensor-probe\/\" \/>\n<meta property=\"og:site_name\" content=\"TOPKODAS\" \/>\n<meta property=\"article:publisher\" content=\"https:\/\/www.facebook.com\/topkodas\/\" \/>\n<meta property=\"article:modified_time\" content=\"2021-08-24T06:47:58+00:00\" \/>\n<meta property=\"og:image\" content=\"https:\/\/topkodas.com\/wp-content\/uploads\/2020\/04\/GTalarm2.png\" \/>\n\t<meta property=\"og:image:width\" content=\"1120\" \/>\n\t<meta property=\"og:image:height\" content=\"1107\" \/>\n\t<meta property=\"og:image:type\" content=\"image\/png\" \/>\n<meta name=\"twitter:card\" content=\"summary_large_image\" \/>\n<meta name=\"twitter:site\" content=\"@topkodas\" \/>\n<meta name=\"twitter:label1\" content=\"Price\" \/>\n\t<meta name=\"twitter:data1\" content=\"&euro;90.00\" \/>\n\t<meta name=\"twitter:label2\" content=\"Availability\" \/>\n\t<meta name=\"twitter:data2\" content=\"In stock\" \/>\n<script type=\"application\/ld+json\" class=\"yoast-schema-graph\">{\"@context\":\"https:\/\/schema.org\",\"@graph\":[{\"@type\":\"WebPage\",\"@id\":\"https:\/\/topkodas.com\/lt\/product\/am2306-temperature-and-humidity-sensor-probe\/\",\"url\":\"https:\/\/topkodas.com\/lt\/product\/am2306-temperature-and-humidity-sensor-probe\/\",\"name\":\"AM2306 Lauko \/ sieninis temperat\u016bros \/ dr\u0117gm\u0117s jutiklis - TOPKODAS\",\"isPartOf\":{\"@id\":\"https:\/\/topkodas.com\/lt\/#website\"},\"primaryImageOfPage\":{\"@id\":\"https:\/\/topkodas.com\/lt\/product\/am2306-temperature-and-humidity-sensor-probe\/#primaryimage\"},\"image\":{\"@id\":\"https:\/\/topkodas.com\/lt\/product\/am2306-temperature-and-humidity-sensor-probe\/#primaryimage\"},\"thumbnailUrl\":\"https:\/\/topkodas.com\/wp-content\/uploads\/2020\/11\/AM2306-1.jpg\",\"datePublished\":\"2020-11-17T11:31:20+00:00\",\"dateModified\":\"2021-08-24T06:47:58+00:00\",\"description\":\"AM2306 Lauko lietaus vandeniui atsparus sieninis auk\u0161tos temperat\u016bros tipo temperat\u016bros ir dr\u0117gm\u0117s jutiklis\",\"breadcrumb\":{\"@id\":\"https:\/\/topkodas.com\/lt\/product\/am2306-temperature-and-humidity-sensor-probe\/#breadcrumb\"},\"inLanguage\":\"lt-LT\",\"potentialAction\":[{\"@type\":\"ReadAction\",\"target\":[\"https:\/\/topkodas.com\/lt\/product\/am2306-temperature-and-humidity-sensor-probe\/\"]}]},{\"@type\":\"ImageObject\",\"inLanguage\":\"lt-LT\",\"@id\":\"https:\/\/topkodas.com\/lt\/product\/am2306-temperature-and-humidity-sensor-probe\/#primaryimage\",\"url\":\"https:\/\/topkodas.com\/wp-content\/uploads\/2020\/11\/AM2306-1.jpg\",\"contentUrl\":\"https:\/\/topkodas.com\/wp-content\/uploads\/2020\/11\/AM2306-1.jpg\",\"width\":1184,\"height\":1175},{\"@type\":\"BreadcrumbList\",\"@id\":\"https:\/\/topkodas.com\/lt\/product\/am2306-temperature-and-humidity-sensor-probe\/#breadcrumb\",\"itemListElement\":[{\"@type\":\"ListItem\",\"position\":1,\"name\":\"Home\",\"item\":\"https:\/\/topkodas.com\/lt\/\"},{\"@type\":\"ListItem\",\"position\":2,\"name\":\"Produktai\",\"item\":\"https:\/\/topkodas.com\/lt\/products\/\"},{\"@type\":\"ListItem\",\"position\":3,\"name\":\"Priedai\",\"item\":\"https:\/\/topkodas.com\/lt\/product-category\/accessories-2\/\"},{\"@type\":\"ListItem\",\"position\":4,\"name\":\"Jutikliai\",\"item\":\"https:\/\/topkodas.com\/lt\/product-category\/accessories-2\/sensors-lt\/\"},{\"@type\":\"ListItem\",\"position\":5,\"name\":\"AM2306 Lauko \/ sieninis temperat\u016bros \/ dr\u0117gm\u0117s jutiklis\"}]},{\"@type\":\"WebSite\",\"@id\":\"https:\/\/topkodas.com\/lt\/#website\",\"url\":\"https:\/\/topkodas.com\/lt\/\",\"name\":\"TOPKODAS\",\"description\":\"Pra\u0117jimo kontrol\u0117, GSM komunikatorius, apsaugos central\u0117, GSM termostatas, automatikos, apsaugos, HVAC sprendimai.\",\"publisher\":{\"@id\":\"https:\/\/topkodas.com\/lt\/#organization\"},\"potentialAction\":[{\"@type\":\"SearchAction\",\"target\":{\"@type\":\"EntryPoint\",\"urlTemplate\":\"https:\/\/topkodas.com\/lt\/?s={search_term_string}\"},\"query-input\":{\"@type\":\"PropertyValueSpecification\",\"valueRequired\":true,\"valueName\":\"search_term_string\"}}],\"inLanguage\":\"lt-LT\"},{\"@type\":\"Organization\",\"@id\":\"https:\/\/topkodas.com\/lt\/#organization\",\"name\":\"TOPKODAS\",\"url\":\"https:\/\/topkodas.com\/lt\/\",\"logo\":{\"@type\":\"ImageObject\",\"inLanguage\":\"lt-LT\",\"@id\":\"https:\/\/topkodas.com\/lt\/#\/schema\/logo\/image\/\",\"url\":\"https:\/\/topkodas.com\/wp-content\/uploads\/2020\/03\/topkodas-logo.png\",\"contentUrl\":\"https:\/\/topkodas.com\/wp-content\/uploads\/2020\/03\/topkodas-logo.png\",\"width\":1920,\"height\":680,\"caption\":\"TOPKODAS\"},\"image\":{\"@id\":\"https:\/\/topkodas.com\/lt\/#\/schema\/logo\/image\/\"},\"sameAs\":[\"https:\/\/www.facebook.com\/topkodas\/\",\"https:\/\/x.com\/topkodas\",\"https:\/\/www.instagram.com\/topkodasuab\/\",\"https:\/\/www.linkedin.com\/company\/topkodas-uab\",\"https:\/\/www.pinterest.com\/Topkodas\/\",\"https:\/\/www.youtube.com\/channel\/UCPlDZ8Q4G2WM6wQQTgN4K3Q\"]}]}<\/script>\n<meta property=\"product:price:amount\" content=\"90.00\" \/>\n<meta property=\"product:price:currency\" content=\"EUR\" \/>\n<meta property=\"og:availability\" content=\"instock\" \/>\n<meta property=\"product:availability\" content=\"instock\" \/>\n<meta property=\"product:retailer_item_id\" content=\"PR-AM2306\" \/>\n<meta property=\"product:condition\" content=\"new\" \/>\n<!-- \/ Yoast SEO Premium plugin. -->","yoast_head_json":{"title":"AM2306 Lauko \/ sieninis temperat\u016bros \/ dr\u0117gm\u0117s jutiklis - TOPKODAS","description":"AM2306 Lauko lietaus vandeniui atsparus sieninis auk\u0161tos temperat\u016bros tipo temperat\u016bros ir dr\u0117gm\u0117s jutiklis","robots":{"index":"index","follow":"follow","max-snippet":"max-snippet:-1","max-image-preview":"max-image-preview:large","max-video-preview":"max-video-preview:-1"},"canonical":"https:\/\/topkodas.com\/lt\/product\/am2306-temperature-and-humidity-sensor-probe\/","og_locale":"lt_LT","og_type":"article","og_title":"AM2306 Lauko \/ sieninis temperat\u016bros \/ dr\u0117gm\u0117s jutiklis","og_description":"AM2306 Lauko lietaus vandeniui atsparus sieninis auk\u0161tos temperat\u016bros tipo temperat\u016bros ir dr\u0117gm\u0117s jutiklis","og_url":"https:\/\/topkodas.com\/lt\/product\/am2306-temperature-and-humidity-sensor-probe\/","og_site_name":"TOPKODAS","article_publisher":"https:\/\/www.facebook.com\/topkodas\/","article_modified_time":"2021-08-24T06:47:58+00:00","og_image":[{"width":1120,"height":1107,"url":"https:\/\/topkodas.com\/wp-content\/uploads\/2020\/04\/GTalarm2.png","type":"image\/png"}],"twitter_card":"summary_large_image","twitter_site":"@topkodas","twitter_misc":{"Price":"&euro;90.00","Availability":"In stock"},"schema":{"@context":"https:\/\/schema.org","@graph":[{"@type":"WebPage","@id":"https:\/\/topkodas.com\/lt\/product\/am2306-temperature-and-humidity-sensor-probe\/","url":"https:\/\/topkodas.com\/lt\/product\/am2306-temperature-and-humidity-sensor-probe\/","name":"AM2306 Lauko \/ sieninis temperat\u016bros \/ dr\u0117gm\u0117s jutiklis - TOPKODAS","isPartOf":{"@id":"https:\/\/topkodas.com\/lt\/#website"},"primaryImageOfPage":{"@id":"https:\/\/topkodas.com\/lt\/product\/am2306-temperature-and-humidity-sensor-probe\/#primaryimage"},"image":{"@id":"https:\/\/topkodas.com\/lt\/product\/am2306-temperature-and-humidity-sensor-probe\/#primaryimage"},"thumbnailUrl":"https:\/\/topkodas.com\/wp-content\/uploads\/2020\/11\/AM2306-1.jpg","datePublished":"2020-11-17T11:31:20+00:00","dateModified":"2021-08-24T06:47:58+00:00","description":"AM2306 Lauko lietaus vandeniui atsparus sieninis auk\u0161tos temperat\u016bros tipo temperat\u016bros ir dr\u0117gm\u0117s jutiklis","breadcrumb":{"@id":"https:\/\/topkodas.com\/lt\/product\/am2306-temperature-and-humidity-sensor-probe\/#breadcrumb"},"inLanguage":"lt-LT","potentialAction":[{"@type":"ReadAction","target":["https:\/\/topkodas.com\/lt\/product\/am2306-temperature-and-humidity-sensor-probe\/"]}]},{"@type":"ImageObject","inLanguage":"lt-LT","@id":"https:\/\/topkodas.com\/lt\/product\/am2306-temperature-and-humidity-sensor-probe\/#primaryimage","url":"https:\/\/topkodas.com\/wp-content\/uploads\/2020\/11\/AM2306-1.jpg","contentUrl":"https:\/\/topkodas.com\/wp-content\/uploads\/2020\/11\/AM2306-1.jpg","width":1184,"height":1175},{"@type":"BreadcrumbList","@id":"https:\/\/topkodas.com\/lt\/product\/am2306-temperature-and-humidity-sensor-probe\/#breadcrumb","itemListElement":[{"@type":"ListItem","position":1,"name":"Home","item":"https:\/\/topkodas.com\/lt\/"},{"@type":"ListItem","position":2,"name":"Produktai","item":"https:\/\/topkodas.com\/lt\/products\/"},{"@type":"ListItem","position":3,"name":"Priedai","item":"https:\/\/topkodas.com\/lt\/product-category\/accessories-2\/"},{"@type":"ListItem","position":4,"name":"Jutikliai","item":"https:\/\/topkodas.com\/lt\/product-category\/accessories-2\/sensors-lt\/"},{"@type":"ListItem","position":5,"name":"AM2306 Lauko \/ sieninis temperat\u016bros \/ dr\u0117gm\u0117s jutiklis"}]},{"@type":"WebSite","@id":"https:\/\/topkodas.com\/lt\/#website","url":"https:\/\/topkodas.com\/lt\/","name":"TOPKODAS","description":"Pra\u0117jimo kontrol\u0117, GSM komunikatorius, apsaugos central\u0117, GSM termostatas, automatikos, apsaugos, HVAC sprendimai.","publisher":{"@id":"https:\/\/topkodas.com\/lt\/#organization"},"potentialAction":[{"@type":"SearchAction","target":{"@type":"EntryPoint","urlTemplate":"https:\/\/topkodas.com\/lt\/?s={search_term_string}"},"query-input":{"@type":"PropertyValueSpecification","valueRequired":true,"valueName":"search_term_string"}}],"inLanguage":"lt-LT"},{"@type":"Organization","@id":"https:\/\/topkodas.com\/lt\/#organization","name":"TOPKODAS","url":"https:\/\/topkodas.com\/lt\/","logo":{"@type":"ImageObject","inLanguage":"lt-LT","@id":"https:\/\/topkodas.com\/lt\/#\/schema\/logo\/image\/","url":"https:\/\/topkodas.com\/wp-content\/uploads\/2020\/03\/topkodas-logo.png","contentUrl":"https:\/\/topkodas.com\/wp-content\/uploads\/2020\/03\/topkodas-logo.png","width":1920,"height":680,"caption":"TOPKODAS"},"image":{"@id":"https:\/\/topkodas.com\/lt\/#\/schema\/logo\/image\/"},"sameAs":["https:\/\/www.facebook.com\/topkodas\/","https:\/\/x.com\/topkodas","https:\/\/www.instagram.com\/topkodasuab\/","https:\/\/www.linkedin.com\/company\/topkodas-uab","https:\/\/www.pinterest.com\/Topkodas\/","https:\/\/www.youtube.com\/channel\/UCPlDZ8Q4G2WM6wQQTgN4K3Q"]}]},"product_price_amount":"90.00","product_price_currency":"EUR","og_availability":"instock","product_availability":"instock","product_retailer_item_id":"PR-AM2306","product_condition":"new"},"_links":{"self":[{"href":"https:\/\/topkodas.com\/lt\/wp-json\/wp\/v2\/product\/3619","targetHints":{"allow":["GET"]}}],"collection":[{"href":"https:\/\/topkodas.com\/lt\/wp-json\/wp\/v2\/product"}],"about":[{"href":"https:\/\/topkodas.com\/lt\/wp-json\/wp\/v2\/types\/product"}],"replies":[{"embeddable":true,"href":"https:\/\/topkodas.com\/lt\/wp-json\/wp\/v2\/comments?post=3619"}],"wp:featuredmedia":[{"embeddable":true,"href":"https:\/\/topkodas.com\/lt\/wp-json\/wp\/v2\/media\/2681"}],"wp:attachment":[{"href":"https:\/\/topkodas.com\/lt\/wp-json\/wp\/v2\/media?parent=3619"}],"wp:term":[{"taxonomy":"product_brand","embeddable":true,"href":"https:\/\/topkodas.com\/lt\/wp-json\/wp\/v2\/product_brand?post=3619"},{"taxonomy":"product_cat","embeddable":true,"href":"https:\/\/topkodas.com\/lt\/wp-json\/wp\/v2\/product_cat?post=3619"},{"taxonomy":"product_tag","embeddable":true,"href":"https:\/\/topkodas.com\/lt\/wp-json\/wp\/v2\/product_tag?post=3619"}],"curies":[{"name":"wp","href":"https:\/\/api.w.org\/{rel}","templated":true}]}}