{"id":3614,"date":"2021-04-21T15:42:18","date_gmt":"2021-04-21T12:42:18","guid":{"rendered":"https:\/\/www.topkodas.lt\/product\/4g-lte-antena-5dbi-sma-male-magnetic-2m-cable\/"},"modified":"2021-08-23T12:41:43","modified_gmt":"2021-08-23T09:41:43","slug":"4g-lte-antena-5dbi-sma-male-magnetic-2m-cable","status":"publish","type":"product","link":"https:\/\/topkodas.com\/lt\/product\/4g-lte-antena-5dbi-sma-male-magnetic-2m-cable\/","title":{"rendered":"4G LTE antena 5dBi SMA ki\u0161tukin\u0117 jungtis magnetinis pagrindas 2 m kabelis"},"content":{"rendered":"<p>Mobiliojo ry\u0161io 4G LTE didelio stiprinimo antena 5Dbi stiprinimas.<\/p>\n<p>Magnetiniu pagrindu antena su 2 m prailgintu kabeliu SMA ki\u0161tukine jungtimi<\/p>\n","protected":false},"excerpt":{"rendered":"<p>Didelio stiprinimo 5 dBi magnetiniu pagrindu antena su 2 m prailgintu kabeliu SMA ki\u0161tukine jungtimi<\/p>\n","protected":false},"featured_media":2826,"comment_status":"closed","ping_status":"closed","template":"","meta":{"_acf_changed":false,"inline_featured_image":false},"product_brand":[],"product_cat":[917],"product_tag":[941,944,945,949,951,973,915,928,959,954,914,962,963,969],"class_list":{"0":"post-3614","1":"product","2":"type-product","3":"status-publish","4":"has-post-thumbnail","6":"product_cat-antennas-lt-2","7":"product_tag-3g-lt","8":"product_tag-4g-lt","9":"product_tag-5dbi-lt","10":"product_tag-aerial-lt","11":"product_tag-antena-lt","12":"product_tag-didelio-stiprinimo-antena-lt","13":"product_tag-gsm-lt-lt","14":"product_tag-gsm-lt","15":"product_tag-hga-lt","16":"product_tag-kabelis-lt","17":"product_tag-lte-lt","18":"product_tag-magnetinis-lt","19":"product_tag-male-lt","20":"product_tag-sma-lt","22":"first","23":"instock","24":"shipping-taxable","25":"purchasable","26":"product-type-simple"},"acf":[],"yoast_head":"<!-- This site is optimized with the Yoast SEO Premium plugin v25.0 (Yoast SEO v27.1.1) - https:\/\/yoast.com\/product\/yoast-seo-premium-wordpress\/ -->\n<title>4G LTE antena 5dBi SMA ki\u0161tukin\u0117 jungtis magnetinis pagrindas 2 m kabelis - TOPKODAS<\/title>\n<meta name=\"description\" content=\"Mobiliojo ry\u0161io 4G LTE didelio stiprumo antena 5Dbi stiprinimas. Magnetiniu pagrindu antena su 2 m prailgintu kabeliu SMA ki\u0161tukine jungtimi. Da\u017eniai: 800\/900\/1500\/1800\/2100\/2600MHz;\" \/>\n<meta name=\"robots\" content=\"index, follow, max-snippet:-1, max-image-preview:large, max-video-preview:-1\" \/>\n<link rel=\"canonical\" href=\"https:\/\/topkodas.com\/lt\/product\/4g-lte-antena-5dbi-sma-male-magnetic-2m-cable\/\" \/>\n<meta property=\"og:locale\" content=\"lt_LT\" \/>\n<meta property=\"og:type\" content=\"article\" \/>\n<meta property=\"og:title\" content=\"4G LTE antena 5dBi SMA ki\u0161tukin\u0117 jungtis magnetinis pagrindas 2 m kabelis\" \/>\n<meta property=\"og:description\" content=\"Mobiliojo ry\u0161io 4G LTE didelio stiprumo antena 5Dbi stiprinimas. Magnetiniu pagrindu antena su 2 m prailgintu kabeliu SMA ki\u0161tukine jungtimi. Da\u017eniai: 800\/900\/1500\/1800\/2100\/2600MHz;\" \/>\n<meta property=\"og:url\" content=\"https:\/\/topkodas.com\/lt\/product\/4g-lte-antena-5dbi-sma-male-magnetic-2m-cable\/\" \/>\n<meta property=\"og:site_name\" content=\"TOPKODAS\" \/>\n<meta property=\"article:publisher\" content=\"https:\/\/www.facebook.com\/topkodas\/\" \/>\n<meta property=\"article:modified_time\" content=\"2021-08-23T09:41:43+00:00\" \/>\n<meta property=\"og:image\" content=\"https:\/\/topkodas.com\/wp-content\/uploads\/2020\/04\/GTalarm2.png\" \/>\n\t<meta property=\"og:image:width\" content=\"1120\" \/>\n\t<meta property=\"og:image:height\" content=\"1107\" \/>\n\t<meta property=\"og:image:type\" content=\"image\/png\" \/>\n<meta name=\"twitter:card\" content=\"summary_large_image\" \/>\n<meta name=\"twitter:site\" content=\"@topkodas\" \/>\n<meta name=\"twitter:label1\" content=\"Price\" \/>\n\t<meta name=\"twitter:data1\" content=\"&euro;12.80\" \/>\n\t<meta name=\"twitter:label2\" content=\"Availability\" \/>\n\t<meta name=\"twitter:data2\" content=\"In stock\" \/>\n<script type=\"application\/ld+json\" class=\"yoast-schema-graph\">{\"@context\":\"https:\/\/schema.org\",\"@graph\":[{\"@type\":\"WebPage\",\"@id\":\"https:\/\/topkodas.com\/lt\/product\/4g-lte-antena-5dbi-sma-male-magnetic-2m-cable\/\",\"url\":\"https:\/\/topkodas.com\/lt\/product\/4g-lte-antena-5dbi-sma-male-magnetic-2m-cable\/\",\"name\":\"4G LTE antena 5dBi SMA ki\u0161tukin\u0117 jungtis magnetinis pagrindas 2 m kabelis - TOPKODAS\",\"isPartOf\":{\"@id\":\"https:\/\/topkodas.com\/lt\/#website\"},\"primaryImageOfPage\":{\"@id\":\"https:\/\/topkodas.com\/lt\/product\/4g-lte-antena-5dbi-sma-male-magnetic-2m-cable\/#primaryimage\"},\"image\":{\"@id\":\"https:\/\/topkodas.com\/lt\/product\/4g-lte-antena-5dbi-sma-male-magnetic-2m-cable\/#primaryimage\"},\"thumbnailUrl\":\"https:\/\/topkodas.com\/wp-content\/uploads\/2021\/04\/ant-4g-mag-5dBi-sma-2m-1.jpg\",\"datePublished\":\"2021-04-21T12:42:18+00:00\",\"dateModified\":\"2021-08-23T09:41:43+00:00\",\"description\":\"Mobiliojo ry\u0161io 4G LTE didelio stiprumo antena 5Dbi stiprinimas. Magnetiniu pagrindu antena su 2 m prailgintu kabeliu SMA ki\u0161tukine jungtimi. Da\u017eniai: 800\/900\/1500\/1800\/2100\/2600MHz;\",\"breadcrumb\":{\"@id\":\"https:\/\/topkodas.com\/lt\/product\/4g-lte-antena-5dbi-sma-male-magnetic-2m-cable\/#breadcrumb\"},\"inLanguage\":\"lt-LT\",\"potentialAction\":[{\"@type\":\"ReadAction\",\"target\":[\"https:\/\/topkodas.com\/lt\/product\/4g-lte-antena-5dbi-sma-male-magnetic-2m-cable\/\"]}]},{\"@type\":\"ImageObject\",\"inLanguage\":\"lt-LT\",\"@id\":\"https:\/\/topkodas.com\/lt\/product\/4g-lte-antena-5dbi-sma-male-magnetic-2m-cable\/#primaryimage\",\"url\":\"https:\/\/topkodas.com\/wp-content\/uploads\/2021\/04\/ant-4g-mag-5dBi-sma-2m-1.jpg\",\"contentUrl\":\"https:\/\/topkodas.com\/wp-content\/uploads\/2021\/04\/ant-4g-mag-5dBi-sma-2m-1.jpg\",\"width\":654,\"height\":694,\"caption\":\"Antena 4G LTE 5dBi SMA magnetin\u0117\"},{\"@type\":\"BreadcrumbList\",\"@id\":\"https:\/\/topkodas.com\/lt\/product\/4g-lte-antena-5dbi-sma-male-magnetic-2m-cable\/#breadcrumb\",\"itemListElement\":[{\"@type\":\"ListItem\",\"position\":1,\"name\":\"Home\",\"item\":\"https:\/\/topkodas.com\/lt\/\"},{\"@type\":\"ListItem\",\"position\":2,\"name\":\"Produktai\",\"item\":\"https:\/\/topkodas.com\/lt\/products\/\"},{\"@type\":\"ListItem\",\"position\":3,\"name\":\"Priedai\",\"item\":\"https:\/\/topkodas.com\/lt\/product-category\/accessories-2\/\"},{\"@type\":\"ListItem\",\"position\":4,\"name\":\"Antenos\",\"item\":\"https:\/\/topkodas.com\/lt\/product-category\/accessories-2\/antennas-lt-2\/\"},{\"@type\":\"ListItem\",\"position\":5,\"name\":\"4G LTE antena 5dBi SMA ki\u0161tukin\u0117 jungtis magnetinis pagrindas 2 m kabelis\"}]},{\"@type\":\"WebSite\",\"@id\":\"https:\/\/topkodas.com\/lt\/#website\",\"url\":\"https:\/\/topkodas.com\/lt\/\",\"name\":\"TOPKODAS\",\"description\":\"Pra\u0117jimo kontrol\u0117, GSM komunikatorius, apsaugos central\u0117, GSM termostatas, automatikos, apsaugos, HVAC sprendimai.\",\"publisher\":{\"@id\":\"https:\/\/topkodas.com\/lt\/#organization\"},\"potentialAction\":[{\"@type\":\"SearchAction\",\"target\":{\"@type\":\"EntryPoint\",\"urlTemplate\":\"https:\/\/topkodas.com\/lt\/?s={search_term_string}\"},\"query-input\":{\"@type\":\"PropertyValueSpecification\",\"valueRequired\":true,\"valueName\":\"search_term_string\"}}],\"inLanguage\":\"lt-LT\"},{\"@type\":\"Organization\",\"@id\":\"https:\/\/topkodas.com\/lt\/#organization\",\"name\":\"TOPKODAS\",\"url\":\"https:\/\/topkodas.com\/lt\/\",\"logo\":{\"@type\":\"ImageObject\",\"inLanguage\":\"lt-LT\",\"@id\":\"https:\/\/topkodas.com\/lt\/#\/schema\/logo\/image\/\",\"url\":\"https:\/\/topkodas.com\/wp-content\/uploads\/2020\/03\/topkodas-logo.png\",\"contentUrl\":\"https:\/\/topkodas.com\/wp-content\/uploads\/2020\/03\/topkodas-logo.png\",\"width\":1920,\"height\":680,\"caption\":\"TOPKODAS\"},\"image\":{\"@id\":\"https:\/\/topkodas.com\/lt\/#\/schema\/logo\/image\/\"},\"sameAs\":[\"https:\/\/www.facebook.com\/topkodas\/\",\"https:\/\/x.com\/topkodas\",\"https:\/\/www.instagram.com\/topkodasuab\/\",\"https:\/\/www.linkedin.com\/company\/topkodas-uab\",\"https:\/\/www.pinterest.com\/Topkodas\/\",\"https:\/\/www.youtube.com\/channel\/UCPlDZ8Q4G2WM6wQQTgN4K3Q\"]}]}<\/script>\n<meta property=\"product:price:amount\" content=\"12.80\" \/>\n<meta property=\"product:price:currency\" content=\"EUR\" \/>\n<meta property=\"og:availability\" content=\"instock\" \/>\n<meta property=\"product:availability\" content=\"instock\" \/>\n<meta property=\"product:retailer_item_id\" content=\"AN-CAB5DBI-S-MAG\" \/>\n<meta property=\"product:condition\" content=\"new\" \/>\n<!-- \/ Yoast SEO Premium plugin. -->","yoast_head_json":{"title":"4G LTE antena 5dBi SMA ki\u0161tukin\u0117 jungtis magnetinis pagrindas 2 m kabelis - TOPKODAS","description":"Mobiliojo ry\u0161io 4G LTE didelio stiprumo antena 5Dbi stiprinimas. Magnetiniu pagrindu antena su 2 m prailgintu kabeliu SMA ki\u0161tukine jungtimi. Da\u017eniai: 800\/900\/1500\/1800\/2100\/2600MHz;","robots":{"index":"index","follow":"follow","max-snippet":"max-snippet:-1","max-image-preview":"max-image-preview:large","max-video-preview":"max-video-preview:-1"},"canonical":"https:\/\/topkodas.com\/lt\/product\/4g-lte-antena-5dbi-sma-male-magnetic-2m-cable\/","og_locale":"lt_LT","og_type":"article","og_title":"4G LTE antena 5dBi SMA ki\u0161tukin\u0117 jungtis magnetinis pagrindas 2 m kabelis","og_description":"Mobiliojo ry\u0161io 4G LTE didelio stiprumo antena 5Dbi stiprinimas. Magnetiniu pagrindu antena su 2 m prailgintu kabeliu SMA ki\u0161tukine jungtimi. Da\u017eniai: 800\/900\/1500\/1800\/2100\/2600MHz;","og_url":"https:\/\/topkodas.com\/lt\/product\/4g-lte-antena-5dbi-sma-male-magnetic-2m-cable\/","og_site_name":"TOPKODAS","article_publisher":"https:\/\/www.facebook.com\/topkodas\/","article_modified_time":"2021-08-23T09:41:43+00:00","og_image":[{"width":1120,"height":1107,"url":"https:\/\/topkodas.com\/wp-content\/uploads\/2020\/04\/GTalarm2.png","type":"image\/png"}],"twitter_card":"summary_large_image","twitter_site":"@topkodas","twitter_misc":{"Price":"&euro;12.80","Availability":"In stock"},"schema":{"@context":"https:\/\/schema.org","@graph":[{"@type":"WebPage","@id":"https:\/\/topkodas.com\/lt\/product\/4g-lte-antena-5dbi-sma-male-magnetic-2m-cable\/","url":"https:\/\/topkodas.com\/lt\/product\/4g-lte-antena-5dbi-sma-male-magnetic-2m-cable\/","name":"4G LTE antena 5dBi SMA ki\u0161tukin\u0117 jungtis magnetinis pagrindas 2 m kabelis - TOPKODAS","isPartOf":{"@id":"https:\/\/topkodas.com\/lt\/#website"},"primaryImageOfPage":{"@id":"https:\/\/topkodas.com\/lt\/product\/4g-lte-antena-5dbi-sma-male-magnetic-2m-cable\/#primaryimage"},"image":{"@id":"https:\/\/topkodas.com\/lt\/product\/4g-lte-antena-5dbi-sma-male-magnetic-2m-cable\/#primaryimage"},"thumbnailUrl":"https:\/\/topkodas.com\/wp-content\/uploads\/2021\/04\/ant-4g-mag-5dBi-sma-2m-1.jpg","datePublished":"2021-04-21T12:42:18+00:00","dateModified":"2021-08-23T09:41:43+00:00","description":"Mobiliojo ry\u0161io 4G LTE didelio stiprumo antena 5Dbi stiprinimas. Magnetiniu pagrindu antena su 2 m prailgintu kabeliu SMA ki\u0161tukine jungtimi. Da\u017eniai: 800\/900\/1500\/1800\/2100\/2600MHz;","breadcrumb":{"@id":"https:\/\/topkodas.com\/lt\/product\/4g-lte-antena-5dbi-sma-male-magnetic-2m-cable\/#breadcrumb"},"inLanguage":"lt-LT","potentialAction":[{"@type":"ReadAction","target":["https:\/\/topkodas.com\/lt\/product\/4g-lte-antena-5dbi-sma-male-magnetic-2m-cable\/"]}]},{"@type":"ImageObject","inLanguage":"lt-LT","@id":"https:\/\/topkodas.com\/lt\/product\/4g-lte-antena-5dbi-sma-male-magnetic-2m-cable\/#primaryimage","url":"https:\/\/topkodas.com\/wp-content\/uploads\/2021\/04\/ant-4g-mag-5dBi-sma-2m-1.jpg","contentUrl":"https:\/\/topkodas.com\/wp-content\/uploads\/2021\/04\/ant-4g-mag-5dBi-sma-2m-1.jpg","width":654,"height":694,"caption":"Antena 4G LTE 5dBi SMA magnetin\u0117"},{"@type":"BreadcrumbList","@id":"https:\/\/topkodas.com\/lt\/product\/4g-lte-antena-5dbi-sma-male-magnetic-2m-cable\/#breadcrumb","itemListElement":[{"@type":"ListItem","position":1,"name":"Home","item":"https:\/\/topkodas.com\/lt\/"},{"@type":"ListItem","position":2,"name":"Produktai","item":"https:\/\/topkodas.com\/lt\/products\/"},{"@type":"ListItem","position":3,"name":"Priedai","item":"https:\/\/topkodas.com\/lt\/product-category\/accessories-2\/"},{"@type":"ListItem","position":4,"name":"Antenos","item":"https:\/\/topkodas.com\/lt\/product-category\/accessories-2\/antennas-lt-2\/"},{"@type":"ListItem","position":5,"name":"4G LTE antena 5dBi SMA ki\u0161tukin\u0117 jungtis magnetinis pagrindas 2 m kabelis"}]},{"@type":"WebSite","@id":"https:\/\/topkodas.com\/lt\/#website","url":"https:\/\/topkodas.com\/lt\/","name":"TOPKODAS","description":"Pra\u0117jimo kontrol\u0117, GSM komunikatorius, apsaugos central\u0117, GSM termostatas, automatikos, apsaugos, HVAC sprendimai.","publisher":{"@id":"https:\/\/topkodas.com\/lt\/#organization"},"potentialAction":[{"@type":"SearchAction","target":{"@type":"EntryPoint","urlTemplate":"https:\/\/topkodas.com\/lt\/?s={search_term_string}"},"query-input":{"@type":"PropertyValueSpecification","valueRequired":true,"valueName":"search_term_string"}}],"inLanguage":"lt-LT"},{"@type":"Organization","@id":"https:\/\/topkodas.com\/lt\/#organization","name":"TOPKODAS","url":"https:\/\/topkodas.com\/lt\/","logo":{"@type":"ImageObject","inLanguage":"lt-LT","@id":"https:\/\/topkodas.com\/lt\/#\/schema\/logo\/image\/","url":"https:\/\/topkodas.com\/wp-content\/uploads\/2020\/03\/topkodas-logo.png","contentUrl":"https:\/\/topkodas.com\/wp-content\/uploads\/2020\/03\/topkodas-logo.png","width":1920,"height":680,"caption":"TOPKODAS"},"image":{"@id":"https:\/\/topkodas.com\/lt\/#\/schema\/logo\/image\/"},"sameAs":["https:\/\/www.facebook.com\/topkodas\/","https:\/\/x.com\/topkodas","https:\/\/www.instagram.com\/topkodasuab\/","https:\/\/www.linkedin.com\/company\/topkodas-uab","https:\/\/www.pinterest.com\/Topkodas\/","https:\/\/www.youtube.com\/channel\/UCPlDZ8Q4G2WM6wQQTgN4K3Q"]}]},"product_price_amount":"12.80","product_price_currency":"EUR","og_availability":"instock","product_availability":"instock","product_retailer_item_id":"AN-CAB5DBI-S-MAG","product_condition":"new"},"_links":{"self":[{"href":"https:\/\/topkodas.com\/lt\/wp-json\/wp\/v2\/product\/3614","targetHints":{"allow":["GET"]}}],"collection":[{"href":"https:\/\/topkodas.com\/lt\/wp-json\/wp\/v2\/product"}],"about":[{"href":"https:\/\/topkodas.com\/lt\/wp-json\/wp\/v2\/types\/product"}],"replies":[{"embeddable":true,"href":"https:\/\/topkodas.com\/lt\/wp-json\/wp\/v2\/comments?post=3614"}],"wp:featuredmedia":[{"embeddable":true,"href":"https:\/\/topkodas.com\/lt\/wp-json\/wp\/v2\/media\/2826"}],"wp:attachment":[{"href":"https:\/\/topkodas.com\/lt\/wp-json\/wp\/v2\/media?parent=3614"}],"wp:term":[{"taxonomy":"product_brand","embeddable":true,"href":"https:\/\/topkodas.com\/lt\/wp-json\/wp\/v2\/product_brand?post=3614"},{"taxonomy":"product_cat","embeddable":true,"href":"https:\/\/topkodas.com\/lt\/wp-json\/wp\/v2\/product_cat?post=3614"},{"taxonomy":"product_tag","embeddable":true,"href":"https:\/\/topkodas.com\/lt\/wp-json\/wp\/v2\/product_tag?post=3614"}],"curies":[{"name":"wp","href":"https:\/\/api.w.org\/{rel}","templated":true}]}}