{"id":3607,"date":"2020-10-23T20:15:29","date_gmt":"2020-10-23T17:15:29","guid":{"rendered":"https:\/\/www.topkodas.lt\/product\/din-rail-mounting-kit\/"},"modified":"2022-07-18T18:14:34","modified_gmt":"2022-07-18T16:14:34","slug":"rinkinys-montavimui-ant-din-rail-begeliu","status":"publish","type":"product","link":"https:\/\/topkodas.com\/lt\/product\/rinkinys-montavimui-ant-din-rail-begeliu\/","title":{"rendered":"Rinkinys montavimui ant DIN Rail b\u0117geli\u0173"},"content":{"rendered":"<div>Rinkinys, skirtas GTalarm3 modulio tvirtinimui ant DIN Rail b\u0117geli\u0173<\/div>\n<div><\/div>\n","protected":false},"excerpt":{"rendered":"<p>Rinkinys, skirtas GTalarm3 tvirtinimui ant DIN Rail b\u0117geli\u0173<\/p>\n<p>&nbsp;<\/p>\n<p>&nbsp;<\/p>\n","protected":false},"featured_media":2450,"comment_status":"closed","ping_status":"closed","template":"","meta":{"_acf_changed":false,"inline_featured_image":false},"product_brand":[],"product_cat":[819],"product_tag":[1027,999,1029],"class_list":{"0":"post-3607","1":"product","2":"type-product","3":"status-publish","4":"has-post-thumbnail","6":"product_cat-enclosures-mounting-elements","7":"product_tag-din-rail-mounting-kits","8":"product_tag-gtalarm3","9":"product_tag-tvirtinimo-rinkinys-ant-din-rail-begelio","11":"first","12":"instock","13":"shipping-taxable","14":"purchasable","15":"product-type-simple"},"acf":[],"yoast_head":"<!-- This site is optimized with the Yoast SEO Premium plugin v25.0 (Yoast SEO v27.1.1) - https:\/\/yoast.com\/product\/yoast-seo-premium-wordpress\/ -->\n<title>Rinkinys montavimui ant DIN Rail b\u0117geli\u0173 - TOPKODAS<\/title>\n<meta name=\"description\" content=\"GTalarm3 montavimo ant DIN Rail b\u0117geli\u0173 rinkinys\" \/>\n<meta name=\"robots\" content=\"index, follow, max-snippet:-1, max-image-preview:large, max-video-preview:-1\" \/>\n<link rel=\"canonical\" href=\"https:\/\/topkodas.com\/lt\/product\/rinkinys-montavimui-ant-din-rail-begeliu\/\" \/>\n<meta property=\"og:locale\" content=\"lt_LT\" \/>\n<meta property=\"og:type\" content=\"article\" \/>\n<meta property=\"og:title\" content=\"Rinkinys montavimui ant DIN Rail b\u0117geli\u0173\" \/>\n<meta property=\"og:description\" content=\"GTalarm3 montavimo ant DIN Rail b\u0117geli\u0173 rinkinys\" \/>\n<meta property=\"og:url\" content=\"https:\/\/topkodas.com\/lt\/product\/rinkinys-montavimui-ant-din-rail-begeliu\/\" \/>\n<meta property=\"og:site_name\" content=\"TOPKODAS\" \/>\n<meta property=\"article:publisher\" content=\"https:\/\/www.facebook.com\/topkodas\/\" \/>\n<meta property=\"article:modified_time\" content=\"2022-07-18T16:14:34+00:00\" \/>\n<meta property=\"og:image\" content=\"https:\/\/topkodas.com\/wp-content\/uploads\/2020\/04\/GTalarm2.png\" \/>\n\t<meta property=\"og:image:width\" content=\"1120\" \/>\n\t<meta property=\"og:image:height\" content=\"1107\" \/>\n\t<meta property=\"og:image:type\" content=\"image\/png\" \/>\n<meta name=\"twitter:card\" content=\"summary_large_image\" \/>\n<meta name=\"twitter:site\" content=\"@topkodas\" \/>\n<meta name=\"twitter:label1\" content=\"Price\" \/>\n\t<meta name=\"twitter:data1\" content=\"&euro;18.00\" \/>\n\t<meta name=\"twitter:label2\" content=\"Availability\" \/>\n\t<meta name=\"twitter:data2\" content=\"In stock\" \/>\n<script type=\"application\/ld+json\" class=\"yoast-schema-graph\">{\"@context\":\"https:\/\/schema.org\",\"@graph\":[{\"@type\":\"WebPage\",\"@id\":\"https:\/\/topkodas.com\/lt\/product\/rinkinys-montavimui-ant-din-rail-begeliu\/\",\"url\":\"https:\/\/topkodas.com\/lt\/product\/rinkinys-montavimui-ant-din-rail-begeliu\/\",\"name\":\"Rinkinys montavimui ant DIN Rail b\u0117geli\u0173 - TOPKODAS\",\"isPartOf\":{\"@id\":\"https:\/\/topkodas.com\/lt\/#website\"},\"primaryImageOfPage\":{\"@id\":\"https:\/\/topkodas.com\/lt\/product\/rinkinys-montavimui-ant-din-rail-begeliu\/#primaryimage\"},\"image\":{\"@id\":\"https:\/\/topkodas.com\/lt\/product\/rinkinys-montavimui-ant-din-rail-begeliu\/#primaryimage\"},\"thumbnailUrl\":\"https:\/\/topkodas.com\/wp-content\/uploads\/2020\/10\/DIN-adapter-GTalarm2.png\",\"datePublished\":\"2020-10-23T17:15:29+00:00\",\"dateModified\":\"2022-07-18T16:14:34+00:00\",\"description\":\"GTalarm3 montavimo ant DIN Rail b\u0117geli\u0173 rinkinys\",\"breadcrumb\":{\"@id\":\"https:\/\/topkodas.com\/lt\/product\/rinkinys-montavimui-ant-din-rail-begeliu\/#breadcrumb\"},\"inLanguage\":\"lt-LT\",\"potentialAction\":[{\"@type\":\"ReadAction\",\"target\":[\"https:\/\/topkodas.com\/lt\/product\/rinkinys-montavimui-ant-din-rail-begeliu\/\"]}]},{\"@type\":\"ImageObject\",\"inLanguage\":\"lt-LT\",\"@id\":\"https:\/\/topkodas.com\/lt\/product\/rinkinys-montavimui-ant-din-rail-begeliu\/#primaryimage\",\"url\":\"https:\/\/topkodas.com\/wp-content\/uploads\/2020\/10\/DIN-adapter-GTalarm2.png\",\"contentUrl\":\"https:\/\/topkodas.com\/wp-content\/uploads\/2020\/10\/DIN-adapter-GTalarm2.png\",\"width\":2869,\"height\":2142},{\"@type\":\"BreadcrumbList\",\"@id\":\"https:\/\/topkodas.com\/lt\/product\/rinkinys-montavimui-ant-din-rail-begeliu\/#breadcrumb\",\"itemListElement\":[{\"@type\":\"ListItem\",\"position\":1,\"name\":\"Home\",\"item\":\"https:\/\/topkodas.com\/lt\/\"},{\"@type\":\"ListItem\",\"position\":2,\"name\":\"Produktai\",\"item\":\"https:\/\/topkodas.com\/lt\/products\/\"},{\"@type\":\"ListItem\",\"position\":3,\"name\":\"Priedai\",\"item\":\"https:\/\/topkodas.com\/lt\/product-category\/accessories-2\/\"},{\"@type\":\"ListItem\",\"position\":4,\"name\":\"Korpusai ir montavimo elementai\",\"item\":\"https:\/\/topkodas.com\/lt\/product-category\/accessories-2\/enclosures-mounting-elements-lt\/\"},{\"@type\":\"ListItem\",\"position\":5,\"name\":\"Rinkinys montavimui ant DIN Rail b\u0117geli\u0173\"}]},{\"@type\":\"WebSite\",\"@id\":\"https:\/\/topkodas.com\/lt\/#website\",\"url\":\"https:\/\/topkodas.com\/lt\/\",\"name\":\"TOPKODAS\",\"description\":\"Pra\u0117jimo kontrol\u0117, GSM komunikatorius, apsaugos central\u0117, GSM termostatas, automatikos, apsaugos, HVAC sprendimai.\",\"publisher\":{\"@id\":\"https:\/\/topkodas.com\/lt\/#organization\"},\"potentialAction\":[{\"@type\":\"SearchAction\",\"target\":{\"@type\":\"EntryPoint\",\"urlTemplate\":\"https:\/\/topkodas.com\/lt\/?s={search_term_string}\"},\"query-input\":{\"@type\":\"PropertyValueSpecification\",\"valueRequired\":true,\"valueName\":\"search_term_string\"}}],\"inLanguage\":\"lt-LT\"},{\"@type\":\"Organization\",\"@id\":\"https:\/\/topkodas.com\/lt\/#organization\",\"name\":\"TOPKODAS\",\"url\":\"https:\/\/topkodas.com\/lt\/\",\"logo\":{\"@type\":\"ImageObject\",\"inLanguage\":\"lt-LT\",\"@id\":\"https:\/\/topkodas.com\/lt\/#\/schema\/logo\/image\/\",\"url\":\"https:\/\/topkodas.com\/wp-content\/uploads\/2020\/03\/topkodas-logo.png\",\"contentUrl\":\"https:\/\/topkodas.com\/wp-content\/uploads\/2020\/03\/topkodas-logo.png\",\"width\":1920,\"height\":680,\"caption\":\"TOPKODAS\"},\"image\":{\"@id\":\"https:\/\/topkodas.com\/lt\/#\/schema\/logo\/image\/\"},\"sameAs\":[\"https:\/\/www.facebook.com\/topkodas\/\",\"https:\/\/x.com\/topkodas\",\"https:\/\/www.instagram.com\/topkodasuab\/\",\"https:\/\/www.linkedin.com\/company\/topkodas-uab\",\"https:\/\/www.pinterest.com\/Topkodas\/\",\"https:\/\/www.youtube.com\/channel\/UCPlDZ8Q4G2WM6wQQTgN4K3Q\"]}]}<\/script>\n<meta property=\"product:price:amount\" content=\"18.00\" \/>\n<meta property=\"product:price:currency\" content=\"EUR\" \/>\n<meta property=\"og:availability\" content=\"instock\" \/>\n<meta property=\"product:availability\" content=\"instock\" \/>\n<meta property=\"product:retailer_item_id\" content=\"PR-DIN-KIT-GTalarm\" \/>\n<meta property=\"product:condition\" content=\"new\" \/>\n<!-- \/ Yoast SEO Premium plugin. -->","yoast_head_json":{"title":"Rinkinys montavimui ant DIN Rail b\u0117geli\u0173 - TOPKODAS","description":"GTalarm3 montavimo ant DIN Rail b\u0117geli\u0173 rinkinys","robots":{"index":"index","follow":"follow","max-snippet":"max-snippet:-1","max-image-preview":"max-image-preview:large","max-video-preview":"max-video-preview:-1"},"canonical":"https:\/\/topkodas.com\/lt\/product\/rinkinys-montavimui-ant-din-rail-begeliu\/","og_locale":"lt_LT","og_type":"article","og_title":"Rinkinys montavimui ant DIN Rail b\u0117geli\u0173","og_description":"GTalarm3 montavimo ant DIN Rail b\u0117geli\u0173 rinkinys","og_url":"https:\/\/topkodas.com\/lt\/product\/rinkinys-montavimui-ant-din-rail-begeliu\/","og_site_name":"TOPKODAS","article_publisher":"https:\/\/www.facebook.com\/topkodas\/","article_modified_time":"2022-07-18T16:14:34+00:00","og_image":[{"width":1120,"height":1107,"url":"https:\/\/topkodas.com\/wp-content\/uploads\/2020\/04\/GTalarm2.png","type":"image\/png"}],"twitter_card":"summary_large_image","twitter_site":"@topkodas","twitter_misc":{"Price":"&euro;18.00","Availability":"In stock"},"schema":{"@context":"https:\/\/schema.org","@graph":[{"@type":"WebPage","@id":"https:\/\/topkodas.com\/lt\/product\/rinkinys-montavimui-ant-din-rail-begeliu\/","url":"https:\/\/topkodas.com\/lt\/product\/rinkinys-montavimui-ant-din-rail-begeliu\/","name":"Rinkinys montavimui ant DIN Rail b\u0117geli\u0173 - TOPKODAS","isPartOf":{"@id":"https:\/\/topkodas.com\/lt\/#website"},"primaryImageOfPage":{"@id":"https:\/\/topkodas.com\/lt\/product\/rinkinys-montavimui-ant-din-rail-begeliu\/#primaryimage"},"image":{"@id":"https:\/\/topkodas.com\/lt\/product\/rinkinys-montavimui-ant-din-rail-begeliu\/#primaryimage"},"thumbnailUrl":"https:\/\/topkodas.com\/wp-content\/uploads\/2020\/10\/DIN-adapter-GTalarm2.png","datePublished":"2020-10-23T17:15:29+00:00","dateModified":"2022-07-18T16:14:34+00:00","description":"GTalarm3 montavimo ant DIN Rail b\u0117geli\u0173 rinkinys","breadcrumb":{"@id":"https:\/\/topkodas.com\/lt\/product\/rinkinys-montavimui-ant-din-rail-begeliu\/#breadcrumb"},"inLanguage":"lt-LT","potentialAction":[{"@type":"ReadAction","target":["https:\/\/topkodas.com\/lt\/product\/rinkinys-montavimui-ant-din-rail-begeliu\/"]}]},{"@type":"ImageObject","inLanguage":"lt-LT","@id":"https:\/\/topkodas.com\/lt\/product\/rinkinys-montavimui-ant-din-rail-begeliu\/#primaryimage","url":"https:\/\/topkodas.com\/wp-content\/uploads\/2020\/10\/DIN-adapter-GTalarm2.png","contentUrl":"https:\/\/topkodas.com\/wp-content\/uploads\/2020\/10\/DIN-adapter-GTalarm2.png","width":2869,"height":2142},{"@type":"BreadcrumbList","@id":"https:\/\/topkodas.com\/lt\/product\/rinkinys-montavimui-ant-din-rail-begeliu\/#breadcrumb","itemListElement":[{"@type":"ListItem","position":1,"name":"Home","item":"https:\/\/topkodas.com\/lt\/"},{"@type":"ListItem","position":2,"name":"Produktai","item":"https:\/\/topkodas.com\/lt\/products\/"},{"@type":"ListItem","position":3,"name":"Priedai","item":"https:\/\/topkodas.com\/lt\/product-category\/accessories-2\/"},{"@type":"ListItem","position":4,"name":"Korpusai ir montavimo elementai","item":"https:\/\/topkodas.com\/lt\/product-category\/accessories-2\/enclosures-mounting-elements-lt\/"},{"@type":"ListItem","position":5,"name":"Rinkinys montavimui ant DIN Rail b\u0117geli\u0173"}]},{"@type":"WebSite","@id":"https:\/\/topkodas.com\/lt\/#website","url":"https:\/\/topkodas.com\/lt\/","name":"TOPKODAS","description":"Pra\u0117jimo kontrol\u0117, GSM komunikatorius, apsaugos central\u0117, GSM termostatas, automatikos, apsaugos, HVAC sprendimai.","publisher":{"@id":"https:\/\/topkodas.com\/lt\/#organization"},"potentialAction":[{"@type":"SearchAction","target":{"@type":"EntryPoint","urlTemplate":"https:\/\/topkodas.com\/lt\/?s={search_term_string}"},"query-input":{"@type":"PropertyValueSpecification","valueRequired":true,"valueName":"search_term_string"}}],"inLanguage":"lt-LT"},{"@type":"Organization","@id":"https:\/\/topkodas.com\/lt\/#organization","name":"TOPKODAS","url":"https:\/\/topkodas.com\/lt\/","logo":{"@type":"ImageObject","inLanguage":"lt-LT","@id":"https:\/\/topkodas.com\/lt\/#\/schema\/logo\/image\/","url":"https:\/\/topkodas.com\/wp-content\/uploads\/2020\/03\/topkodas-logo.png","contentUrl":"https:\/\/topkodas.com\/wp-content\/uploads\/2020\/03\/topkodas-logo.png","width":1920,"height":680,"caption":"TOPKODAS"},"image":{"@id":"https:\/\/topkodas.com\/lt\/#\/schema\/logo\/image\/"},"sameAs":["https:\/\/www.facebook.com\/topkodas\/","https:\/\/x.com\/topkodas","https:\/\/www.instagram.com\/topkodasuab\/","https:\/\/www.linkedin.com\/company\/topkodas-uab","https:\/\/www.pinterest.com\/Topkodas\/","https:\/\/www.youtube.com\/channel\/UCPlDZ8Q4G2WM6wQQTgN4K3Q"]}]},"product_price_amount":"18.00","product_price_currency":"EUR","og_availability":"instock","product_availability":"instock","product_retailer_item_id":"PR-DIN-KIT-GTalarm","product_condition":"new"},"_links":{"self":[{"href":"https:\/\/topkodas.com\/lt\/wp-json\/wp\/v2\/product\/3607","targetHints":{"allow":["GET"]}}],"collection":[{"href":"https:\/\/topkodas.com\/lt\/wp-json\/wp\/v2\/product"}],"about":[{"href":"https:\/\/topkodas.com\/lt\/wp-json\/wp\/v2\/types\/product"}],"replies":[{"embeddable":true,"href":"https:\/\/topkodas.com\/lt\/wp-json\/wp\/v2\/comments?post=3607"}],"wp:featuredmedia":[{"embeddable":true,"href":"https:\/\/topkodas.com\/lt\/wp-json\/wp\/v2\/media\/2450"}],"wp:attachment":[{"href":"https:\/\/topkodas.com\/lt\/wp-json\/wp\/v2\/media?parent=3607"}],"wp:term":[{"taxonomy":"product_brand","embeddable":true,"href":"https:\/\/topkodas.com\/lt\/wp-json\/wp\/v2\/product_brand?post=3607"},{"taxonomy":"product_cat","embeddable":true,"href":"https:\/\/topkodas.com\/lt\/wp-json\/wp\/v2\/product_cat?post=3607"},{"taxonomy":"product_tag","embeddable":true,"href":"https:\/\/topkodas.com\/lt\/wp-json\/wp\/v2\/product_tag?post=3607"}],"curies":[{"name":"wp","href":"https:\/\/api.w.org\/{rel}","templated":true}]}}