{"id":3580,"date":"2020-10-27T10:11:00","date_gmt":"2020-10-27T07:11:00","guid":{"rendered":"https:\/\/www.topkodas.lt\/product\/din-rail-adapter\/"},"modified":"2021-08-24T12:55:27","modified_gmt":"2021-08-24T09:55:27","slug":"din-rail-adapter","status":"publish","type":"product","link":"https:\/\/topkodas.com\/lt\/product\/din-rail-adapter\/","title":{"rendered":"Adapteris montavimui ant DIN b\u0117gelio"},"content":{"rendered":"<div class=\"wpb-content-wrapper\">[vc_row][vc_column][vc_column_text]\n<div>Montavimo adapteris ant DIN b\u0117gelio C45, pora komplekt\u0173.<\/div>\n<div><\/div>\n<h3>Galimyb\u0117s<\/h3>\n<ul>\n<li>Tinka montuoti ant DIN b\u0117gelio (plotis 35 mm)<\/li>\n<li>Lengvai montuojamas ir nuimamas.<\/li>\n<li>DIN adapteriai naudojami TOPKODAS valdikliams laikyti:\n<ul>\n<li>PROGATE<\/li>\n<li>GTCOM2<\/li>\n<li>GTM1<\/li>\n<li>ir t.t.<\/li>\n<\/ul>\n<\/li>\n<li>\u012f kiekvien\u0105 rinkin\u012f \u012feina 2 laikikliai ir 4 var\u017etai<\/li>\n<\/ul>\n<div><\/div>\n[\/vc_column_text][\/vc_column][\/vc_row][vc_row][vc_column][vc_single_image image=&#8221;2064&#8243; title=&#8221;Montavimo pavyzdys:&#8221;][\/vc_column][\/vc_row]\n<\/div>","protected":false},"excerpt":{"rendered":"<p>DIN Rail montavimo adapteris, rinkinys, pora.<\/p>\n<p>&nbsp;<\/p>\n<p>&nbsp;<\/p>\n","protected":false},"featured_media":1994,"comment_status":"closed","ping_status":"closed","template":"","meta":{"_acf_changed":false,"inline_featured_image":false},"product_brand":[],"product_cat":[918],"product_tag":[971,956,957],"class_list":{"0":"post-3580","1":"product","2":"type-product","3":"status-publish","4":"has-post-thumbnail","6":"product_cat-enclosures-mounting-elements-lt","7":"product_tag-adapteris-lt","8":"product_tag-din-lt","9":"product_tag-din-rail-montavimas-lt","11":"first","12":"instock","13":"shipping-taxable","14":"purchasable","15":"product-type-simple"},"acf":[],"yoast_head":"<!-- This site is optimized with the Yoast SEO Premium plugin v25.0 (Yoast SEO v27.1.1) - https:\/\/yoast.com\/product\/yoast-seo-premium-wordpress\/ -->\n<title>Adapteris montavimui ant DIN b\u0117gelio - TOPKODAS<\/title>\n<meta name=\"description\" content=\"DIN b\u0117gelio montavimo adapteris (plotis 35 mm), rinkinys, pora. Naudojami TOPKODAS valdikliams tvirtinti. Lengvai montuojami ir nuimami.\" \/>\n<meta name=\"robots\" content=\"index, follow, max-snippet:-1, max-image-preview:large, max-video-preview:-1\" \/>\n<link rel=\"canonical\" href=\"https:\/\/topkodas.com\/lt\/product\/din-rail-adapter\/\" \/>\n<meta property=\"og:locale\" content=\"lt_LT\" \/>\n<meta property=\"og:type\" content=\"article\" \/>\n<meta property=\"og:title\" content=\"Adapteris montavimui ant DIN b\u0117gelio\" \/>\n<meta property=\"og:description\" content=\"DIN b\u0117gelio montavimo adapteris (plotis 35 mm), rinkinys, pora. Naudojami TOPKODAS valdikliams tvirtinti. Lengvai montuojami ir nuimami.\" \/>\n<meta property=\"og:url\" content=\"https:\/\/topkodas.com\/lt\/product\/din-rail-adapter\/\" \/>\n<meta property=\"og:site_name\" content=\"TOPKODAS\" \/>\n<meta property=\"article:publisher\" content=\"https:\/\/www.facebook.com\/topkodas\/\" \/>\n<meta property=\"article:modified_time\" content=\"2021-08-24T09:55:27+00:00\" \/>\n<meta property=\"og:image\" content=\"https:\/\/topkodas.com\/wp-content\/uploads\/2020\/04\/GTalarm2.png\" \/>\n\t<meta property=\"og:image:width\" content=\"1120\" \/>\n\t<meta property=\"og:image:height\" content=\"1107\" \/>\n\t<meta property=\"og:image:type\" content=\"image\/png\" \/>\n<meta name=\"twitter:card\" content=\"summary_large_image\" \/>\n<meta name=\"twitter:site\" content=\"@topkodas\" \/>\n<meta name=\"twitter:label1\" content=\"Price\" \/>\n\t<meta name=\"twitter:data1\" content=\"&euro;6.00\" \/>\n\t<meta name=\"twitter:label2\" content=\"Availability\" \/>\n\t<meta name=\"twitter:data2\" content=\"In stock\" \/>\n<script type=\"application\/ld+json\" class=\"yoast-schema-graph\">{\"@context\":\"https:\/\/schema.org\",\"@graph\":[{\"@type\":\"WebPage\",\"@id\":\"https:\/\/topkodas.com\/lt\/product\/din-rail-adapter\/\",\"url\":\"https:\/\/topkodas.com\/lt\/product\/din-rail-adapter\/\",\"name\":\"Adapteris montavimui ant DIN b\u0117gelio - TOPKODAS\",\"isPartOf\":{\"@id\":\"https:\/\/topkodas.com\/lt\/#website\"},\"primaryImageOfPage\":{\"@id\":\"https:\/\/topkodas.com\/lt\/product\/din-rail-adapter\/#primaryimage\"},\"image\":{\"@id\":\"https:\/\/topkodas.com\/lt\/product\/din-rail-adapter\/#primaryimage\"},\"thumbnailUrl\":\"https:\/\/topkodas.com\/wp-content\/uploads\/2020\/06\/DIN_rail_adapter.png\",\"datePublished\":\"2020-10-27T07:11:00+00:00\",\"dateModified\":\"2021-08-24T09:55:27+00:00\",\"description\":\"DIN b\u0117gelio montavimo adapteris (plotis 35 mm), rinkinys, pora. Naudojami TOPKODAS valdikliams tvirtinti. Lengvai montuojami ir nuimami.\",\"breadcrumb\":{\"@id\":\"https:\/\/topkodas.com\/lt\/product\/din-rail-adapter\/#breadcrumb\"},\"inLanguage\":\"lt-LT\",\"potentialAction\":[{\"@type\":\"ReadAction\",\"target\":[\"https:\/\/topkodas.com\/lt\/product\/din-rail-adapter\/\"]}]},{\"@type\":\"ImageObject\",\"inLanguage\":\"lt-LT\",\"@id\":\"https:\/\/topkodas.com\/lt\/product\/din-rail-adapter\/#primaryimage\",\"url\":\"https:\/\/topkodas.com\/wp-content\/uploads\/2020\/06\/DIN_rail_adapter.png\",\"contentUrl\":\"https:\/\/topkodas.com\/wp-content\/uploads\/2020\/06\/DIN_rail_adapter.png\",\"width\":731,\"height\":702},{\"@type\":\"BreadcrumbList\",\"@id\":\"https:\/\/topkodas.com\/lt\/product\/din-rail-adapter\/#breadcrumb\",\"itemListElement\":[{\"@type\":\"ListItem\",\"position\":1,\"name\":\"Home\",\"item\":\"https:\/\/topkodas.com\/lt\/\"},{\"@type\":\"ListItem\",\"position\":2,\"name\":\"Produktai\",\"item\":\"https:\/\/topkodas.com\/lt\/products\/\"},{\"@type\":\"ListItem\",\"position\":3,\"name\":\"Priedai\",\"item\":\"https:\/\/topkodas.com\/lt\/product-category\/accessories-2\/\"},{\"@type\":\"ListItem\",\"position\":4,\"name\":\"Korpusai ir montavimo elementai\",\"item\":\"https:\/\/topkodas.com\/lt\/product-category\/accessories-2\/enclosures-mounting-elements-lt\/\"},{\"@type\":\"ListItem\",\"position\":5,\"name\":\"Adapteris montavimui ant DIN b\u0117gelio\"}]},{\"@type\":\"WebSite\",\"@id\":\"https:\/\/topkodas.com\/lt\/#website\",\"url\":\"https:\/\/topkodas.com\/lt\/\",\"name\":\"TOPKODAS\",\"description\":\"Pra\u0117jimo kontrol\u0117, GSM komunikatorius, apsaugos central\u0117, GSM termostatas, automatikos, apsaugos, HVAC sprendimai.\",\"publisher\":{\"@id\":\"https:\/\/topkodas.com\/lt\/#organization\"},\"potentialAction\":[{\"@type\":\"SearchAction\",\"target\":{\"@type\":\"EntryPoint\",\"urlTemplate\":\"https:\/\/topkodas.com\/lt\/?s={search_term_string}\"},\"query-input\":{\"@type\":\"PropertyValueSpecification\",\"valueRequired\":true,\"valueName\":\"search_term_string\"}}],\"inLanguage\":\"lt-LT\"},{\"@type\":\"Organization\",\"@id\":\"https:\/\/topkodas.com\/lt\/#organization\",\"name\":\"TOPKODAS\",\"url\":\"https:\/\/topkodas.com\/lt\/\",\"logo\":{\"@type\":\"ImageObject\",\"inLanguage\":\"lt-LT\",\"@id\":\"https:\/\/topkodas.com\/lt\/#\/schema\/logo\/image\/\",\"url\":\"https:\/\/topkodas.com\/wp-content\/uploads\/2020\/03\/topkodas-logo.png\",\"contentUrl\":\"https:\/\/topkodas.com\/wp-content\/uploads\/2020\/03\/topkodas-logo.png\",\"width\":1920,\"height\":680,\"caption\":\"TOPKODAS\"},\"image\":{\"@id\":\"https:\/\/topkodas.com\/lt\/#\/schema\/logo\/image\/\"},\"sameAs\":[\"https:\/\/www.facebook.com\/topkodas\/\",\"https:\/\/x.com\/topkodas\",\"https:\/\/www.instagram.com\/topkodasuab\/\",\"https:\/\/www.linkedin.com\/company\/topkodas-uab\",\"https:\/\/www.pinterest.com\/Topkodas\/\",\"https:\/\/www.youtube.com\/channel\/UCPlDZ8Q4G2WM6wQQTgN4K3Q\"]}]}<\/script>\n<meta property=\"product:price:amount\" content=\"6.00\" \/>\n<meta property=\"product:price:currency\" content=\"EUR\" \/>\n<meta property=\"og:availability\" content=\"instock\" \/>\n<meta property=\"product:availability\" content=\"instock\" \/>\n<meta property=\"product:retailer_item_id\" content=\"PR-DIN\" \/>\n<meta property=\"product:condition\" content=\"new\" \/>\n<!-- \/ Yoast SEO Premium plugin. -->","yoast_head_json":{"title":"Adapteris montavimui ant DIN b\u0117gelio - TOPKODAS","description":"DIN b\u0117gelio montavimo adapteris (plotis 35 mm), rinkinys, pora. Naudojami TOPKODAS valdikliams tvirtinti. Lengvai montuojami ir nuimami.","robots":{"index":"index","follow":"follow","max-snippet":"max-snippet:-1","max-image-preview":"max-image-preview:large","max-video-preview":"max-video-preview:-1"},"canonical":"https:\/\/topkodas.com\/lt\/product\/din-rail-adapter\/","og_locale":"lt_LT","og_type":"article","og_title":"Adapteris montavimui ant DIN b\u0117gelio","og_description":"DIN b\u0117gelio montavimo adapteris (plotis 35 mm), rinkinys, pora. Naudojami TOPKODAS valdikliams tvirtinti. Lengvai montuojami ir nuimami.","og_url":"https:\/\/topkodas.com\/lt\/product\/din-rail-adapter\/","og_site_name":"TOPKODAS","article_publisher":"https:\/\/www.facebook.com\/topkodas\/","article_modified_time":"2021-08-24T09:55:27+00:00","og_image":[{"width":1120,"height":1107,"url":"https:\/\/topkodas.com\/wp-content\/uploads\/2020\/04\/GTalarm2.png","type":"image\/png"}],"twitter_card":"summary_large_image","twitter_site":"@topkodas","twitter_misc":{"Price":"&euro;6.00","Availability":"In stock"},"schema":{"@context":"https:\/\/schema.org","@graph":[{"@type":"WebPage","@id":"https:\/\/topkodas.com\/lt\/product\/din-rail-adapter\/","url":"https:\/\/topkodas.com\/lt\/product\/din-rail-adapter\/","name":"Adapteris montavimui ant DIN b\u0117gelio - TOPKODAS","isPartOf":{"@id":"https:\/\/topkodas.com\/lt\/#website"},"primaryImageOfPage":{"@id":"https:\/\/topkodas.com\/lt\/product\/din-rail-adapter\/#primaryimage"},"image":{"@id":"https:\/\/topkodas.com\/lt\/product\/din-rail-adapter\/#primaryimage"},"thumbnailUrl":"https:\/\/topkodas.com\/wp-content\/uploads\/2020\/06\/DIN_rail_adapter.png","datePublished":"2020-10-27T07:11:00+00:00","dateModified":"2021-08-24T09:55:27+00:00","description":"DIN b\u0117gelio montavimo adapteris (plotis 35 mm), rinkinys, pora. Naudojami TOPKODAS valdikliams tvirtinti. Lengvai montuojami ir nuimami.","breadcrumb":{"@id":"https:\/\/topkodas.com\/lt\/product\/din-rail-adapter\/#breadcrumb"},"inLanguage":"lt-LT","potentialAction":[{"@type":"ReadAction","target":["https:\/\/topkodas.com\/lt\/product\/din-rail-adapter\/"]}]},{"@type":"ImageObject","inLanguage":"lt-LT","@id":"https:\/\/topkodas.com\/lt\/product\/din-rail-adapter\/#primaryimage","url":"https:\/\/topkodas.com\/wp-content\/uploads\/2020\/06\/DIN_rail_adapter.png","contentUrl":"https:\/\/topkodas.com\/wp-content\/uploads\/2020\/06\/DIN_rail_adapter.png","width":731,"height":702},{"@type":"BreadcrumbList","@id":"https:\/\/topkodas.com\/lt\/product\/din-rail-adapter\/#breadcrumb","itemListElement":[{"@type":"ListItem","position":1,"name":"Home","item":"https:\/\/topkodas.com\/lt\/"},{"@type":"ListItem","position":2,"name":"Produktai","item":"https:\/\/topkodas.com\/lt\/products\/"},{"@type":"ListItem","position":3,"name":"Priedai","item":"https:\/\/topkodas.com\/lt\/product-category\/accessories-2\/"},{"@type":"ListItem","position":4,"name":"Korpusai ir montavimo elementai","item":"https:\/\/topkodas.com\/lt\/product-category\/accessories-2\/enclosures-mounting-elements-lt\/"},{"@type":"ListItem","position":5,"name":"Adapteris montavimui ant DIN b\u0117gelio"}]},{"@type":"WebSite","@id":"https:\/\/topkodas.com\/lt\/#website","url":"https:\/\/topkodas.com\/lt\/","name":"TOPKODAS","description":"Pra\u0117jimo kontrol\u0117, GSM komunikatorius, apsaugos central\u0117, GSM termostatas, automatikos, apsaugos, HVAC sprendimai.","publisher":{"@id":"https:\/\/topkodas.com\/lt\/#organization"},"potentialAction":[{"@type":"SearchAction","target":{"@type":"EntryPoint","urlTemplate":"https:\/\/topkodas.com\/lt\/?s={search_term_string}"},"query-input":{"@type":"PropertyValueSpecification","valueRequired":true,"valueName":"search_term_string"}}],"inLanguage":"lt-LT"},{"@type":"Organization","@id":"https:\/\/topkodas.com\/lt\/#organization","name":"TOPKODAS","url":"https:\/\/topkodas.com\/lt\/","logo":{"@type":"ImageObject","inLanguage":"lt-LT","@id":"https:\/\/topkodas.com\/lt\/#\/schema\/logo\/image\/","url":"https:\/\/topkodas.com\/wp-content\/uploads\/2020\/03\/topkodas-logo.png","contentUrl":"https:\/\/topkodas.com\/wp-content\/uploads\/2020\/03\/topkodas-logo.png","width":1920,"height":680,"caption":"TOPKODAS"},"image":{"@id":"https:\/\/topkodas.com\/lt\/#\/schema\/logo\/image\/"},"sameAs":["https:\/\/www.facebook.com\/topkodas\/","https:\/\/x.com\/topkodas","https:\/\/www.instagram.com\/topkodasuab\/","https:\/\/www.linkedin.com\/company\/topkodas-uab","https:\/\/www.pinterest.com\/Topkodas\/","https:\/\/www.youtube.com\/channel\/UCPlDZ8Q4G2WM6wQQTgN4K3Q"]}]},"product_price_amount":"6.00","product_price_currency":"EUR","og_availability":"instock","product_availability":"instock","product_retailer_item_id":"PR-DIN","product_condition":"new"},"_links":{"self":[{"href":"https:\/\/topkodas.com\/lt\/wp-json\/wp\/v2\/product\/3580","targetHints":{"allow":["GET"]}}],"collection":[{"href":"https:\/\/topkodas.com\/lt\/wp-json\/wp\/v2\/product"}],"about":[{"href":"https:\/\/topkodas.com\/lt\/wp-json\/wp\/v2\/types\/product"}],"replies":[{"embeddable":true,"href":"https:\/\/topkodas.com\/lt\/wp-json\/wp\/v2\/comments?post=3580"}],"wp:featuredmedia":[{"embeddable":true,"href":"https:\/\/topkodas.com\/lt\/wp-json\/wp\/v2\/media\/1994"}],"wp:attachment":[{"href":"https:\/\/topkodas.com\/lt\/wp-json\/wp\/v2\/media?parent=3580"}],"wp:term":[{"taxonomy":"product_brand","embeddable":true,"href":"https:\/\/topkodas.com\/lt\/wp-json\/wp\/v2\/product_brand?post=3580"},{"taxonomy":"product_cat","embeddable":true,"href":"https:\/\/topkodas.com\/lt\/wp-json\/wp\/v2\/product_cat?post=3580"},{"taxonomy":"product_tag","embeddable":true,"href":"https:\/\/topkodas.com\/lt\/wp-json\/wp\/v2\/product_tag?post=3580"}],"curies":[{"name":"wp","href":"https:\/\/api.w.org\/{rel}","templated":true}]}}