{"id":1651,"date":"2020-05-13T22:38:38","date_gmt":"2020-05-13T19:38:38","guid":{"rendered":"https:\/\/www.topkodas.lt\/?post_type=product&#038;p=1651"},"modified":"2023-01-09T09:26:07","modified_gmt":"2023-01-09T07:26:07","slug":"android-and-iphone-apps-to-control-via-sms","status":"publish","type":"product","link":"https:\/\/topkodas.com\/lt\/product\/android-and-iphone-apps-to-control-via-sms\/","title":{"rendered":"Android and iPhone apps to control via SMS"},"content":{"rendered":"<p>A third-party Android or iPhone app allows you to control all our GSM modules by using SMS command templates.<\/p>\n<p>Apps can be downloaded here:<\/p>\n<table border=\"0\">\n<tbody>\n<tr>\n<td align=\"left\"><strong>Android<\/strong><\/td>\n<td align=\"left\">\n<div><img loading=\"lazy\" decoding=\"async\" title=\"android\" src=\"https:\/\/topkodas.com\/images\/android.png\" alt=\"android\" width=\"32\" height=\"32\" \/><\/div>\n<\/td>\n<td><\/td>\n<td align=\"left\"><strong>iOS<\/strong><\/td>\n<td><a title=\"Til app store\" href=\"https:\/\/topkodas.com\/\"><img loading=\"lazy\" decoding=\"async\" title=\"ios\" src=\"https:\/\/topkodas.com\/images\/ios.png\" alt=\"ios\" width=\"55\" height=\"32\" align=\"right\" \/><\/a><\/td>\n<\/tr>\n<tr>\n<td><a href=\"https:\/\/play.google.com\/store\/apps\/details?id=cc.kostic.GsmContrAll_free\">Remote Control SMS<\/a><\/td>\n<td>\u00a0<a href=\"https:\/\/play.google.com\/store\/apps\/details?id=cc.kostic.GsmContrAll_free\"><img loading=\"lazy\" decoding=\"async\" src=\"https:\/\/lh3.googleusercontent.com\/xRyZ4eNsuHgHocLGY50Q7SBwOOsuAdIcUcQZfNSfpgBmioqxjmjgloQQ5NlavaJ7LZnB=s180\" alt=\"https:\/\/lh3.googleusercontent.com\/xRyZ4eNsuHgHocLGY50Q7SBwOOsuAdIcUcQZfNSfpgBmioqxjmjgloQQ5NlavaJ7LZnB=s180\" width=\"32\" height=\"32\" \/><\/a><\/td>\n<td><\/td>\n<td><a href=\"https:\/\/itunes.apple.com\/us\/app\/remote-alarm-free\/id597899816?mt=8\">Remote Alarm (Free)<\/a><\/td>\n<td align=\"center\" valign=\"middle\">\u00a0<a href=\"https:\/\/itunes.apple.com\/us\/app\/remote-alarm-free\/id597899816?mt=8\"><img loading=\"lazy\" decoding=\"async\" title=\"iOS_remote_SMS\" src=\"https:\/\/topkodas.com\/images\/products\/iOS_remote_SMS.jpg\" alt=\"iOS_remote_SMS\" width=\"32\" height=\"32\" \/><\/a><\/td>\n<\/tr>\n<tr>\n<td><a href=\"https:\/\/play.google.com\/store\/apps\/details?id=com.argonremote.smstemplates\">SMS Templates (Plus)<\/a><\/td>\n<td>\u00a0<a href=\"https:\/\/play.google.com\/store\/apps\/details?id=com.argonremote.smstemplatespro&amp;rdid=com.argonremote.smstemplatespro\"><img loading=\"lazy\" decoding=\"async\" src=\"https:\/\/lh3.googleusercontent.com\/1xLL3fP-S2xmwFFJdn5KTgpjRrRDkcmRJfb2gmiz1YnpuA-zyShxf0Z6iUvqLa_GmVM=s180\" alt=\"Cover art\" width=\"32\" height=\"32\" \/><\/a><\/td>\n<td><\/td>\n<td><\/td>\n<td><\/td>\n<\/tr>\n<tr>\n<td><\/td>\n<td><\/td>\n<td><\/td>\n<td><\/td>\n<td><\/td>\n<\/tr>\n<\/tbody>\n<\/table>\n<p>&nbsp;<\/p>\n","protected":false},"excerpt":{"rendered":"<p>A third-party Android or iPhone app allows you to control all our GSM modules by using SMS command templates. Apps can be downloaded here: Android iOS Remote Control SMS \u00a0 Remote Alarm (Free) \u00a0 SMS Templates (Plus) \u00a0 &nbsp;<\/p>\n","protected":false},"featured_media":1662,"comment_status":"closed","ping_status":"closed","template":"","meta":{"_acf_changed":false,"inline_featured_image":false},"product_brand":[],"product_cat":[16],"product_tag":[],"class_list":{"0":"post-1651","1":"product","2":"type-product","3":"status-publish","4":"has-post-thumbnail","6":"product_cat-software-tools","8":"first","9":"instock","10":"shipping-taxable","11":"purchasable","12":"product-type-simple"},"acf":[],"yoast_head":"<!-- This site is optimized with the Yoast SEO Premium plugin v25.0 (Yoast SEO v27.1.1) - https:\/\/yoast.com\/product\/yoast-seo-premium-wordpress\/ -->\n<title>Android and iPhone apps to control via SMS - TOPKODAS<\/title>\n<meta name=\"description\" content=\"TOPKODAS Android and iPhone apps to control via SMS -\" \/>\n<meta name=\"robots\" content=\"index, follow, max-snippet:-1, max-image-preview:large, max-video-preview:-1\" \/>\n<link rel=\"canonical\" href=\"https:\/\/topkodas.com\/lt\/product\/android-and-iphone-apps-to-control-via-sms\/\" \/>\n<meta property=\"og:locale\" content=\"lt_LT\" \/>\n<meta property=\"og:type\" content=\"article\" \/>\n<meta property=\"og:title\" content=\"Android and iPhone apps to control via SMS\" \/>\n<meta property=\"og:description\" content=\"TOPKODAS Android and iPhone apps to control via SMS -\" \/>\n<meta property=\"og:url\" content=\"https:\/\/topkodas.com\/lt\/product\/android-and-iphone-apps-to-control-via-sms\/\" \/>\n<meta property=\"og:site_name\" content=\"TOPKODAS\" \/>\n<meta property=\"article:publisher\" content=\"https:\/\/www.facebook.com\/topkodas\/\" \/>\n<meta property=\"article:modified_time\" content=\"2023-01-09T07:26:07+00:00\" \/>\n<meta name=\"twitter:card\" content=\"summary_large_image\" \/>\n<meta name=\"twitter:site\" content=\"@topkodas\" \/>\n<meta name=\"twitter:label1\" content=\"Price\" \/>\n\t<meta name=\"twitter:data1\" content=\"&euro;0.00\" \/>\n\t<meta name=\"twitter:label2\" content=\"Availability\" \/>\n\t<meta name=\"twitter:data2\" content=\"In stock\" \/>\n<script type=\"application\/ld+json\" class=\"yoast-schema-graph\">{\"@context\":\"https:\/\/schema.org\",\"@graph\":[{\"@type\":\"WebPage\",\"@id\":\"https:\/\/topkodas.com\/lt\/product\/android-and-iphone-apps-to-control-via-sms\/\",\"url\":\"https:\/\/topkodas.com\/lt\/product\/android-and-iphone-apps-to-control-via-sms\/\",\"name\":\"Android and iPhone apps to control via SMS - TOPKODAS\",\"isPartOf\":{\"@id\":\"https:\/\/topkodas.com\/lt\/#website\"},\"primaryImageOfPage\":{\"@id\":\"https:\/\/topkodas.com\/lt\/product\/android-and-iphone-apps-to-control-via-sms\/#primaryimage\"},\"image\":{\"@id\":\"https:\/\/topkodas.com\/lt\/product\/android-and-iphone-apps-to-control-via-sms\/#primaryimage\"},\"thumbnailUrl\":\"https:\/\/topkodas.com\/wp-content\/uploads\/2020\/05\/native-app-5.svg.gzip-5.svg\",\"datePublished\":\"2020-05-13T19:38:38+00:00\",\"dateModified\":\"2023-01-09T07:26:07+00:00\",\"description\":\"TOPKODAS Android and iPhone apps to control via SMS -\",\"breadcrumb\":{\"@id\":\"https:\/\/topkodas.com\/lt\/product\/android-and-iphone-apps-to-control-via-sms\/#breadcrumb\"},\"inLanguage\":\"lt-LT\",\"potentialAction\":[{\"@type\":\"ReadAction\",\"target\":[\"https:\/\/topkodas.com\/lt\/product\/android-and-iphone-apps-to-control-via-sms\/\"]}]},{\"@type\":\"ImageObject\",\"inLanguage\":\"lt-LT\",\"@id\":\"https:\/\/topkodas.com\/lt\/product\/android-and-iphone-apps-to-control-via-sms\/#primaryimage\",\"url\":\"https:\/\/topkodas.com\/wp-content\/uploads\/2020\/05\/native-app-5.svg.gzip-5.svg\",\"contentUrl\":\"https:\/\/topkodas.com\/wp-content\/uploads\/2020\/05\/native-app-5.svg.gzip-5.svg\",\"width\":3000,\"height\":3000},{\"@type\":\"BreadcrumbList\",\"@id\":\"https:\/\/topkodas.com\/lt\/product\/android-and-iphone-apps-to-control-via-sms\/#breadcrumb\",\"itemListElement\":[{\"@type\":\"ListItem\",\"position\":1,\"name\":\"Home\",\"item\":\"https:\/\/topkodas.com\/lt\/\"},{\"@type\":\"ListItem\",\"position\":2,\"name\":\"Produktai\",\"item\":\"https:\/\/topkodas.com\/lt\/products\/\"},{\"@type\":\"ListItem\",\"position\":3,\"name\":\"Programin\u0117 \u012franga ir program\u0117l\u0117s\",\"item\":\"https:\/\/topkodas.com\/lt\/product-category\/software-tools-lt\/\"},{\"@type\":\"ListItem\",\"position\":4,\"name\":\"Android and iPhone apps to control via SMS\"}]},{\"@type\":\"WebSite\",\"@id\":\"https:\/\/topkodas.com\/lt\/#website\",\"url\":\"https:\/\/topkodas.com\/lt\/\",\"name\":\"TOPKODAS\",\"description\":\"Pra\u0117jimo kontrol\u0117, GSM komunikatorius, apsaugos central\u0117, GSM termostatas, automatikos, apsaugos, HVAC sprendimai.\",\"publisher\":{\"@id\":\"https:\/\/topkodas.com\/lt\/#organization\"},\"potentialAction\":[{\"@type\":\"SearchAction\",\"target\":{\"@type\":\"EntryPoint\",\"urlTemplate\":\"https:\/\/topkodas.com\/lt\/?s={search_term_string}\"},\"query-input\":{\"@type\":\"PropertyValueSpecification\",\"valueRequired\":true,\"valueName\":\"search_term_string\"}}],\"inLanguage\":\"lt-LT\"},{\"@type\":\"Organization\",\"@id\":\"https:\/\/topkodas.com\/lt\/#organization\",\"name\":\"TOPKODAS\",\"url\":\"https:\/\/topkodas.com\/lt\/\",\"logo\":{\"@type\":\"ImageObject\",\"inLanguage\":\"lt-LT\",\"@id\":\"https:\/\/topkodas.com\/lt\/#\/schema\/logo\/image\/\",\"url\":\"https:\/\/topkodas.com\/wp-content\/uploads\/2020\/03\/topkodas-logo.png\",\"contentUrl\":\"https:\/\/topkodas.com\/wp-content\/uploads\/2020\/03\/topkodas-logo.png\",\"width\":1920,\"height\":680,\"caption\":\"TOPKODAS\"},\"image\":{\"@id\":\"https:\/\/topkodas.com\/lt\/#\/schema\/logo\/image\/\"},\"sameAs\":[\"https:\/\/www.facebook.com\/topkodas\/\",\"https:\/\/x.com\/topkodas\",\"https:\/\/www.instagram.com\/topkodasuab\/\",\"https:\/\/www.linkedin.com\/company\/topkodas-uab\",\"https:\/\/www.pinterest.com\/Topkodas\/\",\"https:\/\/www.youtube.com\/channel\/UCPlDZ8Q4G2WM6wQQTgN4K3Q\"]}]}<\/script>\n<meta property=\"product:price:amount\" content=\"0.00\" \/>\n<meta property=\"product:price:currency\" content=\"EUR\" \/>\n<meta property=\"og:availability\" content=\"instock\" \/>\n<meta property=\"product:availability\" content=\"instock\" \/>\n<meta property=\"product:condition\" content=\"new\" \/>\n<!-- \/ Yoast SEO Premium plugin. -->","yoast_head_json":{"title":"Android and iPhone apps to control via SMS - TOPKODAS","description":"TOPKODAS Android and iPhone apps to control via SMS -","robots":{"index":"index","follow":"follow","max-snippet":"max-snippet:-1","max-image-preview":"max-image-preview:large","max-video-preview":"max-video-preview:-1"},"canonical":"https:\/\/topkodas.com\/lt\/product\/android-and-iphone-apps-to-control-via-sms\/","og_locale":"lt_LT","og_type":"article","og_title":"Android and iPhone apps to control via SMS","og_description":"TOPKODAS Android and iPhone apps to control via SMS -","og_url":"https:\/\/topkodas.com\/lt\/product\/android-and-iphone-apps-to-control-via-sms\/","og_site_name":"TOPKODAS","article_publisher":"https:\/\/www.facebook.com\/topkodas\/","article_modified_time":"2023-01-09T07:26:07+00:00","twitter_card":"summary_large_image","twitter_site":"@topkodas","twitter_misc":{"Price":"&euro;0.00","Availability":"In stock"},"schema":{"@context":"https:\/\/schema.org","@graph":[{"@type":"WebPage","@id":"https:\/\/topkodas.com\/lt\/product\/android-and-iphone-apps-to-control-via-sms\/","url":"https:\/\/topkodas.com\/lt\/product\/android-and-iphone-apps-to-control-via-sms\/","name":"Android and iPhone apps to control via SMS - TOPKODAS","isPartOf":{"@id":"https:\/\/topkodas.com\/lt\/#website"},"primaryImageOfPage":{"@id":"https:\/\/topkodas.com\/lt\/product\/android-and-iphone-apps-to-control-via-sms\/#primaryimage"},"image":{"@id":"https:\/\/topkodas.com\/lt\/product\/android-and-iphone-apps-to-control-via-sms\/#primaryimage"},"thumbnailUrl":"https:\/\/topkodas.com\/wp-content\/uploads\/2020\/05\/native-app-5.svg.gzip-5.svg","datePublished":"2020-05-13T19:38:38+00:00","dateModified":"2023-01-09T07:26:07+00:00","description":"TOPKODAS Android and iPhone apps to control via SMS -","breadcrumb":{"@id":"https:\/\/topkodas.com\/lt\/product\/android-and-iphone-apps-to-control-via-sms\/#breadcrumb"},"inLanguage":"lt-LT","potentialAction":[{"@type":"ReadAction","target":["https:\/\/topkodas.com\/lt\/product\/android-and-iphone-apps-to-control-via-sms\/"]}]},{"@type":"ImageObject","inLanguage":"lt-LT","@id":"https:\/\/topkodas.com\/lt\/product\/android-and-iphone-apps-to-control-via-sms\/#primaryimage","url":"https:\/\/topkodas.com\/wp-content\/uploads\/2020\/05\/native-app-5.svg.gzip-5.svg","contentUrl":"https:\/\/topkodas.com\/wp-content\/uploads\/2020\/05\/native-app-5.svg.gzip-5.svg","width":3000,"height":3000},{"@type":"BreadcrumbList","@id":"https:\/\/topkodas.com\/lt\/product\/android-and-iphone-apps-to-control-via-sms\/#breadcrumb","itemListElement":[{"@type":"ListItem","position":1,"name":"Home","item":"https:\/\/topkodas.com\/lt\/"},{"@type":"ListItem","position":2,"name":"Produktai","item":"https:\/\/topkodas.com\/lt\/products\/"},{"@type":"ListItem","position":3,"name":"Programin\u0117 \u012franga ir program\u0117l\u0117s","item":"https:\/\/topkodas.com\/lt\/product-category\/software-tools-lt\/"},{"@type":"ListItem","position":4,"name":"Android and iPhone apps to control via SMS"}]},{"@type":"WebSite","@id":"https:\/\/topkodas.com\/lt\/#website","url":"https:\/\/topkodas.com\/lt\/","name":"TOPKODAS","description":"Pra\u0117jimo kontrol\u0117, GSM komunikatorius, apsaugos central\u0117, GSM termostatas, automatikos, apsaugos, HVAC sprendimai.","publisher":{"@id":"https:\/\/topkodas.com\/lt\/#organization"},"potentialAction":[{"@type":"SearchAction","target":{"@type":"EntryPoint","urlTemplate":"https:\/\/topkodas.com\/lt\/?s={search_term_string}"},"query-input":{"@type":"PropertyValueSpecification","valueRequired":true,"valueName":"search_term_string"}}],"inLanguage":"lt-LT"},{"@type":"Organization","@id":"https:\/\/topkodas.com\/lt\/#organization","name":"TOPKODAS","url":"https:\/\/topkodas.com\/lt\/","logo":{"@type":"ImageObject","inLanguage":"lt-LT","@id":"https:\/\/topkodas.com\/lt\/#\/schema\/logo\/image\/","url":"https:\/\/topkodas.com\/wp-content\/uploads\/2020\/03\/topkodas-logo.png","contentUrl":"https:\/\/topkodas.com\/wp-content\/uploads\/2020\/03\/topkodas-logo.png","width":1920,"height":680,"caption":"TOPKODAS"},"image":{"@id":"https:\/\/topkodas.com\/lt\/#\/schema\/logo\/image\/"},"sameAs":["https:\/\/www.facebook.com\/topkodas\/","https:\/\/x.com\/topkodas","https:\/\/www.instagram.com\/topkodasuab\/","https:\/\/www.linkedin.com\/company\/topkodas-uab","https:\/\/www.pinterest.com\/Topkodas\/","https:\/\/www.youtube.com\/channel\/UCPlDZ8Q4G2WM6wQQTgN4K3Q"]}]},"product_price_amount":"0.00","product_price_currency":"EUR","og_availability":"instock","product_availability":"instock","product_condition":"new"},"_links":{"self":[{"href":"https:\/\/topkodas.com\/lt\/wp-json\/wp\/v2\/product\/1651","targetHints":{"allow":["GET"]}}],"collection":[{"href":"https:\/\/topkodas.com\/lt\/wp-json\/wp\/v2\/product"}],"about":[{"href":"https:\/\/topkodas.com\/lt\/wp-json\/wp\/v2\/types\/product"}],"replies":[{"embeddable":true,"href":"https:\/\/topkodas.com\/lt\/wp-json\/wp\/v2\/comments?post=1651"}],"wp:featuredmedia":[{"embeddable":true,"href":"https:\/\/topkodas.com\/lt\/wp-json\/wp\/v2\/media\/1662"}],"wp:attachment":[{"href":"https:\/\/topkodas.com\/lt\/wp-json\/wp\/v2\/media?parent=1651"}],"wp:term":[{"taxonomy":"product_brand","embeddable":true,"href":"https:\/\/topkodas.com\/lt\/wp-json\/wp\/v2\/product_brand?post=1651"},{"taxonomy":"product_cat","embeddable":true,"href":"https:\/\/topkodas.com\/lt\/wp-json\/wp\/v2\/product_cat?post=1651"},{"taxonomy":"product_tag","embeddable":true,"href":"https:\/\/topkodas.com\/lt\/wp-json\/wp\/v2\/product_tag?post=1651"}],"curies":[{"name":"wp","href":"https:\/\/api.w.org\/{rel}","templated":true}]}}